{"id":72308,"date":"2025-06-14T10:15:10","date_gmt":"2025-06-14T10:15:10","guid":{"rendered":"https:\/\/chargingshop.eu\/product\/alfen-eve-single-pro-line-22kw-med-uttag\/"},"modified":"2025-06-14T10:15:17","modified_gmt":"2025-06-14T10:15:17","slug":"alfen-eve-single-pro-line-22kw-med-uttag","status":"publish","type":"product","link":"https:\/\/chargingshop.eu\/sv\/produkt\/alfen-eve-single-pro-line-22kw-med-uttag\/","title":{"rendered":"Alfen Eve Single Pro Line 22kW med uttag"},"content":{"rendered":"<div class=\"video video-fit mb\" style=\"padding-top:56.25%;\"><p><iframe title=\"Alfen installatievideo Eve Single Pro-line (Nederlands) - Alfen Charging Equipment\" width=\"1020\" height=\"574\" src=\"https:\/\/www.youtube.com\/embed\/iq98ee6rMCM?feature=oembed\" frameborder=\"0\" allow=\"accelerometer; autoplay; clipboard-write; encrypted-media; gyroscope; picture-in-picture; web-share\" referrerpolicy=\"strict-origin-when-cross-origin\" allowfullscreen><\/iframe><\/p>\n<\/div>\n<p><strong>Alfen Eve Single Pro Line 22kW med uttag viktiga funktioner:<\/strong><\/p>\n<ul data-rte-list=\"default\">\n<li>\n<p class=\"\">Levererar upp till <strong> 22 kW AC-effekt<\/strong><\/p>\n<\/li>\n<li><strong>DC-l\u00e4ckageskydd<\/strong> &#8211; Denna station har ett inbyggt DC-l\u00e4ckageskydd som uppt\u00e4cker likstr\u00f6msl\u00e4ckage (DC) och stoppar det omedelbart. P\u00e5 s\u00e5 s\u00e4tt skyddas b\u00e5de elbilen och eln\u00e4tet fr\u00e5n eventuella elektriska fel eller skador. <\/li>\n<li><strong>Display<\/strong> &#8211; Anv\u00e4ndargr\u00e4nssnittet, med st\u00f6d f\u00f6r flera spr\u00e5k, \u00e4r enkelt att anv\u00e4nda och ger all n\u00f6dv\u00e4ndig information f\u00f6r b\u00e5de f\u00f6rstag\u00e5ngsanv\u00e4ndare och avancerade anv\u00e4ndare.<\/li>\n<li><strong>Appkontroll<\/strong> &#8211; Med appen kan du fj\u00e4rr\u00f6vervaka laddningsprocessen, st\u00e4lla in ett laddningsschema och visa laddningshistorik.<\/li>\n<li><strong>RFID<\/strong> &#8211; Laddstationen \u00e4r utrustad med en funktion f\u00f6r anv\u00e4ndaridentifiering med hj\u00e4lp av RFID (fysisk token) eller Charged-appen.<br \/>\nPro-line-modellen har \u00e4ven en integrerad display p\u00e5 laddstationen f\u00f6r \u00f6vervakning av laddningsprocessen.<\/li>\n<\/ul>\n<p>DATABLAD:<\/p>\n<p><strong><a href=\"https:\/\/chargingshop.eu\/wp-content\/uploads\/2025\/01\/Alfen-Eve-Single-Pro-Line_DATASHEET.pdf\">Alfen-Eve-Single-Pro-Line_DATASHEET<\/a><\/strong><\/p>\n","protected":false},"excerpt":{"rendered":"<div class=\"flex-shrink-0 flex flex-col relative items-end\">\n<div class=\"pt-0\">\n<div class=\"gizmo-bot-avatar flex h-8 w-8 items-center justify-center overflow-hidden rounded-full\">\n<div class=\"relative p-1 rounded-sm flex items-center justify-center bg-token-main-surface-primary text-token-text-primary h-8 w-8\">Alfen Eve Single Pro-line 22 kW 3-fas laddstation med DISPLAY &#8211; en premiuml\u00f6sning f\u00f6r s\u00e4ker och tillf\u00f6rlitlig laddning i hemmet eller p\u00e5 offentliga platser.<\/div>\n<div>OCPP-kompatibel kan d\u00e4rf\u00f6r anslutas till onlineplattformen \u201cCharged\u201d (back-end) och d\u00e4rmed styras via en mobilapp.<\/div>\n<\/div>\n<\/div>\n<\/div>\n<p>&nbsp;<\/p>\n","protected":false},"featured_media":0,"comment_status":"open","ping_status":"closed","template":"","meta":[],"product_brand":[],"product_cat":[231],"product_tag":[1587],"class_list":{"0":"post-72308","1":"product","2":"type-product","3":"status-publish","5":"product_cat-wallbox-chargers-sv","6":"product_tag-etrel-inch-pro-sv","7":"pa_brand-alfen-sv","9":"first","10":"instock","11":"sale","12":"taxable","13":"shipping-taxable","14":"purchasable","15":"product-type-simple"},"_links":{"self":[{"href":"https:\/\/chargingshop.eu\/sv\/wp-json\/wp\/v2\/product\/72308","targetHints":{"allow":["GET"]}}],"collection":[{"href":"https:\/\/chargingshop.eu\/sv\/wp-json\/wp\/v2\/product"}],"about":[{"href":"https:\/\/chargingshop.eu\/sv\/wp-json\/wp\/v2\/types\/product"}],"replies":[{"embeddable":true,"href":"https:\/\/chargingshop.eu\/sv\/wp-json\/wp\/v2\/comments?post=72308"}],"wp:attachment":[{"href":"https:\/\/chargingshop.eu\/sv\/wp-json\/wp\/v2\/media?parent=72308"}],"wp:term":[{"taxonomy":"product_brand","embeddable":true,"href":"https:\/\/chargingshop.eu\/sv\/wp-json\/wp\/v2\/product_brand?post=72308"},{"taxonomy":"product_cat","embeddable":true,"href":"https:\/\/chargingshop.eu\/sv\/wp-json\/wp\/v2\/product_cat?post=72308"},{"taxonomy":"product_tag","embeddable":true,"href":"https:\/\/chargingshop.eu\/sv\/wp-json\/wp\/v2\/product_tag?post=72308"}],"curies":[{"name":"wp","href":"https:\/\/api.w.org\/{rel}","templated":true}]}}