{"id":72299,"date":"2025-06-14T10:15:00","date_gmt":"2025-06-14T10:15:00","guid":{"rendered":"https:\/\/chargingshop.eu\/product\/portabel-laddare-med-display-kontrollbox-74-kw-1x32a-type2-cee-bla-32a-x-1-fas-5m\/"},"modified":"2025-06-14T10:15:00","modified_gmt":"2025-06-14T10:15:00","slug":"portabel-laddare-med-display-kontrollbox-74-kw-1x32a-type2-cee-bla-32a-x-1-fas-5m","status":"publish","type":"product","link":"https:\/\/chargingshop.eu\/sv\/produkt\/portabel-laddare-med-display-kontrollbox-74-kw-1x32a-type2-cee-bla-32a-x-1-fas-5m\/","title":{"rendered":"portabel laddare med DISPLAY-kontrollbox 7,4 kW (1X32A), TYPE2-CEE bl\u00e5, 32A x 1 fas, 5m"},"content":{"rendered":"<p>B\u00e4rbar laddningsl\u00f6sning av h\u00f6gsta kvalitet. St\u00f6djer 3-fas 32A-laddning (upp till 7,4 kW).<\/p>\n<p>Industriuttag &#8211; CEE 32A \/ 5PIN \u00e4r det bekv\u00e4maste s\u00e4ttet att ladda ditt elfordon, var du \u00e4n befinner dig.<\/p>\n<ul>\n<li>S\u00e4kerhet i toppklass och anv\u00e4ndarv\u00e4nlighet<\/li>\n<li>Display f\u00f6r str\u00f6mstyrning med knappar 2,8-tums LCD<\/li>\n<li>Indikerar problem (efter inkoppling och under laddning) med l\u00e4mplig felkod:\n<ul>\n<li>Stigande temperaturer eller \u00f6verhettning i enheten eller CEE-uttaget<\/li>\n<li>Kopplingselement som sm\u00e4lts av v\u00e4rme eller defekta transistorbrytare<\/li>\n<li>Detektering av \u00f6versp\u00e4nning eller undersp\u00e4nning<\/li>\n<li>Kontroll av PE- och N-ledningar<\/li>\n<li><strong><a href=\"https:\/\/en.wikipedia.org\/wiki\/Residual-current_device\" target=\"_blank\" rel=\"noopener noreferrer\">L\u00e4ckstr\u00f6msdetektering<\/a> &#8211;<\/strong> fordonet kopplas bort vid l\u00e4ckagedetektering (30 mA AC, 6 mA DC)<\/li>\n<li>Laddningsl\u00e4ge som inte st\u00f6ds<\/li>\n<li>Skydd mot jordfelsbrytare: TypA+DC6 mA;<\/li>\n<li>Skyddsklass: IP55\u3001IK10<\/li>\n<li>arbetstemperatur: -30 \u2103 \uff5e +50 \u2103<\/li>\n<li>Skyddsfunktioner: \u00d6versp\u00e4nningsskydd, undersp\u00e4nningsskydd, jordningsskydd, blixtskydd, l\u00e4ckageskydd, flamskydd, \u00f6verstr\u00f6msskydd, intelligent temperaturregleringsskydd etc.<\/li>\n<\/ul>\n<\/li>\n<li>Inst\u00e4llningsfunktion f\u00f6r maximal laddstr\u00f6m &#8211; f\u00f6rdelaktigt f\u00f6r bilar som inte kan g\u00f6ra detta p\u00e5 egen hand (inst\u00e4llningen g\u00f6rs helt enkelt genom att trycka p\u00e5 en knapp)<\/li>\n<li>Det solida h\u00f6ljet f\u00f6r elektroniken med<strong> IP55 \/ IK10-skydd<\/strong> klarar regn.<\/li>\n<\/ul>\n<div class=\"magic-6\" data-spm-anchor-id=\"a2700.details.0.i35.4a137780bRdriA\"><\/div>\n","protected":false},"excerpt":{"rendered":"<p><strong>Kraftfull portabel &amp;<\/strong> <strong>smart kabel<\/strong> med styrelektronik f\u00f6r laddning av elbilar fr\u00e5n CEE 32A-uttag med en maximal effekt p\u00e5 upp till 7,4 kW<strong> (1x32A, 240V).<\/strong><\/p>\n","protected":false},"featured_media":0,"comment_status":"open","ping_status":"closed","template":"","meta":[],"product_brand":[],"product_cat":[256],"product_tag":[],"class_list":{"0":"post-72299","1":"product","2":"type-product","3":"status-publish","5":"product_cat-tillbehor-laddningskabel","7":"first","8":"instock","9":"sale","10":"taxable","11":"shipping-taxable","12":"purchasable","13":"product-type-simple"},"_links":{"self":[{"href":"https:\/\/chargingshop.eu\/sv\/wp-json\/wp\/v2\/product\/72299","targetHints":{"allow":["GET"]}}],"collection":[{"href":"https:\/\/chargingshop.eu\/sv\/wp-json\/wp\/v2\/product"}],"about":[{"href":"https:\/\/chargingshop.eu\/sv\/wp-json\/wp\/v2\/types\/product"}],"replies":[{"embeddable":true,"href":"https:\/\/chargingshop.eu\/sv\/wp-json\/wp\/v2\/comments?post=72299"}],"wp:attachment":[{"href":"https:\/\/chargingshop.eu\/sv\/wp-json\/wp\/v2\/media?parent=72299"}],"wp:term":[{"taxonomy":"product_brand","embeddable":true,"href":"https:\/\/chargingshop.eu\/sv\/wp-json\/wp\/v2\/product_brand?post=72299"},{"taxonomy":"product_cat","embeddable":true,"href":"https:\/\/chargingshop.eu\/sv\/wp-json\/wp\/v2\/product_cat?post=72299"},{"taxonomy":"product_tag","embeddable":true,"href":"https:\/\/chargingshop.eu\/sv\/wp-json\/wp\/v2\/product_tag?post=72299"}],"curies":[{"name":"wp","href":"https:\/\/api.w.org\/{rel}","templated":true}]}}