{"id":72291,"date":"2025-06-14T10:14:52","date_gmt":"2025-06-14T10:14:52","guid":{"rendered":"https:\/\/chargingshop.eu\/product\/sungrow-idc-180e-kw-120-150-180kw-laddare\/"},"modified":"2025-06-14T10:14:52","modified_gmt":"2025-06-14T10:14:52","slug":"sungrow-idc-180e-kw-120-150-180kw-laddare","status":"publish","type":"product","link":"https:\/\/chargingshop.eu\/sv\/produkt\/sungrow-idc-180e-kw-120-150-180kw-laddare\/","title":{"rendered":"Sungrow IDC 180E kW 120\/150\/180kW laddare"},"content":{"rendered":"<h2>Sungrow IDC 180E kW 120\/150\/180kW laddare<\/h2>\n<ul class=\"prtextlist prtext m0aoto ovh ani swiper-slide-active\">\n<li class=\"MonLight f16 pt-page-delay100 animated fadeInUp\">\n<div class=\"f20 MonRegular ce97702\">P\u00c5LITLIG OCH S\u00c4KER<\/div>\n<p>IP65-skydd och C5-korrosionsskydd<\/p>\n<p>L\u00e5ng livsl\u00e4ngd \u00f6ver 10 \u00e5r<\/p>\n<p>Enkelt underh\u00e5ll utan byte av dammfiltermatta<\/p>\n<p>Egenutvecklade och egentillverkade kraftmoduler<\/li>\n<li class=\"MonLight f16 pt-page-delay300 animated fadeInUp\">\n<div class=\"f20 MonRegular ce97702\">ANV\u00c4NDARV\u00c4NLIG<\/div>\n<p>St\u00f6d f\u00f6r flera autentiserings- och betalningsalternativ<\/p>\n<p>System f\u00f6r hantering av laddningskablar f\u00f6r b\u00e4sta m\u00f6jliga anv\u00e4ndarupplevelse<\/li>\n<li class=\"MonLight f16 pt-page-delay500 animated fadeInUp\">\n<div class=\"f20 MonRegular ce97702\">EFFEKTIV OCH SMART<\/div>\n<p>Max. effektivitet upp till 96,5%. <\/p>\n<p>Dynamisk laststyrning f\u00f6r optimerad laddning av elbilar<\/li>\n<li class=\"MonLight f16 pt-page-delay700 animated fadeInUp\">\n<div class=\"f20 MonRegular ce97702\">FLEXIBEL TILL\u00c4MPNING<\/div>\n<p>Adaptivt sp\u00e4nningsomr\u00e5de 200-920Vdc<\/p>\n<p>Kompatibilitet med reserverat PV-ESS-system<\/li>\n<\/ul>\n<div>Produktens f\u00f6rdelar:<\/div>\n<div>&#8211; Tv\u00e5 laddpunkter med dynamisk lastf\u00f6rdelning<\/div>\n<div>&#8211; Bekv\u00e4m 10&#8243; peksk\u00e4rm<\/div>\n<div>&#8211; Design i \u00f6verensst\u00e4mmelse med kalibreringslagen<\/div>\n<div><\/div>\n<div>Produktens egenskaper:<\/div>\n<div>&#8211; Laddningskapacitet per laddningsstation: 90 kW<\/div>\n<div>&#8211; Antal laddningsstationer: 2<\/div>\n<div>&#8211; DC-anslutning: CCS2<\/div>\n<div>&#8211; L\u00e4ngd p\u00e5 laddningskabeln: 5.0 m<\/div>\n<div>&#8211; DC-\u00f6verskottsladdning: nej<\/div>\n<div>&#8211; AC-anslutning: 400V, 3-fas<\/div>\n<div>&#8211; \u00c5tkomstkontroll: PTB \/ kalibreringslag<\/div>\n<div>&#8211; Kommunikation: Ethernet, 2G, 3G, 4G, Bluetooth<\/div>\n<div>&#8211; Protokoll: OCPP 2.0.1<\/div>\n<div>&#8211; Dimensioner: 2000 x 900 x 750 mm (HxBxD)<\/div>\n<div>&#8211; Skyddsklass: IP65<\/div>\n<div>&#8211; Vikt: 450,0 kg<\/div>\n<div><\/div>\n<div><a href=\"https:\/\/chargingshop.eu\/wp-content\/uploads\/2024\/12\/DS_20241022_IDC180E_Datasheet_V3_EN.pdf\">DS_20241022_IDC180E_Datasheet_V3_EN<\/a><\/div>\n","protected":false},"excerpt":{"rendered":"<p>Med IDC180E erbjuder Sungrow nu \u00e4ven en DC-laddare f\u00f6r offentlig anv\u00e4ndning. De tv\u00e5 laddningspunkterna med flexibel kabelhantering och en laddningskapacitet p\u00e5 upp till 180 kW kan aktiveras via en app, RFID eller betalterminalen, beroende p\u00e5 version. Det \u00e4r m\u00f6jligt att utf\u00f6ra effektm\u00e4tningen med en m\u00e4tare som uppfyller lagstadgade metrologiska f\u00f6reskrifter. Laddaren \u00e4r kompatibel med alla aktuella fordonsmodeller.   <\/p>\n","protected":false},"featured_media":0,"comment_status":"closed","ping_status":"closed","template":"","meta":[],"product_brand":[],"product_cat":[315],"product_tag":[],"class_list":{"0":"post-72291","1":"product","2":"type-product","3":"status-publish","5":"product_cat-dc-chargers-sv","6":"pa_brand-wallbox-sv","8":"first","9":"instock","10":"sale","11":"taxable","12":"shipping-taxable","13":"purchasable","14":"product-type-simple"},"_links":{"self":[{"href":"https:\/\/chargingshop.eu\/sv\/wp-json\/wp\/v2\/product\/72291","targetHints":{"allow":["GET"]}}],"collection":[{"href":"https:\/\/chargingshop.eu\/sv\/wp-json\/wp\/v2\/product"}],"about":[{"href":"https:\/\/chargingshop.eu\/sv\/wp-json\/wp\/v2\/types\/product"}],"replies":[{"embeddable":true,"href":"https:\/\/chargingshop.eu\/sv\/wp-json\/wp\/v2\/comments?post=72291"}],"wp:attachment":[{"href":"https:\/\/chargingshop.eu\/sv\/wp-json\/wp\/v2\/media?parent=72291"}],"wp:term":[{"taxonomy":"product_brand","embeddable":true,"href":"https:\/\/chargingshop.eu\/sv\/wp-json\/wp\/v2\/product_brand?post=72291"},{"taxonomy":"product_cat","embeddable":true,"href":"https:\/\/chargingshop.eu\/sv\/wp-json\/wp\/v2\/product_cat?post=72291"},{"taxonomy":"product_tag","embeddable":true,"href":"https:\/\/chargingshop.eu\/sv\/wp-json\/wp\/v2\/product_tag?post=72291"}],"curies":[{"name":"wp","href":"https:\/\/api.w.org\/{rel}","templated":true}]}}