{"id":72281,"date":"2025-06-14T10:14:42","date_gmt":"2025-06-14T10:14:42","guid":{"rendered":"https:\/\/chargingshop.eu\/product\/byd-hvs-5-1-fronius-symo-gen24-10-0-plus-hybridvaxelriktare\/"},"modified":"2025-06-14T10:14:46","modified_gmt":"2025-06-14T10:14:46","slug":"byd-hvs-5-1-fronius-symo-gen24-10-0-plus-hybridvaxelriktare","status":"publish","type":"product","link":"https:\/\/chargingshop.eu\/sv\/produkt\/byd-hvs-5-1-fronius-symo-gen24-10-0-plus-hybridvaxelriktare\/","title":{"rendered":"BYD HVS 5.1 + Fronius Symo GEN24 10.0 Plus hybridv\u00e4xelriktare"},"content":{"rendered":"<p>BYD HVS 5.1 + Fronius Symo GEN24 10.0 Plus hybridv\u00e4xelriktare<\/p>\n<p>SET INKLUDERAR:<\/p>\n<p>1 x Fronius Symo GEN24 10.0 Plus hybridv\u00e4xelriktare<\/p>\n<p>1 x BYD Premium HV BCU+bas<\/p>\n<p>1 x BYD Battery-Box Premium HVS (25Ah) &#8211; Modul<\/p>\n<p>1 x Fronius Smart Meter 63A-3<\/p>\n<p>BYD HVS 5.1<\/p>\n<p>Fronius Symo GEN24 10.0 Plus Hybrid Solar Inverter<br \/>\nHybridv\u00e4xelriktare med individuell reservkraft<\/p>\n<p>Denna hybridv\u00e4xelriktare kan drivas med eller utan batteri. Fronius Symo GEN24 Plus ger d\u00e4rmed h\u00f6gsta m\u00f6jliga leveranss\u00e4kerhet f\u00f6r hemmabruk. <\/p>\n<p>Den innovativa Fronius Symo GEN24 10.0 Plus erbjuder f\u00f6r f\u00f6rsta g\u00e5ngen en grundl\u00e4ggande n\u00f6dstr\u00f6msf\u00f6rs\u00f6rjning. Detta inneb\u00e4r att du har en backup \u00e4ven om du inte k\u00f6per ett batteri tillsammans. Men f\u00f6r de kunder som redan har ett batteri erbjuder Fronius Symo GEN24 en fullst\u00e4ndig reservl\u00f6sning (en bepr\u00f6vad l\u00f6sning) som kan f\u00f6rse hela hush\u00e5llet med n\u00f6dstr\u00f6m.<\/p>\n<div class=\"video video-fit mb\" style=\"padding-top:56.25%;\"><p><iframe title=\"Spotlight: Fronius GEN24 Plus - uniquely versatile\" width=\"1020\" height=\"574\" src=\"https:\/\/www.youtube.com\/embed\/fQ3dTXs3Q2U?feature=oembed\" frameborder=\"0\" allow=\"accelerometer; autoplay; clipboard-write; encrypted-media; gyroscope; picture-in-picture; web-share\" referrerpolicy=\"strict-origin-when-cross-origin\" allowfullscreen><\/iframe><\/p>\n<\/div>\n<p>Fronius hybridv\u00e4xelriktare GEN24 Plus \u00e4r d\u00e4rf\u00f6r den perfekta l\u00f6sningen f\u00f6r olika anv\u00e4ndningsfall och kundkrav. Den \u00e4r l\u00e4mplig f\u00f6r de kunder som redan har ett batteri fr\u00e5n dag ett. Fronius Ohmpilot-system g\u00f6r det m\u00f6jligt att anv\u00e4nda solcellsenergi f\u00f6r att v\u00e4rma varmvatten i hemmet. Du kan ocks\u00e5 v\u00e4lja att integrera PV-systemet i ett hemautomationspaket. Fronius GEN24 Plus \u00e4r en universell l\u00f6sning och kommer alltid att vara det r\u00e4tta valet &#8211; f\u00f6r nya system och \u00e4ven vid uppgradering och utbyggnad av befintliga solcellssystem.    <\/p>\n<p>Fronius omriktare i GEN24-serien \u00e4r dessutom mycket enkla och l\u00e4tta att installera, drifts\u00e4tta och serva. Den \u00e4r universell och kan anv\u00e4ndas i alla typer av system. Fronius GEN24-serien st\u00f6der redan bepr\u00f6vad Fronius-teknik, t.ex. SuperFlex Design, som ocks\u00e5 finns i Primo GEN24 Plus och Symo GEN24 Plus &#8211; enheter som erbjuder idealiska lagringsl\u00f6sningar f\u00f6r enfas- och stora trefassystem.  <\/p>\n<p>Kompatibla batterier:<\/p>\n<p>BYD Battery-Box Premium HVS 5,1<br \/>\nBYD Battery-Box Premium HVS 7,7<br \/>\nBYD Battery-Box Premium HVS 10,2<br \/>\nBYD Battery-Box Premium HVM 11,0<br \/>\nBYD Battery-Box Premium HVM 13,8<br \/>\nBYD Battery-Box Premium HVM 16,6<br \/>\nBYD Battery-Box Premium HVM 19,3<br \/>\nBYD Battery-Box Premium HVM 22,1<\/p>\n<p><a href=\"https:\/\/chargingshop.eu\/wp-content\/uploads\/2022\/12\/Fronius_Symo_GEN24_Plus_Datasheet.pdf\">Fronius_Symo_GEN24_Plus_Datablad<\/a><\/p>\n<h3><strong>Huvudspecifikationer:<\/strong><\/h3>\n<p>N\u00e4tanslutning (sp\u00e4nningsomr\u00e5de):3~NPE 400 V \/ 230 V eller 3~NPE 380 V \/ 220 V (+ 20 % \/ &#8211; 30 %)<\/p>\n<p>Omgivningstemperatur 0 till 50 grader Celsius<\/p>\n<p>Max. ing\u00e5ngsstr\u00f6m (Idc max MPPT1 \/ MPPT2) 25 A \/ 12,5 A <\/p>\n<p>Frekvensomr\u00e5de 50 Hz \/ 60 Hz (45 Hz &#8211; 66 Hz)<\/p>\n<p>Effekt 10 KW<\/p>\n<p>Nominell uteffekt PV Point \/ full backup 3.000 VA \/ 10.000 VA <\/p>\n<p>IP-klassning IP66<\/p>\n","protected":false},"excerpt":{"rendered":"<p>SUPER SALE UNITIL 10 FEB 2025 ELLER L\u00c4NGE LAGREN LEVERERAS!<\/p>\n<p>BYD HVS 5.1 + Fronius Symo GEN24 10.0 Plus hybridinverter<\/p>\n<p>SET INNEH\u00c5LLER:<\/p>\n<p>1 x Fronius Symo GEN24 10.0 Plus hybridinverter<\/p>\n<p>1 x BYD Premium HV BCU+Base<\/p>\n<p>1 x BYD Battery-Box Premium HVS (25Ah) &#8211; Modul<\/p>\n<p>1 x Fronius Smart Meter 63A-3<\/p>\n<p>&nbsp;<\/p>\n","protected":false},"featured_media":0,"comment_status":"open","ping_status":"closed","template":"","meta":[],"product_brand":[],"product_cat":[823],"product_tag":[],"class_list":{"0":"post-72281","1":"product","2":"type-product","3":"status-publish","5":"product_cat-solar-panels-sv","6":"pa_brand-fronius-sv","8":"first","9":"instock","10":"taxable","11":"shipping-taxable","12":"purchasable","13":"product-type-simple"},"_links":{"self":[{"href":"https:\/\/chargingshop.eu\/sv\/wp-json\/wp\/v2\/product\/72281","targetHints":{"allow":["GET"]}}],"collection":[{"href":"https:\/\/chargingshop.eu\/sv\/wp-json\/wp\/v2\/product"}],"about":[{"href":"https:\/\/chargingshop.eu\/sv\/wp-json\/wp\/v2\/types\/product"}],"replies":[{"embeddable":true,"href":"https:\/\/chargingshop.eu\/sv\/wp-json\/wp\/v2\/comments?post=72281"}],"wp:attachment":[{"href":"https:\/\/chargingshop.eu\/sv\/wp-json\/wp\/v2\/media?parent=72281"}],"wp:term":[{"taxonomy":"product_brand","embeddable":true,"href":"https:\/\/chargingshop.eu\/sv\/wp-json\/wp\/v2\/product_brand?post=72281"},{"taxonomy":"product_cat","embeddable":true,"href":"https:\/\/chargingshop.eu\/sv\/wp-json\/wp\/v2\/product_cat?post=72281"},{"taxonomy":"product_tag","embeddable":true,"href":"https:\/\/chargingshop.eu\/sv\/wp-json\/wp\/v2\/product_tag?post=72281"}],"curies":[{"name":"wp","href":"https:\/\/api.w.org\/{rel}","templated":true}]}}