{"id":72259,"date":"2025-06-14T10:14:00","date_gmt":"2025-06-14T10:14:00","guid":{"rendered":"https:\/\/chargingshop.eu\/product\/v2c-trydan-22kw-pro-rfid-4g-sim-inkl-display-typ-2-spring-kabel-svart\/"},"modified":"2025-06-14T10:14:09","modified_gmt":"2025-06-14T10:14:09","slug":"v2c-trydan-22kw-pro-rfid-4g-sim-inkl-display-typ-2-spring-kabel-svart","status":"publish","type":"product","link":"https:\/\/chargingshop.eu\/sv\/produkt\/v2c-trydan-22kw-pro-rfid-4g-sim-inkl-display-typ-2-spring-kabel-svart\/","title":{"rendered":"V2C Trydan 22kW PRO &#8211; RFID, 4G SIM inkl, Display, Typ 2 SPRING-kabel, Svart"},"content":{"rendered":"<div class=\"elementor-element elementor-element-6d87fa2 elementor-widget elementor-widget-heading\" data-id=\"6d87fa2\" data-element_type=\"widget\" data-widget_type=\"heading.default\">\n<div class=\"elementor-widget-container\">\n<p>V2C Trydan 22kW PRO med SPRING CABLE &#8211; Innovativ och intelligent laddning p\u00e5 jobbet, hemma och den ultimata anv\u00e4ndar- och laddningskontrollen med app eller webbdashboard.<br \/>\n4G SIM-kort ing\u00e5r f\u00f6r oavbruten uppkoppling!<br \/>\nRFID &#8211; standard f\u00f6r hantering av anv\u00e4ndar\u00e5tkomst!<\/p>\n<h4 class=\"elementor-heading-title elementor-size-default\">Trydan \u00e4r en synonym f\u00f6r <b><i>Tri &#8211; <\/i>anslutning<\/b><\/h4>\n<\/div>\n<\/div>\n<div class=\"elementor-element elementor-element-3efa5b8a elementor-position-left elementor-view-default elementor-vertical-align-top elementor-widget elementor-widget-icon-box\" data-id=\"3efa5b8a\" data-element_type=\"widget\" data-widget_type=\"icon-box.default\">\n<div class=\"elementor-widget-container\">\n<div class=\"elementor-icon-box-wrapper\">\n<div class=\"elementor-icon-box-content\">\n<h4 class=\"elementor-icon-box-title\"><em>Anslut till din telefon.<\/em><\/h4>\n<p>Njut av alla f\u00f6rdelar med V2C Cloud-appen som ansluter via WiFi eller Bluetooth: kontrollera laddningen, kontrollera statistik och schemal\u00e4gg enligt dina behov.<\/p>\n<\/div>\n<\/div>\n<\/div>\n<\/div>\n<div class=\"elementor-element elementor-element-5f394a06 elementor-position-left elementor-view-default elementor-vertical-align-top elementor-widget elementor-widget-icon-box\" data-id=\"5f394a06\" data-element_type=\"widget\" data-widget_type=\"icon-box.default\">\n<div class=\"elementor-widget-container\">\n<div class=\"elementor-icon-box-wrapper\">\n<h4 class=\"elementor-icon-box-title\"><em>Anslut till Alexa.<\/em><\/h4>\n<p class=\"elementor-icon-box-title\">T\u00e4nk dig att s\u00e4ga \u201cAlexa, b\u00f6rja ladda min elbil\u201d. Med Trydan \u00e4r det verklighet. Din r\u00f6st skickar in order och Alexa utf\u00f6r dem.  <\/p>\n<\/div>\n<\/div>\n<\/div>\n<div class=\"elementor-element elementor-element-49f5b55a elementor-position-left elementor-view-default elementor-vertical-align-top elementor-widget elementor-widget-icon-box\" data-id=\"49f5b55a\" data-element_type=\"widget\" data-widget_type=\"icon-box.default\">\n<div class=\"elementor-widget-container\">\n<div class=\"elementor-icon-box-wrapper\">\n<h4 class=\"elementor-icon-box-title\"><strong><em>Anslut till solcellsv\u00e4xelriktare och ladda solcellsproducerad str\u00f6m till din elbil<\/em><\/strong><\/h4>\n<div class=\"elementor-icon-box-content\">\n<p class=\"elementor-icon-box-description\">Trydan har det mest kompletta integrationssystemet f\u00f6r solceller, vilket g\u00f6r att du kan ladda direkt fr\u00e5n solkraftverket.  <span style=\"font-size: 14.4px;\">En EV-laddare med solenergi fungerar s\u00e5 att du kan anv\u00e4nda ditt \u00f6verskott av solenergi f\u00f6r att ladda din EV direkt. Det betyder GRATIS energi f\u00f6r att driva din elbil! <\/span><\/p>\n<p>  Solar EV Charger \u00e4r enkel att installera och anv\u00e4nda, vilket \u00f6kar avkastningen p\u00e5 investeringen (ROI) f\u00f6r dina paneler och elfordon. Men oroa dig inte om du inte har solpaneler eftersom EV Charger fortfarande fungerar som en konventionell laddare som anv\u00e4nder eln\u00e4tets str\u00f6m. <\/p>\n<p>* Trydan \u00e4r kompatibel med alla solcellsv\u00e4xelriktare. Tr\u00e5dl\u00f6st uppr\u00e4ttar den en direkt anslutning till <strong>GoodWe<\/strong>, <strong>Fronius<\/strong>, <strong>Huawei,<\/strong> <strong>Ingeteam<\/strong>, <strong>Kostal<\/strong>,<strong> SolarEdge<\/strong>,<strong> SolaX<\/strong>, <strong>Victron<\/strong> och <strong>Shelly- <\/strong>och<strong> Wibeee-m\u00e4tare<\/strong>. <\/p>\n<\/div>\n<\/div>\n<\/div>\n<\/div>\n<p>&nbsp;<\/p>\n<div class=\"video video-fit mb\" style=\"padding-top:56.25%;\"><p><iframe title=\"Trydan Pro - The perfect evolution\" width=\"1020\" height=\"574\" src=\"https:\/\/www.youtube.com\/embed\/TSnKat2HRcU?feature=oembed\" frameborder=\"0\" allow=\"accelerometer; autoplay; clipboard-write; encrypted-media; gyroscope; picture-in-picture; web-share\" referrerpolicy=\"strict-origin-when-cross-origin\" allowfullscreen><\/iframe><\/p>\n<\/div>\n<p>&nbsp;<\/p>\n<h3><strong><em>Viktiga funktioner<\/em><\/strong><\/h3>\n<p class=\"elementor-icon-box-title\">Dynamic Load Management &#8211; identifierar den totala energif\u00f6rbrukningen i realtid och justerar laddningen f\u00f6r att undvika \u00f6verbelastning.<\/p>\n<p class=\"elementor-icon-box-title\">Home Assistant-integration &#8211; enast\u00e5ende laddningsupplevelse tack vare kompatibilitet med hemautomationssystem.<\/p>\n<p class=\"elementor-icon-box-title\"><strong>Gr\u00e4nsl\u00f6s anslutning<\/strong> &#8211; Trydan \u00e4r den enda e-laddaren som ger full kontroll via Telegram-appen tack vare V2C Bot. St\u00f6der kommunikation via <strong>OCPP<\/strong>. Trydan inneh\u00e5ller ocks\u00e5 <strong>OPEN API<\/strong> f\u00f6r utvecklare.  <\/p>\n<h3>V2C moln<\/h3>\n<p>Laddningsupplevelsen h\u00f6jdes till h\u00f6gsta niv\u00e5.<\/p>\n<p>Programmera laddningen i den tidslucka som du v\u00e4ljer f\u00f6r att maximera besparingarna.<\/p>\n<p>Aktivera eller avaktivera laddningen, v\u00e4lj intensitet, blockera anv\u00e4ndningen av laddaren och se all statistik fr\u00e5n V2C Cloud.<\/p>\n<h3><strong>Specifikationer &#8211; modell TRY32-3-L5-M<\/strong><\/h3>\n<ul>\n<li>Monteringsplats inomhus och utomhus<\/li>\n<li>Utg\u00e5ende effekt: 22 kW (3-fas)<\/li>\n<li>Nominell matningssp\u00e4nning: 230V AC enfas eller 400V AC trefas (+\/- 10%)<\/li>\n<li>Leveransfrekvens: 50\/60 Hz<\/li>\n<li>F\u00e4rg: svart<\/li>\n<li>Typ 2 utg\u00e5ngskabel, 5m<\/li>\n<li>M\u00e4rkstr\u00f6m: 32 A max<\/li>\n<li>LED med grafisk display<\/li>\n<li>Str\u00f6mf\u00f6rbrukning i standby: 3W<\/li>\n<li>Drifttemperatur: -25\u00b0C till +50\u00b0C<\/li>\n<li>RFID f\u00f6r kontroll av anv\u00e4ndar\u00e5tkomst<\/li>\n<\/ul>\n<p>&nbsp;<\/p>\n<p>&nbsp;<\/p>\n","protected":false},"excerpt":{"rendered":"<p>Den nya V2C Trydan PRO \u00e4r h\u00e4r!<\/p>\n<p>4G SIM-kort ing\u00e5r f\u00f6r oavbruten uppkoppling!<br \/>\nRFID &#8211; standard f\u00f6r hantering av anv\u00e4ndar\u00e5tkomst!<\/p>\n<p>Innovativ och intelligent laddning i hemmet, kombinerat med elegant och funktionell design.<\/p>\n<p>En av de smartaste EV-laddarna p\u00e5 marknaden med utm\u00e4rkt design och m\u00e5nga funktioner<\/p>\n<ul>\n<li>Har m\u00f6jlighet att ladda solenergi till din elbil n\u00e4r den f\u00e5r tillr\u00e4ckligt med str\u00f6m via en v\u00e4xelriktare<\/li>\n<li>Dynamisk kraftbalansering &#8211; 3 CT-kl\u00e4mmor ing\u00e5r!<\/li>\n<li>Smart &#8211; kan styras med en app<\/li>\n<li>Har display<\/li>\n<li>kan styras med r\u00f6stkommandon via Alexa!<\/li>\n<li>RFID f\u00f6r kontroll av anv\u00e4ndar\u00e5tkomst<\/li>\n<\/ul>\n","protected":false},"featured_media":0,"comment_status":"open","ping_status":"closed","template":"","meta":[],"product_brand":[],"product_cat":[1403,231],"product_tag":[1456],"class_list":{"0":"post-72259","1":"product","2":"type-product","3":"status-publish","5":"product_cat-rea-erbjudanden-rabatter","6":"product_cat-wallbox-chargers-sv","7":"product_tag-v2c-trydan-pro-sv","8":"pa_brand-v2c-sv","10":"first","11":"instock","12":"sale","13":"taxable","14":"shipping-taxable","15":"purchasable","16":"product-type-simple"},"_links":{"self":[{"href":"https:\/\/chargingshop.eu\/sv\/wp-json\/wp\/v2\/product\/72259","targetHints":{"allow":["GET"]}}],"collection":[{"href":"https:\/\/chargingshop.eu\/sv\/wp-json\/wp\/v2\/product"}],"about":[{"href":"https:\/\/chargingshop.eu\/sv\/wp-json\/wp\/v2\/types\/product"}],"replies":[{"embeddable":true,"href":"https:\/\/chargingshop.eu\/sv\/wp-json\/wp\/v2\/comments?post=72259"}],"wp:attachment":[{"href":"https:\/\/chargingshop.eu\/sv\/wp-json\/wp\/v2\/media?parent=72259"}],"wp:term":[{"taxonomy":"product_brand","embeddable":true,"href":"https:\/\/chargingshop.eu\/sv\/wp-json\/wp\/v2\/product_brand?post=72259"},{"taxonomy":"product_cat","embeddable":true,"href":"https:\/\/chargingshop.eu\/sv\/wp-json\/wp\/v2\/product_cat?post=72259"},{"taxonomy":"product_tag","embeddable":true,"href":"https:\/\/chargingshop.eu\/sv\/wp-json\/wp\/v2\/product_tag?post=72259"}],"curies":[{"name":"wp","href":"https:\/\/api.w.org\/{rel}","templated":true}]}}