{"id":72246,"date":"2025-06-14T10:13:48","date_gmt":"2025-06-14T10:13:48","guid":{"rendered":"https:\/\/chargingshop.eu\/product\/abb-smartmeter-d13-15-m-65-modbus\/"},"modified":"2025-06-14T10:13:48","modified_gmt":"2025-06-14T10:13:48","slug":"abb-smartmeter-d13-15-m-65-modbus","status":"publish","type":"product","link":"https:\/\/chargingshop.eu\/sv\/produkt\/abb-smartmeter-d13-15-m-65-modbus\/","title":{"rendered":"ABB SmartMeter D13 15-M 65 Modbus"},"content":{"rendered":"<p>D13 15-M 65 Modbus \u00e4r en trefas energim\u00e4tare med Modbus RTU, direktanslutning upp till 65 A, m\u00e4tning i fyra kvadranter, noggrannhet klass B f\u00f6r aktiv energi enligt MID-direktivet och klass 2 f\u00f6r reaktiv energi enligt IEC 62053-23, en digital ing\u00e5ng och en digital utg\u00e5ng, endast tre DIN-moduler i bredd och h\u00f6lje i \u00e5tervunnen plast.<\/p>\n","protected":false},"excerpt":{"rendered":"<p>ABB SmartMeter D13 15-M 65 Modbus &#8211; \u00e4r en trefas energim\u00e4tare med Modbus RTU, direktanslutning upp till 65 A. kompatibel med alla ABB AC Terra-modeller.<\/p>\n","protected":false},"featured_media":0,"comment_status":"closed","ping_status":"closed","template":"","meta":[],"product_brand":[],"product_cat":[231,256],"product_tag":[],"class_list":{"0":"post-72246","1":"product","2":"type-product","3":"status-publish","5":"product_cat-wallbox-chargers-sv","6":"product_cat-tillbehor-laddningskabel","8":"first","9":"instock","10":"sale","11":"taxable","12":"shipping-taxable","13":"purchasable","14":"product-type-simple"},"_links":{"self":[{"href":"https:\/\/chargingshop.eu\/sv\/wp-json\/wp\/v2\/product\/72246","targetHints":{"allow":["GET"]}}],"collection":[{"href":"https:\/\/chargingshop.eu\/sv\/wp-json\/wp\/v2\/product"}],"about":[{"href":"https:\/\/chargingshop.eu\/sv\/wp-json\/wp\/v2\/types\/product"}],"replies":[{"embeddable":true,"href":"https:\/\/chargingshop.eu\/sv\/wp-json\/wp\/v2\/comments?post=72246"}],"wp:attachment":[{"href":"https:\/\/chargingshop.eu\/sv\/wp-json\/wp\/v2\/media?parent=72246"}],"wp:term":[{"taxonomy":"product_brand","embeddable":true,"href":"https:\/\/chargingshop.eu\/sv\/wp-json\/wp\/v2\/product_brand?post=72246"},{"taxonomy":"product_cat","embeddable":true,"href":"https:\/\/chargingshop.eu\/sv\/wp-json\/wp\/v2\/product_cat?post=72246"},{"taxonomy":"product_tag","embeddable":true,"href":"https:\/\/chargingshop.eu\/sv\/wp-json\/wp\/v2\/product_tag?post=72246"}],"curies":[{"name":"wp","href":"https:\/\/api.w.org\/{rel}","templated":true}]}}