{"id":72242,"date":"2025-06-14T10:13:45","date_gmt":"2025-06-14T10:13:45","guid":{"rendered":"https:\/\/chargingshop.eu\/product\/abb-terra-ac-22-kw-typ-2-kabel-4g-rfid-abb-3p-smartmeter\/"},"modified":"2025-06-14T10:13:50","modified_gmt":"2025-06-14T10:13:50","slug":"abb-terra-ac-22-kw-typ-2-kabel-4g-rfid-abb-3p-smartmeter","status":"publish","type":"product","link":"https:\/\/chargingshop.eu\/sv\/produkt\/abb-terra-ac-22-kw-typ-2-kabel-4g-rfid-abb-3p-smartmeter\/","title":{"rendered":"ABB Terra AC 22 kW, typ 2-kabel, 4G, RFID + ABB 3P SmartMeter"},"content":{"rendered":"<p><em><strong>ABB Terra AC 22kW med kabel, typ 2-kabel, 4G, RFID + ABB 3P SmartMeter f\u00f6r lastbalansering (ordinarie pris &#8211; 145eur)<\/strong><\/em><\/p>\n<p>&nbsp;<\/p>\n<p>En SET f\u00f6r funktionaliteten DYNAMISK LASTBALANSERING. Detta f\u00f6rhindrar \u00f6verkonsumtion av el n\u00e4r du laddar din elbil. <\/p>\n<p><strong>H\u00f6gv\u00e4rdig kvalitet  <\/strong><\/p>\n<p>&#8211; En av de mest prisv\u00e4rda laddarna p\u00e5 marknaden<\/p>\n<p>&#8211; Brett utbud av anslutningsm\u00f6jligheter<\/p>\n<p>&#8211; Platsbesparande och l\u00e4ttinstallerad design<\/p>\n<p>&nbsp;<\/p>\n<p><strong>S\u00e4kerhet och skydd<\/strong><\/p>\n<p>&#8211; Utv\u00e4rderad och testad av oberoende tredje part f\u00f6r att uppfylla de h\u00f6gsta standarderna<\/p>\n<p>&#8211; Str\u00f6mbegr\u00e4nsningsskydd f\u00f6rhindrar oavsiktlig utl\u00f6sning och \u00f6verstr\u00f6m till installationen<\/p>\n<p>&#8211; Integrerade skydd inklusive DC-jordfel och \u00f6versp\u00e4nning<\/p>\n<p>&nbsp;<\/p>\n<p><img decoding=\"async\" class=\"alignleft wp-image-3224\" src=\"https:\/\/chargingshop.eu\/wp-content\/uploads\/2020\/07\/ABB-Terra-AC-dynamic-load-management-307x400.png\" alt=\"ABB Terra AC dynamisk laststyrning\" width=\"470\" height=\"612\" srcset=\"https:\/\/chargingshop.eu\/wp-content\/uploads\/2020\/07\/ABB-Terra-AC-dynamic-load-management-307x400.png 307w, https:\/\/chargingshop.eu\/wp-content\/uploads\/2020\/07\/ABB-Terra-AC-dynamic-load-management.png 422w\" sizes=\"(max-width: 470px) 100vw, 470px\" \/><\/p>\n<p><strong>Lasthantering<\/strong><\/p>\n<p>&#8211; Inbyggd energim\u00e4tare<\/p>\n<p>&#8211; Manuell eller automatiserad (dynamisk) lasthantering<\/p>\n<p>&#8211; Inst\u00e4llning f\u00f6r integrering av extern energim\u00e4tare f\u00f6r dynamisk laststyrning<\/p>\n<p>&#8211; Redo f\u00f6r integration med avancerade energisystem f\u00f6r smarta byggnader<\/p>\n<p><strong>Framtidss\u00e4ker flexibilitet<\/strong><\/p>\n<p>&#8211; Smart funktionalitet f\u00f6r optimerad laddning<\/p>\n<p>&#8211; Integrering av energim\u00e4tare f\u00f6r dynamisk laststyrning<\/p>\n<p>&#8211; Dedikerad app f\u00f6r styrning och konfiguration<\/p>\n<p>&#8211; Fj\u00e4rruppdatering av programvara aktiverad<\/p>\n<p>&nbsp;<\/p>\n<p>&nbsp;<\/p>\n<div>\n<p>&nbsp;<\/p>\n<p>&nbsp;<\/p>\n<\/div>\n<p>&nbsp;<\/p>\n<p>&nbsp;<\/p>\n<p><strong>Presentation av alla Smart-funktionaliteter:<\/strong><\/p>\n<p><a href=\"https:\/\/chargingshop.eu\/wp-content\/uploads\/2020\/12\/chargersync-APP.pdf\">APP f\u00f6r laddningssynkronisering<\/a><\/p>\n<p>&nbsp;<\/p>\n<div>\n<p><strong>Laddningsplanering \u201cPeak shaving<\/strong>\u201d<\/p>\n<p>&#8211; St\u00e4ll in dina laddningstider (schema) f\u00f6r att undvika h\u00f6ga elpriser, t.ex. kv\u00e4llstaxa<\/p>\n<p>&#8211; M\u00f6jligt att spara 100-300 euro per \u00e5r* p\u00e5 elr\u00e4kningen (beroende p\u00e5 lokala elpriser)<\/p>\n<p>&nbsp;<\/p>\n<\/div>\n<p><strong>ChargeSync-anv\u00e4ndarapp f\u00f6r styrning, status och konfiguration av Terra AC<\/strong><\/p>\n<p>Stationsuppst\u00e4llning:<\/p>\n<div class=\"video video-fit mb\" style=\"padding-top:56.25%;\"><p><iframe title=\"ABB Terra AC station setup\" width=\"1020\" height=\"574\" src=\"https:\/\/www.youtube.com\/embed\/9tBaVWj7mHI?feature=oembed\" frameborder=\"0\" allow=\"accelerometer; autoplay; clipboard-write; encrypted-media; gyroscope; picture-in-picture; web-share\" referrerpolicy=\"strict-origin-when-cross-origin\" allowfullscreen><\/iframe><\/p>\n<\/div>\n<p>Laddningsstatus:<\/p>\n<div class=\"video video-fit mb\" style=\"padding-top:56.25%;\"><p><iframe title=\"ABB Terra AC APP charging process\" width=\"1020\" height=\"574\" src=\"https:\/\/www.youtube.com\/embed\/ZDbrLx06yh0?feature=oembed\" frameborder=\"0\" allow=\"accelerometer; autoplay; clipboard-write; encrypted-media; gyroscope; picture-in-picture; web-share\" referrerpolicy=\"strict-origin-when-cross-origin\" allowfullscreen><\/iframe><\/p>\n<\/div>\n<p>&nbsp;<\/p>\n<p><strong>ABB Terra AC 22kW modell &#8211; (TAC-W22-G5-R-C-0<\/strong> \/ <strong>6AGC082157) funktioner:<\/strong><\/p>\n<p>-Typ &#8211; Wallbox med typ 2-kabel<br \/>\n-Effekt 22 kW<br \/>\n-Trefas<br \/>\n-Maxstr\u00f6m 32A<\/p>\n<p>-Ethernet (RJ45)<br \/>\n-Wifi<br \/>\n-OCPP 1.6<br \/>\n-Bluetooth<br \/>\n-Modbus RTU (RS485)<\/p>\n<p><strong><a href=\"https:\/\/new.abb.com\/products\/2CMA290881R1000\/ev3-012-100\" target=\"_blank\" rel=\"noopener\">EV3 012-100 SmartMeter modell<\/a> &#8211; 2CMA290881R1000<\/strong><\/p>\n<p>&nbsp;<\/p>\n<p><em>Terra AC produktbroschyr:<\/em><\/p>\n<p><a href=\"https:\/\/chargingshop.eu\/?attachment_id=2067\" target=\"_blank\" rel=\"attachment noopener wp-att-2067 noreferrer\">ABB_Terra_AC_v\u00e4ggbox_Broschyr_A4<\/a><\/p>\n<p>&nbsp;<\/p>\n<p>* N\u00e4toperat\u00f6rer tar vanligtvis ut 25-40% premie f\u00f6r el som f\u00f6rbrukas under kv\u00e4llstid kl. 18-22. Detta \u00e4r f\u00f6rem\u00e5l f\u00f6r avtal med leverant\u00f6ren. I vissa l\u00e4nder kan ingen kv\u00e4lls-\/nattariff tillhandah\u00e5llas.  <\/p>\n<p>&nbsp;<\/p>\n","protected":false},"excerpt":{"rendered":"<p><a href=\"https:\/\/www.adac.de\/rund-ums-fahrzeug\/tests\/elektromobilitaet\/wallboxen\/\">Vinnare av ADAC Wallbox Test &#8211; 05\/2021<\/a><\/p>\n<p><em>ABB Terra AC 22kW wallbox med kabel + <strong><a href=\"https:\/\/new.abb.com\/products\/2CMA290881R1000\/ev3-012-100\">EV3 012-100 SmartMeter modell<\/a> &#8211; 2CMA290881R1000<\/strong> Med denna upps\u00e4ttning kommer du att kunna anv\u00e4nda en fas dynamisk lastbalanseringsfunktion.<\/em><\/p>\n<p>Exceptionell kvalitet fr\u00e5n v\u00e4rldsledaren ABB. Smart och framtidss\u00e4krad station till priset av en vanlig. <\/p>\n<ul>\n<li>Status och styrning via app<\/li>\n<li>Komplett skydd: \u00f6verstr\u00f6m, \u00f6versp\u00e4nning, undersp\u00e4nning, jordfel, integrerat blixtskydd<\/li>\n<li>Schemal\u00e4ggning av avgifter &#8220;Peak shaving<\/li>\n<li>Lastbalansering<\/li>\n<li>M\u00f6jlighet att endast ladda solcellsenergi fr\u00e5n lokal v\u00e4xelriktare<\/li>\n<li>och mycket mer<\/li>\n<\/ul>\n<p>&nbsp;<\/p>\n","protected":false},"featured_media":0,"comment_status":"open","ping_status":"closed","template":"","meta":[],"product_brand":[],"product_cat":[1403,231],"product_tag":[1404],"class_list":{"0":"post-72242","1":"product","2":"type-product","3":"status-publish","5":"product_cat-rea-erbjudanden-rabatter","6":"product_cat-wallbox-chargers-sv","7":"product_tag-abb-terra-ac-7-sv","8":"pa_brand-abb-sv","10":"first","11":"instock","12":"sale","13":"taxable","14":"shipping-taxable","15":"purchasable","16":"product-type-simple"},"_links":{"self":[{"href":"https:\/\/chargingshop.eu\/sv\/wp-json\/wp\/v2\/product\/72242","targetHints":{"allow":["GET"]}}],"collection":[{"href":"https:\/\/chargingshop.eu\/sv\/wp-json\/wp\/v2\/product"}],"about":[{"href":"https:\/\/chargingshop.eu\/sv\/wp-json\/wp\/v2\/types\/product"}],"replies":[{"embeddable":true,"href":"https:\/\/chargingshop.eu\/sv\/wp-json\/wp\/v2\/comments?post=72242"}],"wp:attachment":[{"href":"https:\/\/chargingshop.eu\/sv\/wp-json\/wp\/v2\/media?parent=72242"}],"wp:term":[{"taxonomy":"product_brand","embeddable":true,"href":"https:\/\/chargingshop.eu\/sv\/wp-json\/wp\/v2\/product_brand?post=72242"},{"taxonomy":"product_cat","embeddable":true,"href":"https:\/\/chargingshop.eu\/sv\/wp-json\/wp\/v2\/product_cat?post=72242"},{"taxonomy":"product_tag","embeddable":true,"href":"https:\/\/chargingshop.eu\/sv\/wp-json\/wp\/v2\/product_tag?post=72242"}],"curies":[{"name":"wp","href":"https:\/\/api.w.org\/{rel}","templated":true}]}}