{"id":6414,"date":"2022-01-23T14:11:12","date_gmt":"2022-01-23T14:11:12","guid":{"rendered":"https:\/\/chargingshop.eu\/product\/solar-carport\/"},"modified":"2022-01-23T14:11:12","modified_gmt":"2022-01-23T14:11:12","slug":"solar-carport","status":"publish","type":"product","link":"https:\/\/chargingshop.eu\/sv\/produkt\/solar-carport\/","title":{"rendered":"Solar Carport"},"content":{"rendered":"<p>Om du \u00e4r en bil\u00e4gare eller n\u00e5gon som \u00e4r en all-time PV-fanatiker och angel\u00e4gen om att f\u00f6lja de senaste tekniska trenderna, m\u00e5ste du ha st\u00f6tt p\u00e5 det senaste tillskottet under kategorin solpaneler &#8211; en solcellscarport. En mer avancerad version av de traditionella carportarna och markmonterade solpanelerna.<\/p>\n<h2>Vad kostar det att ha en carport som genererar solenergi?<\/h2>\n<p>Den \u00e4r designad med tekniken f\u00f6r att f\u00e5nga fotoner (ljuspartiklar) och t\u00e4cker ett parkeringsomr\u00e5de.<br \/>\nTrenden att anv\u00e4nda en carport som genererar solenergi och ladda fordon med <a href=\"http:\/\/chrgsolar.lt\/\" target=\"_blank\" rel=\"noopener\">solenergi<\/a> \u00e4r p\u00e5 en h\u00f6gkonjunktur i dessa dagar. Antingen du tittar p\u00e5 en privat bilveranda eller en allm\u00e4n parkering i stora gallerior eller stadsk\u00e4rnor, kan du se det.<br \/>\nNaturligtvis \u00e4r en solcellscarport speciellt avsedd f\u00f6r laddning av elfordon, men dess funktion \u00e4r inte begr\u00e4nsad. Dessutom skyddar den mot UV-str\u00e5lar och nederb\u00f6rd. Dessutom ger en solenergiport ocks\u00e5 energi till n\u00e4rliggande f\u00f6retag, hem eller det lokala eln\u00e4tet.<\/p>\n<h3>Hur fungerar det?<\/h3>\n<p>Funktionen hos en solcellscarport \u00e4r inte mer annorlunda \u00e4n de typiska markmonterade eller taksolpaneler. Det fungerar p\u00e5 samma teknik. Den omvandlar fotonernas energi till elektricitet genom processen med fotovoltaisk effekt.<br \/>\nN\u00e4r en solpanel tr\u00e4ffas av en foton genererar dess energi elektroner som fl\u00f6dar genom solpanelerna och genererar en elektrisk str\u00f6m.<\/p>\n<h3>Kostnad f\u00f6r carport med solpaneler<\/h3>\n<p>Dess kostnad med solpaneler beror p\u00e5 vilken typ och storlek p\u00e5 solpanelen du v\u00e4ljer.<br \/>\nDen totala kostnaden beror p\u00e5 dessa fr\u00e5gor:<br \/>\n1. Hur mycket kraft vill du producera?<br \/>\n2. Vilken yta vill du t\u00e4cka?<\/p>\n<p>3. Typ\/modell av <a href=\"https:\/\/chargingshop.eu\/product\/solar-inverter-huawei-sun2000-5ktl-m0\/\">v\u00e4xelriktare<\/a> som anv\u00e4nds<\/p>\n<p>En typisk bilport rymmer 4 till 10kW solpaneler. Den kan generera 5000 till 20000 kWh under ett \u00e5r (beror p\u00e5 antalet soliga dagar under ett \u00e5r)<\/p>\n","protected":false},"excerpt":{"rendered":"<p>Generera solenergi p\u00e5 din privata tr\u00e4dg\u00e5rd.<\/p>\n<ul>\n<li>skyddar din bil fr\u00e5n sol, regn och sn\u00f6<\/li>\n<li>genererar energi till ditt hus eller din elbil<\/li>\n<\/ul>\n","protected":false},"featured_media":6040,"comment_status":"open","ping_status":"closed","template":"","meta":[],"product_brand":[],"product_cat":[841,823],"product_tag":[],"class_list":{"0":"post-6414","1":"product","2":"type-product","3":"status-publish","4":"has-post-thumbnail","6":"product_cat-solar-carports-sv","7":"product_cat-solar-panels-sv","9":"first","10":"instock","11":"taxable","12":"shipping-taxable","13":"product-type-simple"},"_links":{"self":[{"href":"https:\/\/chargingshop.eu\/sv\/wp-json\/wp\/v2\/product\/6414","targetHints":{"allow":["GET"]}}],"collection":[{"href":"https:\/\/chargingshop.eu\/sv\/wp-json\/wp\/v2\/product"}],"about":[{"href":"https:\/\/chargingshop.eu\/sv\/wp-json\/wp\/v2\/types\/product"}],"replies":[{"embeddable":true,"href":"https:\/\/chargingshop.eu\/sv\/wp-json\/wp\/v2\/comments?post=6414"}],"wp:featuredmedia":[{"embeddable":true,"href":"https:\/\/chargingshop.eu\/sv\/wp-json\/wp\/v2\/media\/6040"}],"wp:attachment":[{"href":"https:\/\/chargingshop.eu\/sv\/wp-json\/wp\/v2\/media?parent=6414"}],"wp:term":[{"taxonomy":"product_brand","embeddable":true,"href":"https:\/\/chargingshop.eu\/sv\/wp-json\/wp\/v2\/product_brand?post=6414"},{"taxonomy":"product_cat","embeddable":true,"href":"https:\/\/chargingshop.eu\/sv\/wp-json\/wp\/v2\/product_cat?post=6414"},{"taxonomy":"product_tag","embeddable":true,"href":"https:\/\/chargingshop.eu\/sv\/wp-json\/wp\/v2\/product_tag?post=6414"}],"curies":[{"name":"wp","href":"https:\/\/api.w.org\/{rel}","templated":true}]}}