{"id":6406,"date":"2022-01-23T13:33:31","date_gmt":"2022-01-23T13:33:31","guid":{"rendered":"https:\/\/chargingshop.eu\/product\/huawei-sun2000-8kw-8ktl-solar-inverter\/"},"modified":"2022-01-23T13:33:31","modified_gmt":"2022-01-23T13:33:31","slug":"huawei-sun2000-8kw-8ktl-solar-inverter","status":"publish","type":"product","link":"https:\/\/chargingshop.eu\/sv\/produkt\/huawei-sun2000-8kw-8ktl-solar-inverter\/","title":{"rendered":"Huawei SUN2000 8kW (8KTL) &#8211; Solar Inverter"},"content":{"rendered":"<p><strong>Huawei SUN2000-8KTL-M0 8kW<\/strong> n\u00e4tverksanslutningsv\u00e4xelriktare \u00e4r f\u00f6rberedd f\u00f6r att installeras i hem som drivs av trefasstr\u00f6m. Denna v\u00e4xelriktare \u00e4r en mellanmodell inom det nya bostadsomr\u00e5det f\u00f6r n\u00e4tverksanslutning.<\/p>\n<p>Solpanelen har DC-isoleringsdetektering och \u00f6vervakningsenhet f\u00f6r kvarvarande intensitet. De mest effektiva solenergisystemen som driver v\u00e5ra apparater kr\u00e4ver en h\u00f6gkvalitativ v\u00e4xelriktare med ett robust konvektionskylsystem.<\/p>\n<p><strong>SUN2000-8KTL-M0 8kW v\u00e4xelriktare <\/strong>\u00e4r beredd att fungera p\u00e5 trefasiga n\u00e4tverksanslutningar. Den \u00e4r f\u00f6rberedd f\u00f6r att m\u00f6jligg\u00f6ra m\u00f6jligheten att batterier kommer att \u00f6ka sin egenf\u00f6rbrukning.<\/p>\n<h2>Huawei SUN2000-8KTL-M0 Funktioner:<\/h2>\n<p><span data-spm-anchor-id=\"a2g0o.detail.1000023.i1.76d84c51JufCUg\">Huawei SUN2000-8KTL-M0 8kW-v\u00e4xelriktaren har 2 MPPT som till\u00e5ter installation av paneler i tv\u00e5 formgrupper som var och en av grupperna kan vara installerad med olika lutning, orientering eller olika elektriska egenskaper. <b>SUN20008KTL<\/b>-v\u00e4xelriktaren maximerar effektiviteten hos <a href=\"https:\/\/chargingshop.eu\/sv\/produkt-kategori\/solar-panels-sv\/\"><strong>solpaneler<\/strong><\/a> s\u00e5 att maximal energi upp till 99 % erbjuds till hemmet hela tiden.<\/span><\/p>\n<p>Den senaste Huawei 8kw solcellsinverteraren \u00e4r mycket uppskattad p\u00e5 marknaden med f\u00f6ljande specifikationer som g\u00f6r den v\u00e4rd att investera.<\/p>\n<p><strong>Specifikationer:<\/strong><\/p>\n<ul>\n<li>Aktiv m\u00e4rkstr\u00f6m 8 000 W Max.<\/li>\n<li>Skenbar v\u00e4xelstr\u00f6m 8 800 VA<\/li>\n<li>Maximal insp\u00e4nning (Vmax) 1 100V<\/li>\n<li>Maximal intensitet per MPPT 11A<\/li>\n<li>Max. kortslutningsintensitet per MPPT 15A<\/li>\n<li>Minsta insp\u00e4nning 200V<\/li>\n<li>Sp\u00e4nningsomr\u00e5de i MPP 380V-850V<\/li>\n<li>Nominell sp\u00e4nning med maximal potential 600V Max.<\/li>\n<\/ul>\n<h4><strong>Effektivitet:<\/strong><\/h4>\n<ul>\n<li><strong>Maximal v\u00e4xelriktareffektivitet:<\/strong> 98,6 %<\/li>\n<li><strong>Europeisk viktad effektivitet:<\/strong> 98,0 %<\/li>\n<\/ul>\n<h4><strong>Indata:<\/strong><\/h4>\n<ul>\n<li><strong>Max insp\u00e4nning:<\/strong> 1 100 V<\/li>\n<li><strong>Mini-ing\u00e5ngssp\u00e4nning:<\/strong> 200V<\/li>\n<li><strong>MpPT-sp\u00e4nningsomr\u00e5de:<\/strong> 140V &#8211; 980V<\/li>\n<li><strong>Nominell paneling\u00e5ngssp\u00e4nning:<\/strong> 600V<\/li>\n<li><strong>Maximal ing\u00e5ngsstr\u00f6m per MPPT:<\/strong> 11A<\/li>\n<li><strong>Maximal intensitet:<\/strong> 15A<\/li>\n<li><strong>MPPT-nummer:<\/strong> 2<\/li>\n<li><strong>MPPT-ing\u00e5ngar:<\/strong> 1<\/li>\n<\/ul>\n<h4><strong>Utdata:<\/strong><\/h4>\n<ul>\n<li>Trefas v\u00e4xelutg\u00e5ng<\/li>\n<li>Nominell uteffekt: 8kW &#8212; 8,8kVA<\/li>\n<li>Utsp\u00e4nning: 220\/380V, 230\/400V, 3W+N+PE<\/li>\n<li>Nominell n\u00e4tverksfrekvens: 50Hz \/60Hz<\/li>\n<li>Maximal utstr\u00f6m 13,5A<\/li>\n<\/ul>\n","protected":false},"excerpt":{"rendered":"<p>Huawei SUN2000-8KTL-M0 \u00e4r den s\u00e4kra, p\u00e5litliga och effektiva. Denna soluppfinnare lovar en av de b\u00e4sta solupplevelserna som finns.<\/p>\n<ul>\n<li>H\u00f6geffektiv v\u00e4xelriktartopologi<\/li>\n<li>Integrerat batterigr\u00e4nssnitt<\/li>\n<li>AI-baserad b\u00e5gdetektering AFCI<\/li>\n<li>Inbyggt batterigr\u00e4nssnitt<\/li>\n<li>Snabbinstallation<\/li>\n<li>WLAN-dongel i inverterpaket<\/li>\n<\/ul>\n","protected":false},"featured_media":0,"comment_status":"open","ping_status":"closed","template":"","meta":[],"product_brand":[],"product_cat":[823],"product_tag":[],"class_list":{"0":"post-6406","1":"product","2":"type-product","3":"status-publish","5":"product_cat-solar-panels-sv","6":"pa_brand-huawei-sv","8":"first","9":"instock","10":"taxable","11":"shipping-taxable","12":"purchasable","13":"product-type-simple"},"_links":{"self":[{"href":"https:\/\/chargingshop.eu\/sv\/wp-json\/wp\/v2\/product\/6406","targetHints":{"allow":["GET"]}}],"collection":[{"href":"https:\/\/chargingshop.eu\/sv\/wp-json\/wp\/v2\/product"}],"about":[{"href":"https:\/\/chargingshop.eu\/sv\/wp-json\/wp\/v2\/types\/product"}],"replies":[{"embeddable":true,"href":"https:\/\/chargingshop.eu\/sv\/wp-json\/wp\/v2\/comments?post=6406"}],"wp:attachment":[{"href":"https:\/\/chargingshop.eu\/sv\/wp-json\/wp\/v2\/media?parent=6406"}],"wp:term":[{"taxonomy":"product_brand","embeddable":true,"href":"https:\/\/chargingshop.eu\/sv\/wp-json\/wp\/v2\/product_brand?post=6406"},{"taxonomy":"product_cat","embeddable":true,"href":"https:\/\/chargingshop.eu\/sv\/wp-json\/wp\/v2\/product_cat?post=6406"},{"taxonomy":"product_tag","embeddable":true,"href":"https:\/\/chargingshop.eu\/sv\/wp-json\/wp\/v2\/product_tag?post=6406"}],"curies":[{"name":"wp","href":"https:\/\/api.w.org\/{rel}","templated":true}]}}