{"id":5932,"date":"2021-08-20T14:54:44","date_gmt":"2021-08-20T14:54:44","guid":{"rendered":"https:\/\/chargingshop.eu\/product\/efacec-qc45-fast-charging-station\/"},"modified":"2021-08-20T14:54:44","modified_gmt":"2021-08-20T14:54:44","slug":"efacec-qc45-fast-charging-station","status":"publish","type":"product","link":"https:\/\/chargingshop.eu\/sv\/produkt\/efacec-qc45-fast-charging-station\/","title":{"rendered":"EFACEC QC45 snabbladdnings station"},"content":{"rendered":"<div class = \"fusion-text fusion-text-1\">\n<h2 class = \"eshop-detail-title cf\"> <span class = \"product-title\"> <span class = \"product-title-content\"> Efacec <\/span> <\/span> QC45 \u00e4r den b\u00e4sta b\u00e4sta laddningen station, kompatibel med alla m\u00e4rken av elfordon <\/h2>\n<\/div>\n<p> Snabbladdningsstationen QC45 ger en snabb batteriladdning och st\u00f6der 2 EV: s samtidigt AC- och DC -laddning med flera uteffektalternativ. Alla kombinerade utg\u00e5ngar \u00e4r integrerade i ett enda sk\u00e5p f\u00f6r s\u00e4ker och enkel laddning av alla l\u00e4mpliga elbilar. <\/p>\n<p> Snabbladdarens CHAdeMO-, CCS- och AC Type-2-kompatibla laddkontakter kan erbjuda upp till 50 kW laddningseffekt. En AC -laddningskontakt kr\u00e4ver ingen permanent kabel och kan ladda upp till 22 kW. QC45 \u00e4r utformad f\u00f6r att ge din EV maximal laddning med minimal tid. <\/p>\n<h3> <strong> Funktioner i QC45 snabbladdningsstation <\/strong> <\/h3>\n<ul>\n<li> Snabbladdning upp till 80% p\u00e5 mindre \u00e4n 30 minuter <\/li>\n<li> AC och DC laddas samtidigt <\/li>\n<li> Multi-standard (kompatibel med CHAdeMO, CCS och AC Type-2) <\/li>\n<li> H\u00f6g effektivitet &#038; gt; 93%<\/li>\n<li> H\u00f6g effektfaktor 0,98 <\/li>\n<li> Inbyggd kommunikation (3G; LAN; Wi-Fi) <\/li>\n<li> Likstr\u00f6m upp till 50 kW <\/li>\n<li> V\u00e4xelstr\u00f6m upp till 43 kVA <\/li>\n<li> H\u00f6g tillf\u00f6rlitlighet <\/li>\n<li> Easy Plug &#038; amp; Spela installation <\/li>\n<\/ul>\n<h4> <strong> Snabbladdning: <\/strong> <\/h4>\n<p> Varje enhet, som kan ladda fr\u00e5n noll till 80 procent p\u00e5 under 30 minuter, kan placeras strategiskt som en del av ett snabbladdningsinfrastrukturn\u00e4tverk. V\u00e5ra produkter \u00e4r skapade med tanke p\u00e5 stark produktion, h\u00e5llbarhet och s\u00e4kerhet. Laddarens prim\u00e4ra linjer och form g\u00f6r att den passar in i milj\u00f6n och landskapet, och designen \u00e4r t\u00e4nkt att ge kunderna f\u00f6rtroende f\u00f6r att billaddning \u00e4r b\u00e5de enkel och s\u00e4ker. <\/p>\n<h4> <strong> N\u00e4tverksintegration <\/strong> <\/h4>\n<p> QC45 \u00e4r en flexibel och \u00f6ppen laddstation som kan laddas i frist\u00e5ende l\u00e4ge eller integreras i vilket n\u00e4tverk som helst med n\u00e5got centralt system. <\/p>\n<h4> <strong> Anpassning &#038; amp; Kapsling <\/strong> <\/h4>\n<p> QC45 har ett h\u00f6gkvalitativt och h\u00e5llbart skal med korrosionsskydd som kan j\u00e4mf\u00f6ras med rostfritt st\u00e5l, vilket garanterar en l\u00e5ng livsl\u00e4ngd f\u00f6r utrustningen. F\u00f6r att matcha ditt varum\u00e4rkes \u00f6vergripande utseende kan du anpassa det med anpassade bilder, logotyper och f\u00e4rger. <\/p>\n<h4> <strong> Enkel att installera <\/strong> <\/h4>\n<p> Denna snabba laddare QC45 finns i olika f\u00e4rger. Det \u00e4r enkelt att installera och l\u00e4tt att anv\u00e4nda. Enheterna \u00e4r testade och verifierade med alla kompatibla elbilar. Snabbladdaren QC45 erbjuder en effekt p\u00e5 upp till 50kW DC och 43kW AC. <\/p>\n<h4> <strong> Programvara tillg\u00e4nglig <\/strong> <\/h4>\n<p> QC45 \u00e4r kompatibel med Charge Lab, EV Connect och Green lots kommersiella system f\u00f6r elbilsladdare. Kundfakturering, flottahantering, laddar\u00f6vervakning och till och med iPhone- och Android -applikationer f\u00f6r konsumenter att hitta dina laddare \u00e4r alla m\u00f6jliga med dessa programpaket. <\/p>\n<p> &#038; nbsp; <\/p>\n","protected":false},"excerpt":{"rendered":"<p> Efacec har introducerat en ny laddningsstation som laddar alla elbilar i ett frist\u00e5ende l\u00e4ge med minimal tid. Dess design \u00e4r unik och laddas med den b\u00e4sta effektfaktorn. <\/p>\n<ul>\n<li> Snabb laddning upp till 80%<\/li>\n<li> H\u00f6g effektivitet &#038; gt; 93%<\/li>\n<li> H\u00f6g effektfaktor 0,98 <\/li>\n<li> H\u00f6g tillf\u00f6rlitlighet <\/li>\n<li> Likstr\u00f6m upp till 50 KW <\/li>\n<li> V\u00e4xelstr\u00f6m upp till 43Kva <\/li>\n<li> L\u00e4tt att installera <\/li>\n<li> Korrosionsskydd <\/li>\n<\/ul>\n<p> ~ 2-3 m\u00e5naders ledtid. <\/p>\n","protected":false},"featured_media":5856,"comment_status":"open","ping_status":"closed","template":"","meta":[],"product_brand":[],"product_cat":[315],"product_tag":[704,703,702,701],"class_list":{"0":"post-5932","1":"product","2":"type-product","3":"status-publish","4":"has-post-thumbnail","6":"product_cat-dc-chargers-sv","7":"product_tag-50kw-snabbladdare","8":"product_tag-efacec-qc45-pris-sv","9":"product_tag-snabbladdare-qc45","10":"product_tag-snabbladdnings-station-qc45","11":"pa_brand-efacec-sv","13":"first","14":"instock","15":"taxable","16":"shipping-taxable","17":"purchasable","18":"product-type-simple"},"_links":{"self":[{"href":"https:\/\/chargingshop.eu\/sv\/wp-json\/wp\/v2\/product\/5932","targetHints":{"allow":["GET"]}}],"collection":[{"href":"https:\/\/chargingshop.eu\/sv\/wp-json\/wp\/v2\/product"}],"about":[{"href":"https:\/\/chargingshop.eu\/sv\/wp-json\/wp\/v2\/types\/product"}],"replies":[{"embeddable":true,"href":"https:\/\/chargingshop.eu\/sv\/wp-json\/wp\/v2\/comments?post=5932"}],"wp:featuredmedia":[{"embeddable":true,"href":"https:\/\/chargingshop.eu\/sv\/wp-json\/wp\/v2\/media\/5856"}],"wp:attachment":[{"href":"https:\/\/chargingshop.eu\/sv\/wp-json\/wp\/v2\/media?parent=5932"}],"wp:term":[{"taxonomy":"product_brand","embeddable":true,"href":"https:\/\/chargingshop.eu\/sv\/wp-json\/wp\/v2\/product_brand?post=5932"},{"taxonomy":"product_cat","embeddable":true,"href":"https:\/\/chargingshop.eu\/sv\/wp-json\/wp\/v2\/product_cat?post=5932"},{"taxonomy":"product_tag","embeddable":true,"href":"https:\/\/chargingshop.eu\/sv\/wp-json\/wp\/v2\/product_tag?post=5932"}],"curies":[{"name":"wp","href":"https:\/\/api.w.org\/{rel}","templated":true}]}}