{"id":5930,"date":"2021-08-25T14:08:34","date_gmt":"2021-08-25T14:08:34","guid":{"rendered":"https:\/\/chargingshop.eu\/product\/efacec-qc24s-quick-charger\/"},"modified":"2021-08-25T14:08:34","modified_gmt":"2021-08-25T14:08:34","slug":"efacec-qc24s-quick-charger","status":"publish","type":"product","link":"https:\/\/chargingshop.eu\/sv\/produkt\/efacec-qc24s-quick-charger\/","title":{"rendered":"Efacec QC24S Snabbladdare"},"content":{"rendered":"<p> Efacec QC24S Quick Charger \u00e4r en ny kompakt snabbladdare med ett uttag som laddar din elbil till 80% inom en timme. Design f\u00f6r att \u00f6verensst\u00e4mma med alla industristandard laddningsprotokoll och gr\u00e4nssnitt. Dess l\u00e4tta design monteras enkelt p\u00e5 v\u00e4ggen d\u00e4r utrymme \u00e4r ett problem. QC24S \u00e4r en snabbladdningsstation som kan ladda alla CCS -kompatibla elfordon. Olika utg\u00e5ngsalternativ \u00e4r tillg\u00e4ngliga, till exempel den enkla DC -utg\u00e5ngen vid 24 KW med CCS- eller CHadeMO -kontakt p\u00e5 en kabelbunden kabel som \u00e4r testad och ackrediterad med alla kompatibla fordon. <\/p>\n<h2> <strong> Efacec QC24S laddare Huvudfunktioner och f\u00f6rdelar <\/strong> <\/h2>\n<ul>\n<li> Ladda elbil p\u00e5 1 timme H\u00f6g effektivitet &#038; gt; 94%<\/li>\n<li> Flera applikationer och enkelt underh\u00e5ll <\/li>\n<li> Likstr\u00f6m upp till 24 kW <\/li>\n<li> Anv\u00e4ndarv\u00e4nligt gr\u00e4nssnitt med valfri f\u00e4rgdisplay <\/li>\n<li> Status LED F\u00e4rgkabelh\u00e5llare <\/li>\n<li> H\u00f6g effektfaktor 0,99 <\/li>\n<li> Lokal och fj\u00e4rr\u00f6vervakningskontroll <\/li>\n<li> Oberoende eller n\u00e4tverksintegrering <\/li>\n<li> Valfri inbyggd kommunikation (3G; LAN; Wi-Fi) <\/li>\n<li> Anpassad och branding \u00e4r tillg\u00e4nglig <\/li>\n<\/ul>\n<h3> <strong> Funktioner i QC24S Snabbladdare inkluderar: <\/strong> <\/h3>\n<h4> <strong> Snabbladdning: <\/strong> <\/h4>\n<p> Varje enhet, som kan ladda fr\u00e5n noll till 80 inom 60 minuter, kan placeras strategiskt som en del av ett snabbladdningsinfrastrukturn\u00e4tverk. Det kostar p\u00e5verkad v\u00e4ggmonterad d\u00e4r utrymme \u00e4r ett problem. <\/p>\n<h4> <strong> Anpassning &#038; amp; Kapsling <\/strong> <\/h4>\n<p> QC24S har ett h\u00f6gkvalitativt och h\u00e5llbart skal med korrosionsskydd som kan j\u00e4mf\u00f6ras med rostfritt st\u00e5l, vilket garanterar en l\u00e5ng livsl\u00e4ngd f\u00f6r utrustningen. Anpassa den med anpassad grafik, logotyper och f\u00e4rger f\u00f6r att f\u00e5 ditt varum\u00e4rkes \u00f6vergripande utseende. <\/p>\n<h4> <strong> Enkel att installera <\/strong> <\/h4>\n<p> Denna kraftfulla, flertr\u00e5diga QC24S \u00e4r en snabb laddare med inbyggd 3G- och LAN-kommunikation och finns i en rad olika f\u00e4rger. Det \u00e4r enkelt att installera och ansluta till ett befintligt n\u00e4tverk f\u00f6r laddningsinfrastruktur. <\/p>\n<h4> <strong> Programvara tillg\u00e4nglig <\/strong> <\/h4>\n<p> K\u00e4rn-CPMS \u00e4r l\u00f6snings-end-to-end EV-laddningshanteringsplattform. Den best\u00e5r av en upps\u00e4ttning unika och kraftfulla mjukvaruverktyg som effektivt svarar p\u00e5 behoven hos Plug-in Electric Vehicle-marknadens ekosystem. <\/p>\n<h5> <strong> APPLIKATIONER: <\/strong> <\/h5>\n<ul>\n<li> Car-Share, Taxi och Rent-a-Car flottor <\/li>\n<li> EV -\u00e5terf\u00f6rs\u00e4ljare och tj\u00e4nsteleverant\u00f6rer <\/li>\n<li> Anst\u00e4lldas parkeringsplatser <\/li>\n<li> EV -flottor (privata och offentliga) <\/li>\n<li> K\u00f6pcentrum <\/li>\n<li> Privat EV -infrastruktur och operat\u00f6r <\/li>\n<\/ul>\n","protected":false},"excerpt":{"rendered":"<p class = \"fusion-responsive-typography-calculated\" data-fontsize = \"24\" data-lineheight = \"36px\"> En ekonomisk och snabb laddningsstation. Ladda alla typer av elbilar med en hastighet p\u00e5 24 kW per timme. <\/p>\n<ul>\n<li> V\u00e4ggmonterad <\/li>\n<li> H\u00f6g effektivitet &#038; gt; 94%<\/li>\n<li> Likstr\u00f6m upp till 24 kW <\/li>\n<li> Anv\u00e4ndarv\u00e4nligt gr\u00e4nssnitt <\/li>\n<li> Inbyggd kommunikation (3G; LAN; Wi-Fi) <\/li>\n<li> H\u00f6g effektfaktor 0,99 <\/li>\n<\/ul>\n","protected":false},"featured_media":5884,"comment_status":"open","ping_status":"closed","template":"","meta":[],"product_brand":[],"product_cat":[315],"product_tag":[],"class_list":{"0":"post-5930","1":"product","2":"type-product","3":"status-publish","4":"has-post-thumbnail","6":"product_cat-dc-chargers-sv","7":"pa_brand-efacec-sv","9":"first","10":"instock","11":"sale","12":"taxable","13":"shipping-taxable","14":"purchasable","15":"product-type-simple"},"_links":{"self":[{"href":"https:\/\/chargingshop.eu\/sv\/wp-json\/wp\/v2\/product\/5930","targetHints":{"allow":["GET"]}}],"collection":[{"href":"https:\/\/chargingshop.eu\/sv\/wp-json\/wp\/v2\/product"}],"about":[{"href":"https:\/\/chargingshop.eu\/sv\/wp-json\/wp\/v2\/types\/product"}],"replies":[{"embeddable":true,"href":"https:\/\/chargingshop.eu\/sv\/wp-json\/wp\/v2\/comments?post=5930"}],"wp:featuredmedia":[{"embeddable":true,"href":"https:\/\/chargingshop.eu\/sv\/wp-json\/wp\/v2\/media\/5884"}],"wp:attachment":[{"href":"https:\/\/chargingshop.eu\/sv\/wp-json\/wp\/v2\/media?parent=5930"}],"wp:term":[{"taxonomy":"product_brand","embeddable":true,"href":"https:\/\/chargingshop.eu\/sv\/wp-json\/wp\/v2\/product_brand?post=5930"},{"taxonomy":"product_cat","embeddable":true,"href":"https:\/\/chargingshop.eu\/sv\/wp-json\/wp\/v2\/product_cat?post=5930"},{"taxonomy":"product_tag","embeddable":true,"href":"https:\/\/chargingshop.eu\/sv\/wp-json\/wp\/v2\/product_tag?post=5930"}],"curies":[{"name":"wp","href":"https:\/\/api.w.org\/{rel}","templated":true}]}}