{"id":5792,"date":"2021-08-03T11:07:08","date_gmt":"2021-08-03T11:07:08","guid":{"rendered":"https:\/\/chargingshop.eu\/product\/adapter-cee-16-400v-sakerhetsadapter-for-juice-booster-2\/"},"modified":"2021-08-03T11:07:08","modified_gmt":"2021-08-03T11:07:08","slug":"adapter-cee-16-400v-sakerhetsadapter-for-juice-booster-2","status":"publish","type":"product","link":"https:\/\/chargingshop.eu\/sv\/produkt\/adapter-cee-16-400v-sakerhetsadapter-for-juice-booster-2\/","title":{"rendered":"Adapter CEE 16, 400V, s\u00e4kerhetsadapter f\u00f6r Juice Booster 2"},"content":{"rendered":"<div class=\"content-title\">\n<h2 class=\"\" data-element=\"main\" data-content-type=\"heading\" data-looks=\"default\">Du kan ladda ditt fordon p\u00e5 vilken laddningsstation som helst med r\u00e4tt adapter f\u00f6r JUICE BOOSTER 2: Adapter CEE 16<\/h2>\n<\/div>\n<div class=\"product-description\">\n<p>S\u00e4kerhetsadapter f\u00f6r laddning av <strong> CEE 16\/400 V <\/strong>, kombinerat med <a href=\"https:\/\/chargingshop.eu\/product\/juice-booster-2-mobile-ev-charger- 32-a-22kw-5m-kabel\/\"> JUICE BOOSTER 2 <\/a> kan du enkelt ladda ditt fordon med valfri <span data-story-id=\" story_4e7a24029f09064f26dd915ae6c7e8bb \" data-room-id=\" room_0e3e85a5f5e53aea55030d99bda \" data-text=\"vid vilket CEE 16-uttag som helst i Europa med laddningshastighet upp till 11 kW\" data-userid=\"638093783230025728\" data-orgid=\"638093783882313728\"> CEE 16-uttag \u00f6ver hela Europa med laddningshastighet upp till 11 kW <\/span>. Anslutningen till Juice Booster 2 g\u00f6rs via den s\u00e4kra och robusta Juice Connector.<\/p>\n<p><span style=\"font-size: 20.16px; color: #333333;\"> Tekniska data <\/span><\/p>\n<div id=\"product-technical-data\">\n<div class=\"flex justify-content-between mb-4\">\n<table width=\"294\">\n<tbody>\n<tr>\n<td width=\"142\"><strong> Typ <\/strong><\/td>\n<td width=\"152\">CEE -adapter<\/td>\n<\/tr>\n<tr>\n<td width=\"142\"><strong> Belastningsgr\u00e4ns <\/strong><\/td>\n<td width=\"152\">400 V \/ 16 A<\/td>\n<\/tr>\n<tr>\n<td width=\"142\"><strong> Sp\u00e4nning <\/strong><\/td>\n<td width=\"152\">400 V<\/td>\n<\/tr>\n<tr>\n<td width=\"142\"><strong> Elektrisk str\u00f6m <\/strong><\/td>\n<td width=\"152\">16 A<\/td>\n<\/tr>\n<tr>\n<td width=\"142\"><strong> IP -betyg <\/strong><\/td>\n<td width=\"152\">IP44<\/td>\n<\/tr>\n<tr>\n<td width=\"142\"><strong> Kabell\u00e4ngd <\/strong><\/td>\n<td width=\"152\">1,5 m<\/td>\n<\/tr>\n<tr>\n<td width=\"142\"><strong> Leads <\/strong><\/td>\n<td width=\"152\">5<\/td>\n<\/tr>\n<tr>\n<td width=\"142\"><strong> F\u00e4rg <\/strong><\/td>\n<td width=\"152\">R\u00f6d, svart<\/td>\n<\/tr>\n<\/tbody>\n<\/table>\n<\/div>\n<\/div>\n<\/div>\n<h3>Hur anv\u00e4nder jag adaptern?<\/h3>\n<p>Det \u00e4r l\u00e4tt att anv\u00e4nda, bara anslut och ladda. Ingen teknisk kunskap, utbildning eller expertis kr\u00e4vs. Anslut l\u00e4mplig adapter till JUICE BOOSTER 2, anslut den och ladda med optimal effekt.<\/p>\n","protected":false},"excerpt":{"rendered":"<p> CEE16 industriell kontakt f\u00f6r Juice Booster 2 <\/p>\n<ul>\n<li> Fr\u00e5n CEE 16 -uttag till Juice Booster 2 (fordonssida) <\/span> <\/li>\n<li> Kvalitetsprodukt fr\u00e5n Schweiz <\/li>\n<\/ul>\n","protected":false},"featured_media":5765,"comment_status":"open","ping_status":"closed","template":"","meta":[],"product_brand":[],"product_cat":[499],"product_tag":[],"class_list":{"0":"post-5792","1":"product","2":"type-product","3":"status-publish","4":"has-post-thumbnail","6":"product_cat-laddkablar-adaptrar-for-elbil","8":"first","9":"outofstock","10":"sale","11":"taxable","12":"shipping-taxable","13":"purchasable","14":"product-type-simple"},"_links":{"self":[{"href":"https:\/\/chargingshop.eu\/sv\/wp-json\/wp\/v2\/product\/5792","targetHints":{"allow":["GET"]}}],"collection":[{"href":"https:\/\/chargingshop.eu\/sv\/wp-json\/wp\/v2\/product"}],"about":[{"href":"https:\/\/chargingshop.eu\/sv\/wp-json\/wp\/v2\/types\/product"}],"replies":[{"embeddable":true,"href":"https:\/\/chargingshop.eu\/sv\/wp-json\/wp\/v2\/comments?post=5792"}],"wp:featuredmedia":[{"embeddable":true,"href":"https:\/\/chargingshop.eu\/sv\/wp-json\/wp\/v2\/media\/5765"}],"wp:attachment":[{"href":"https:\/\/chargingshop.eu\/sv\/wp-json\/wp\/v2\/media?parent=5792"}],"wp:term":[{"taxonomy":"product_brand","embeddable":true,"href":"https:\/\/chargingshop.eu\/sv\/wp-json\/wp\/v2\/product_brand?post=5792"},{"taxonomy":"product_cat","embeddable":true,"href":"https:\/\/chargingshop.eu\/sv\/wp-json\/wp\/v2\/product_cat?post=5792"},{"taxonomy":"product_tag","embeddable":true,"href":"https:\/\/chargingshop.eu\/sv\/wp-json\/wp\/v2\/product_tag?post=5792"}],"curies":[{"name":"wp","href":"https:\/\/api.w.org\/{rel}","templated":true}]}}