{"id":5738,"date":"2021-07-23T13:01:37","date_gmt":"2021-07-23T13:01:37","guid":{"rendered":"https:\/\/chargingshop.eu\/product\/juice-booster-2-mobil-ev-laddare-32-a-22kw-52-m-kabel\/"},"modified":"2021-08-02T09:57:59","modified_gmt":"2021-08-02T09:57:59","slug":"juice-booster-2-mobil-ev-laddare-32-a-22kw-52-m-kabel","status":"publish","type":"product","link":"https:\/\/chargingshop.eu\/sv\/produkt\/juice-booster-2-mobil-ev-laddare-32-a-22kw-52-m-kabel\/","title":{"rendered":"JUICE BOOSTER 2 Mobil EV -laddare 32 A, 22kW, 5,2 m kabel"},"content":{"rendered":"<h2><strong> JUICE BOOSTER 2 <\/strong> \u00e4r en fantastisk mobil laddningsstation som levereras med flera adaptrar f\u00f6r laddning av elfordon p\u00e5 alla terminaler och uttag som finns p\u00e5 marknaden.<\/h2>\n<p>JUICE BOOSTER 2 \u00e4r gjord av aluminiumlegering och \u00e4r en b\u00e4rbar laddare av h\u00f6g kvalitet och mycket robust. Anslutningarna till denna enhet tillverkas med material som anv\u00e4nds inom rymdteknik.<\/p>\n<p>Bevis p\u00e5 robusthet &#8211; laddaren fungerar fort farande \u00e4ven efter att ha blivit \u00f6verk\u00f6rd av en milit\u00e4r TANK!<\/p>\n<p><iframe src=\"https:\/\/www.youtube.com\/embed\/46I5NwEnRfo?t=28 rel=0\" width=\"640\" height=\"360\" frameborder=\"0\" allowfullscreen=\"allowfullscreen\"><\/iframe><\/p>\n<h3><strong> JUICE BOOSTER 2 mobil EV -laddare <\/strong><\/h3>\n<p>Det ger stor EV -laddningseffekt, du kan ladda ditt fordon antingen i en <strong> enfas <\/strong> eller <strong> tre faser <\/strong>, upp till en effekt p\u00e5 <strong> 22kW<\/strong> (betyder att du kan \u00e5ka 100 km om du laddar bilen i en timme).<\/p>\n<p>Den mobila laddstationen <strong> <em> JUICE BOOSTER 2 <\/em> <\/strong> \u00e4r mycket anv\u00e4ndbar eftersom den automatiskt kan uppt\u00e4cka vilken typ av adapter som \u00e4r inkopplad och laddas p\u00e5 stora <a href=\"https: \/\/chargingshop.eu\/product\/duosida-7-kw-portable-charging-connector-adjustable-8-32a-type-2-to-cee-plug-copy\/\"> laddkraft <\/a>. Du beh\u00f6ver inte ta reda p\u00e5 hur m\u00e5nga kilowattimmar du kommer att kunna ladda, s\u00e5 att du kan ladda din enhet s\u00e4kert samtidigt som du sparar din v\u00e4rdefulla tid.<\/p>\n<h3><strong> Specifikationer och funktioner <\/strong><\/h3>\n<ul>\n<li>M\u00e5tt (Diameter &amp; l\u00e4ngd): 7 cm &amp; amp; 22,5 cm respektive<\/li>\n<li>Str\u00f6mf\u00f6rs\u00f6rjning: enfas\/ trefas &#8211; alternerande &#8211; 6 till 32A<\/li>\n<li>Uteffekt: 1,4 till 22kW (det beror p\u00e5 ineffekten)<\/li>\n<li>kabel och kontaktl\u00e4ngd: 5m<\/li>\n<li>Vikt (med kontakt och kabel): 3,2 kg<\/li>\n<li>Vikt (utan kabel): 1 kg<\/li>\n<li>F\u00e4rg: svart kabel, metallic antracit<\/li>\n<li>Slagfasthet: IK10 &#8211; b\u00f6rjar motst\u00e5 \u00e4ven om ett 3t fordon rullar \u00f6ver det<\/li>\n<li>Drifttemperatur: -25 \u00b0 C till + 45 \u00b0 C<\/li>\n<li>\u00d6verensst\u00e4mmelse: CE 62196, 62752, 61851, CEM, Mode 2\/3 och RoHS<\/li>\n<li>Detektering av l\u00e4ckstr\u00f6m: ja (30mA)<\/li>\n<li>T\u00e4tning: IP67 (vattent\u00e4t)<\/li>\n<li>Integrerade effektbrytare: ja<\/li>\n<\/ul>\n<h4><strong> Kompatibel med alla elektriska fordon av typ 2 -kontakt <\/strong><\/h4>\n<p>Vilken modell som helst av ditt typ 2 -fordon hittar du The JUICE BOOSTER 2\u2019s <strong> type 2 socket <\/strong> helt kompatibel.<\/p>\n<h4><strong> Resistent och vattent\u00e4t <\/strong><\/h4>\n<p>JUICE BOOSTER 2 tillsammans med dess komponenter \u00e4r v\u00e4derbest\u00e4ndiga och st\u00f6ts\u00e4kra. \u00c4ven med en belastning p\u00e5 \u00f6ver treton, f\u00f6rblir elektroniken v\u00e4l skyddad.<\/p>\n<h4><strong> Snabbare laddning <\/strong><\/h4>\n<p>J\u00e4mf\u00f6rt med ett vanligt hush\u00e5llsuttag ger den <strong> 10 g\u00e5nger snabbare laddning <\/strong>. Ta bara en titt p\u00e5 hur snabbt batteriet laddas helt s\u00e5 att elbilen kan bli redo att r\u00f6ra sig p\u00e5 nolltid.<\/p>\n<h4><strong> Automatisk effektjustering <\/strong><\/h4>\n<p>JUICE BOOSTER 2 \u00e4r mycket enkel att anv\u00e4nda! Anslut bara en <a href=\"https:\/\/chargingshop.eu\/product\/adapter-cee-16a-to-cee-32a\/\"> adapter <\/a> till den b\u00e4rbara terminalen s\u00e5 justeras laddningseffekten automatiskt till maximal m\u00f6jlig laddningseffekt. Laddningen avbryts automatiskt n\u00e4r bilen \u00e4r fulladdad.<\/p>\n<p>Du beh\u00f6ver inte besv\u00e4ras med n\u00e5gon smartphone -applikation. JUICE BOOSTER 2 levereras med en enda knapp f\u00f6r str\u00f6mstyrka: den \u00e4r enkel, s\u00e4ker och p\u00e5litlig.<\/p>\n<h4><strong> Enkel att v\u00e4lja laddningsintensitet (6A-32A) <\/strong><\/h4>\n<p>N\u00e4r du trycker p\u00e5 knappen <strong> SELECT <\/strong> kommer stationen att minska laddningseffekten utan att n\u00e5gonsin \u00f6ka den maximala laddningseffekten som medf\u00f6ljer den anv\u00e4nda adaptern.<\/p>\n<p>N\u00e4r du trycker p\u00e5 \u201cSELECT\u201d -knappen kan du v\u00e4lja f\u00f6ljande str\u00f6mstyrkor: 32A, 25A, 20A, 16A, 13A, 10A, 8A och 6A. Genom dessa ampere kan du f\u00e5 en laddningseffekt mellan 1,3 och 22 kW.<\/p>\n<h4><strong> T2-T2-kabel kr\u00e4vs inte <\/strong><\/h4>\n<p>Det finns inget behov av T2-T2-kabel eftersom JUICE BOOSTER 2 sj\u00e4lv ers\u00e4tter en 3-fas 32A 22kW T2-T2-kabel. N\u00e4r T2-T2-adaptern \u00e4r ansluten till din JUICE BOOSTER b\u00f6rjar den fungera som 32A 22kW trefas T2-T2-kabel.<\/p>\n<h4><strong> Laddning fr\u00e5n ett hush\u00e5llsuttag blir s\u00e4kert <\/strong><\/h4>\n<p>Vid d\u00e5lig installation eller till och med felaktig kabeldragning \u00f6kar risken f\u00f6r kabelbrand om du laddar l\u00e4nge genom ett hush\u00e5llsuttag. JUICE -adaptern har ett hush\u00e5llsuttag samt tv\u00e5 temperatursensorer som h\u00e5ller din kabel skyddad \u00e4ven vid \u00f6verhettning. Vid \u00f6verhettning slutar den b\u00e4rbara laddstationen att ladda.<\/p>\n<h4><strong> S\u00e4kerhet fr\u00e5n integrerad differentialbrytare <\/strong><\/h4>\n<p>JUICE BOOSTER 2 \u00e4r utm\u00e4rkt f\u00f6r att uppfylla den nuvarande standarden IEC62752. Den b\u00e4rbara laddstationen anv\u00e4nder en differentialbrytare f\u00f6r AC- och DC -str\u00f6mmar (RCD DC 6mA, AC \/ DC 30 mA).<\/p>\n<h4><strong> St\u00f6ldskydd och felhantering <\/strong><\/h4>\n<p>JUICE BOOSTER 2 har de senaste s\u00e4kerhetsfunktionerna. Du kan bara ta bort den n\u00e4r kontakten har tagits bort fr\u00e5n ditt elfordon. Det finns ett modernt l\u00e5s som skyddar din adapter mot st\u00f6ld. F\u00f6r att f\u00f6rhindra o\u00f6nskad justering l\u00e5ses laddningseffekten efter 30 sekunder.<\/p>\n<h4><strong> Swiss made <\/strong><\/h4>\n<p>JUICE BOOSTER 2 \u00e4r en v\u00e4lk\u00e4nd produkt fr\u00e5n ett schweiziskt f\u00f6retag som heter <a href=\"https:\/\/en.juice-world.com\/\" target=\"_blank\" rel=\"noopener\"> Juice Technology AG <\/a>. F\u00f6retaget tillverkar kvalitetsprodukter med innovativ design, som utvecklar och tillverkar alla sina enheter inom Europa f\u00f6r att uppfylla de lokala kraven. Varum\u00e4rket \u00e4r mycket k\u00e4nt som kan f\u00f6lja nya trender och \u00e4ven det \u00e4r ett steg f\u00f6re j\u00e4mf\u00f6rt med sina konkurrenter.<\/p>\n<h4><strong> Enkel lagring <\/strong><\/h4>\n<p>Det rektangul\u00e4ra fodralet best\u00e5r av alla komponenter i JUICE BOOSTER 2 -f\u00f6rpackningen. Du f\u00e5r ocks\u00e5 en kardborreband med lock f\u00f6r att optimera situationen i ditt elfordons f\u00f6rvaringsfack.<\/p>\n","protected":false},"excerpt":{"rendered":"<p>JUICE BOOSTER \u00e4r tre enheter i en l\u00f6sning:<\/p>\n<ul>\n<li>kan fungera som en wallbox<\/li>\n<li>\u00e4r en b\u00e4rbar laddare<\/li>\n<li>kan anv\u00e4ndas som typ 2 -kabel<\/li>\n<\/ul>\n<p>Det \u00e4r den mest robusta mobila laddstationen. Du kan ladda fr\u00e5n valfri kontakt eller offentlig laddstation. Dess otroligt l\u00e4ttanv\u00e4nda, v\u00e4derbest\u00e4ndiga, st\u00f6lds\u00e4kra, st\u00f6der upp till 10 g\u00e5nger snabbare laddningshastighet j\u00e4mf\u00f6rt med uttag. En kvalitetsprodukt fr\u00e5n Schweiz.<\/p>\n","protected":false},"featured_media":5290,"comment_status":"open","ping_status":"closed","template":"","meta":[],"product_brand":[],"product_cat":[499,231,256],"product_tag":[],"class_list":{"0":"post-5738","1":"product","2":"type-product","3":"status-publish","4":"has-post-thumbnail","6":"product_cat-laddkablar-adaptrar-for-elbil","7":"product_cat-wallbox-chargers-sv","8":"product_cat-tillbehor-laddningskabel","9":"pa_brand-juice-sv","11":"first","12":"outofstock","13":"taxable","14":"shipping-taxable","15":"purchasable","16":"product-type-simple"},"_links":{"self":[{"href":"https:\/\/chargingshop.eu\/sv\/wp-json\/wp\/v2\/product\/5738","targetHints":{"allow":["GET"]}}],"collection":[{"href":"https:\/\/chargingshop.eu\/sv\/wp-json\/wp\/v2\/product"}],"about":[{"href":"https:\/\/chargingshop.eu\/sv\/wp-json\/wp\/v2\/types\/product"}],"replies":[{"embeddable":true,"href":"https:\/\/chargingshop.eu\/sv\/wp-json\/wp\/v2\/comments?post=5738"}],"wp:featuredmedia":[{"embeddable":true,"href":"https:\/\/chargingshop.eu\/sv\/wp-json\/wp\/v2\/media\/5290"}],"wp:attachment":[{"href":"https:\/\/chargingshop.eu\/sv\/wp-json\/wp\/v2\/media?parent=5738"}],"wp:term":[{"taxonomy":"product_brand","embeddable":true,"href":"https:\/\/chargingshop.eu\/sv\/wp-json\/wp\/v2\/product_brand?post=5738"},{"taxonomy":"product_cat","embeddable":true,"href":"https:\/\/chargingshop.eu\/sv\/wp-json\/wp\/v2\/product_cat?post=5738"},{"taxonomy":"product_tag","embeddable":true,"href":"https:\/\/chargingshop.eu\/sv\/wp-json\/wp\/v2\/product_tag?post=5738"}],"curies":[{"name":"wp","href":"https:\/\/api.w.org\/{rel}","templated":true}]}}