{"id":5736,"date":"2021-07-24T14:11:33","date_gmt":"2021-07-24T14:11:33","guid":{"rendered":"https:\/\/chargingshop.eu\/product\/juice-charger-me-11-kw-5m-kabel-rfid\/"},"modified":"2021-07-24T14:11:33","modified_gmt":"2021-07-24T14:11:33","slug":"juice-charger-me-11-kw-5m-kabel-rfid","status":"publish","type":"product","link":"https:\/\/chargingshop.eu\/sv\/produkt\/juice-charger-me-11-kw-5m-kabel-rfid\/","title":{"rendered":"JUICE CHARGER me, 11 KW, 5m kabel, RFID"},"content":{"rendered":"<h2><strong> JUICE CHARGER me <\/strong> \u00e4r en intelligent v\u00e4ggladdningsstation med laddkraft upp till 11 kW<\/h2>\n<p>JUICE CHARGER me \u00e4r f\u00f6rkonfigurerad fr\u00e5n fabrik och kan anv\u00e4ndas direkt p\u00e5 plats. Inga ytterligare inst\u00e4llningar kr\u00e4vs.<\/p>\n<p><b> JUICE CHARGER <\/b> \u00e4r en av de f\u00f6rsta v\u00e4ggmonterade laddningsboxarna, utformade f\u00f6r att fungera som en &#8220;plug and play&#8221; -standard, den framtida laddningsstandarden f\u00f6r alla europeiska l\u00e4nder och andra regioner.\u00a0<\/p>\n<p>JUICE CHARGER finansieras av KfW (Tyskland) och \u00e4r perfekt f\u00f6r garage, privata parkeringsplatser eller carport. Som en enda laddstation i den privata sektorn kr\u00e4vs endast elektriska anslutningar. Som en liten, enkel och billig variant \u00e4r den ocks\u00e5 l\u00e4mplig f\u00f6r hotell, golf\/tennis\/sportparkeringar. Deras flexibilitet i anv\u00e4ndning g\u00f6r dem ocks\u00e5 attraktiva f\u00f6r garage och parkeringsplatser i flera v\u00e5ningar. \/Laddningskontrolll\u00e4ge, <strong> JUICE CHARGER <\/strong> beh\u00f6ver bara LAN -anslutning. <b> <\/b><\/p>\n<p>St\u00e5 upp, anslut, ladda: P\u00e5 offentliga platser kan bilen l\u00e5sas upp via RFID, utan att du beh\u00f6ver &#8220;plugga och ladda&#8221;.<\/p>\n<h3>JUICE CHARGER mig \u00e4r:<\/h3>\n<ul>\n<li><strong> En plug-and-play-enhet: <\/strong> laddstationen \u00e4r helt konfigurerad p\u00e5 fabriken och kan anv\u00e4ndas omedelbart utan ytterligare inst\u00e4llningar.<\/li>\n<li>Utrustad med funktionen <strong> \u201canslut och ladda\u201d <\/strong> i bilen i enlighet med ISO 15118. Efter att laddaren har anslutits till biluttaget aktiveras <strong> JUICE CHARGER <\/strong> och laddningsprocessen startar.<\/li>\n<li>Utrustad med en <strong> RFID-l\u00e4sare <\/strong> l\u00e4mplig f\u00f6r alla andra fordon och utrustad med tv\u00e5 f\u00f6rprogrammerade RFID-kort.<\/li>\n<li>Utvecklad f\u00f6r att driva 2 till 250 master- och slavenheter. I detta fall \u00e4r en enhet ansvarig f\u00f6r j\u00e4mn f\u00f6rdelning av tillg\u00e4nglig str\u00f6m till alla andra stationer. Men smart JUICE: s styrning i flera riktningar ger st\u00f6rre flexibilitet, till exempel kan enskilda fordon prioriteras.<\/li>\n<li>De \u00e4r redan utrustade med standardiserade gr\u00e4nssnitt (Modbus\/TCP, Modbus\/RTU, EEBUS) f\u00f6r den senaste generationen av smarta hem, till exempel kan de drivas fr\u00e5n vanliga fotovoltaiska hush\u00e5llssystem. P\u00e5 grund av IP54 finns det inget behov av att kontrollera hanteringen av externa laster.<\/li>\n<li>den \u00e4r l\u00e4mplig f\u00f6r inomhus- och utomhusbruk.<\/li>\n<li>Den kan installeras p\u00e5 v\u00e4ggen ensam eller p\u00e5 en sockel som kan n\u00e5s individuellt eller i par. F\u00f6r v\u00e4ggmontering ing\u00e5r dockningsf\u00e4stet f\u00f6r fordon av typ 2 i leveransen; frist\u00e5ende f\u00e4ste kan tillhandah\u00e5llas separat. <b> <\/b><\/li>\n<\/ul>\n<h3>Specifikation:<\/h3>\n<section class=\"content-main container block-group\">\n<table border=\"0\">\n<tbody>\n<tr>\n<td><strong>M\u00e5tt<\/strong><\/td>\n<td>240 x 240 x 120 mm (H x B x D)<\/td>\n<\/tr>\n<tr>\n<td><strong> Kabell\u00e4ngd <\/strong><\/td>\n<td>5 m<\/td>\n<\/tr>\n<tr>\n<td><b> Vikt\u00a0<\/b><\/td>\n<td>ca. 6,5 kg (inkl. Laddkabel)<\/td>\n<\/tr>\n<tr>\n<td><strong> Ing\u00e5ngsstr\u00f6m <\/strong><\/td>\n<td>230 V, 6 &#8211; 32 A (1 fas) AC eller 400 V, 6 &#8211; 32 A (3 fas) AC<\/td>\n<\/tr>\n<tr>\n<td><strong> Power output <\/strong><\/td>\n<td>22 kW (32 A, trefas); reglerad version f\u00f6r KfW -bidrag: max. 11 kW (16 A, trefas)<\/td>\n<\/tr>\n<tr>\n<td><strong> Material, f\u00e4rg <\/strong><\/td>\n<td>ram borstat rostfritt st\u00e5l, frontpanel svart UV-best\u00e4ndigt polykarbonatglas<\/td>\n<\/tr>\n<tr>\n<td><strong>Anslutning<\/strong><\/td>\n<td>Fixat<\/td>\n<\/tr>\n<tr>\n<td><strong> CE -\u00f6verensst\u00e4mmelse <\/strong><\/td>\n<td>IEC 61851, IEC 61439-7, EMC RoHS \/ IEC EN 50470, EMC RoHS (f\u00f6r valfri MID-kompatibel m\u00e4tare)<\/td>\n<\/tr>\n<tr>\n<td><strong> Skyddsklass <\/strong><\/td>\n<td>IP54<\/td>\n<\/tr>\n<tr>\n<td><strong> RCD -s\u00e4kerhet <\/strong><\/td>\n<td>RCD DC 6 mA, AC 30 mA &#8211; Temperatur\u00f6vervakning<\/td>\n<\/tr>\n<tr>\n<td><strong> Fordons sidokoppling <\/strong><\/td>\n<td>Typ 2 (IEC 62196)<\/td>\n<\/tr>\n<\/tbody>\n<\/table>\n<div>\u00a0<\/div>\n<div class=\"product-info\"><strong style=\"font-size: 14.4px;\"> JUICE CHARGER mig \u00e4r det b\u00e4sta valet f\u00f6r: <\/strong><\/div>\n<\/section>\n<ol>\n<li>F\u00f6r prismedvetna anv\u00e4ndare som inte vill kompromissa med design och funktionalitet.<\/li>\n<li>Anv\u00e4nd nuvarande och framtida laddningsstandarder &#8220;plug and play&#8221; f\u00f6r att g\u00f6ra laddningen enklare.<\/li>\n<li>Arbeta inomhus och utomhus. Sk\u00e4rmen \u00e4r inte f\u00f6rvr\u00e4ngd, men tre upplysta f\u00e4rgikoner anger aktuell status. <b> <\/b><\/li>\n<\/ol>\n<p>Har du n\u00e5gon fr\u00e5ga? <a href=\"https:\/\/chargingshop.eu\/sv\/knowledge-center\/\"> V\u00e5rt kunskapscenter <\/a> inneh\u00e5ller allt du beh\u00f6ver veta om laddning av din elbil.<\/p>\n","protected":false},"excerpt":{"rendered":"<p> JUICE CHARGER me \u00e4r s\u00e4rskilt kompakt med en kantl\u00e4ngd p\u00e5 24 cm och ett djup p\u00e5 12 cm och dessutom mycket l\u00e4tt med en vikt p\u00e5 endast 6,5 kg (inklusive kabel). <\/p>\n<ul>\n<li> KFW -finansierad 11kW wallbox <\/li>\n<li> Aktivering via RFID <\/li>\n<li> Plug and Charge &#8211; GJORT i TYSKLAND <\/li>\n<\/ul>\n","protected":false},"featured_media":5427,"comment_status":"open","ping_status":"closed","template":"","meta":[],"product_brand":[],"product_cat":[231],"product_tag":[],"class_list":{"0":"post-5736","1":"product","2":"type-product","3":"status-publish","4":"has-post-thumbnail","6":"product_cat-wallbox-chargers-sv","7":"pa_brand-juice-sv","9":"first","10":"outofstock","11":"sale","12":"taxable","13":"shipping-taxable","14":"purchasable","15":"product-type-simple"},"_links":{"self":[{"href":"https:\/\/chargingshop.eu\/sv\/wp-json\/wp\/v2\/product\/5736","targetHints":{"allow":["GET"]}}],"collection":[{"href":"https:\/\/chargingshop.eu\/sv\/wp-json\/wp\/v2\/product"}],"about":[{"href":"https:\/\/chargingshop.eu\/sv\/wp-json\/wp\/v2\/types\/product"}],"replies":[{"embeddable":true,"href":"https:\/\/chargingshop.eu\/sv\/wp-json\/wp\/v2\/comments?post=5736"}],"wp:featuredmedia":[{"embeddable":true,"href":"https:\/\/chargingshop.eu\/sv\/wp-json\/wp\/v2\/media\/5427"}],"wp:attachment":[{"href":"https:\/\/chargingshop.eu\/sv\/wp-json\/wp\/v2\/media?parent=5736"}],"wp:term":[{"taxonomy":"product_brand","embeddable":true,"href":"https:\/\/chargingshop.eu\/sv\/wp-json\/wp\/v2\/product_brand?post=5736"},{"taxonomy":"product_cat","embeddable":true,"href":"https:\/\/chargingshop.eu\/sv\/wp-json\/wp\/v2\/product_cat?post=5736"},{"taxonomy":"product_tag","embeddable":true,"href":"https:\/\/chargingshop.eu\/sv\/wp-json\/wp\/v2\/product_tag?post=5736"}],"curies":[{"name":"wp","href":"https:\/\/api.w.org\/{rel}","templated":true}]}}