{"id":4796,"date":"2021-03-01T10:19:28","date_gmt":"2021-03-01T10:19:28","guid":{"rendered":"https:\/\/chargingshop.eu\/product\/laddkabel-for-elbil-typ-1-to-typ-2-1-fas-16a-5m\/"},"modified":"2021-03-07T15:08:54","modified_gmt":"2021-03-07T15:08:54","slug":"laddkabel-for-elbil-typ-1-to-typ-2-1-fas-16a-5m","status":"publish","type":"product","link":"https:\/\/chargingshop.eu\/sv\/produkt\/laddkabel-for-elbil-typ-1-to-typ-2-1-fas-16a-5m\/","title":{"rendered":"Laddkabel f\u00f6r elbil &#8211; Typ 1 to Typ 2, 1 fas, 16A, 5m"},"content":{"rendered":"<h1>Laddkabel f\u00f6r elbil &#8211; Typ 1 to Typ 2, 1 fas, 16A, 5m<\/h1>\n<p>Med den h\u00e4r kabeln kan du ladda din Elbil \/ PHEV som har typ 1-port (biluttag) med en EV-laddningsstation som har typ 2-uttag. Kabeln \u00e4r 16 Amp, enfas, kan ladda din EV upp till 3,6 kW. Produkten \u00e4r designad f\u00f6r enkel anv\u00e4ndning och \u00e4r enkel att ansluta. Arbetsl\u00e4ngden \u00e4r 5 meter och \u00e4r tillverkad av termoplastiskt material. Den har skyddsniv\u00e5 IP55, \u00e4r antiflammande, tryckbest\u00e4ndig, n\u00f6tningsbest\u00e4ndig och slagt\u00e5lig.<\/p>\n<p><strong>Hur du f\u00f6rvarar:<\/strong><\/p>\n<div>Vi rekommenderar att du f\u00f6rvarar kabeln p\u00e5 en torr plats. Det rekommenderas att du f\u00f6rvarar den i f\u00f6rvaringsp\u00e5sen. Om kabeln f\u00e5r fukt i kontakterna kommer det att leda till fel. Om detta h\u00e4nder placera kabeln p\u00e5 en varm och torr plats i 24-36 timmar. Undvik att l\u00e4mna kabeln utomhus d\u00e4r solen, vind, damm eller regn kan komma till den. Damm och smuts i kontakterna kan leda till att kabeln inte laddas. F\u00f6r l\u00e5ng livsl\u00e4ngd, se till att din EV-laddningskabel inte \u00e4r vriden eller b\u00f6js f\u00f6r mycket under lagringen.<\/div>\n<div><\/div>\n<div>EV-laddningskabel typ 1 till typ 2 16A 1 fas 5m \u00e4r mycket l\u00e4tt att anv\u00e4nda och lagra. Kabeln \u00e4r utformad f\u00f6r b\u00e5de utomhus- och inomhusladdning och den har IP55 (Ingress Protection). Det betyder att det har skydd mot damm och vattenst\u00e4nk fr\u00e5n alla h\u00e5ll.<\/div>\n","protected":false},"excerpt":{"rendered":"<h1><span style=\"color: #555555; font-size: 14.4px;\">Laddkabel f\u00f6r elbil\u00a0 typ 1 till typ 2 16A, 5 meter l\u00e4ngd <\/span><\/h1>\n<h1><span style=\"color: #555555; font-size: 14.4px;\">L\u00e4tt och extremt flexibelt vilket g\u00f6r det mycket enkelt att anv\u00e4nda, lagra och transportera. IP55-klassad.<\/span><\/h1>\n","protected":false},"featured_media":4773,"comment_status":"open","ping_status":"closed","template":"","meta":[],"product_brand":[],"product_cat":[499],"product_tag":[],"class_list":{"0":"post-4796","1":"product","2":"type-product","3":"status-publish","4":"has-post-thumbnail","6":"product_cat-laddkablar-adaptrar-for-elbil","8":"first","9":"instock","10":"sale","11":"taxable","12":"shipping-taxable","13":"purchasable","14":"product-type-simple"},"_links":{"self":[{"href":"https:\/\/chargingshop.eu\/sv\/wp-json\/wp\/v2\/product\/4796","targetHints":{"allow":["GET"]}}],"collection":[{"href":"https:\/\/chargingshop.eu\/sv\/wp-json\/wp\/v2\/product"}],"about":[{"href":"https:\/\/chargingshop.eu\/sv\/wp-json\/wp\/v2\/types\/product"}],"replies":[{"embeddable":true,"href":"https:\/\/chargingshop.eu\/sv\/wp-json\/wp\/v2\/comments?post=4796"}],"wp:featuredmedia":[{"embeddable":true,"href":"https:\/\/chargingshop.eu\/sv\/wp-json\/wp\/v2\/media\/4773"}],"wp:attachment":[{"href":"https:\/\/chargingshop.eu\/sv\/wp-json\/wp\/v2\/media?parent=4796"}],"wp:term":[{"taxonomy":"product_brand","embeddable":true,"href":"https:\/\/chargingshop.eu\/sv\/wp-json\/wp\/v2\/product_brand?post=4796"},{"taxonomy":"product_cat","embeddable":true,"href":"https:\/\/chargingshop.eu\/sv\/wp-json\/wp\/v2\/product_cat?post=4796"},{"taxonomy":"product_tag","embeddable":true,"href":"https:\/\/chargingshop.eu\/sv\/wp-json\/wp\/v2\/product_tag?post=4796"}],"curies":[{"name":"wp","href":"https:\/\/api.w.org\/{rel}","templated":true}]}}