{"id":3463,"date":"2020-12-17T15:26:11","date_gmt":"2020-12-17T15:26:13","guid":{"rendered":"https:\/\/chargingshop.eu\/?post_type=product&#038;p=3463"},"modified":"2020-12-20T20:58:35","modified_gmt":"2020-12-20T20:58:35","slug":"webasto-live-22kw-med-type-2-kabel","status":"publish","type":"product","link":"https:\/\/chargingshop.eu\/sv\/produkt\/webasto-live-22kw-med-type-2-kabel\/","title":{"rendered":"Webasto Live 22kW, 4G med Type 2-kabel"},"content":{"rendered":"<p><strong>Webasto Pure 22kW med Type 2-kabel<\/strong>\u00a0<\/p>\n<p>Den har smart anslutning (4G LTE-modem) och en MID-kompatibel r\u00e4knare.<br \/>Tack vare OCPP finns det ocks\u00e5 m\u00f6jlighet att fakturera via backend-system.<\/p>\n<div><strong>Webasto Live har f\u00f6ljande f\u00f6rdelar:<\/strong><\/div>\n<ul>\n<li>Typ 2-kontakt, upp till 22 kW laddningseffekt<\/li>\n<li>Valfritt med 4,5 m kabel som kontakt (typ 2)<\/li>\n<li>Kostnadseffektiv installation tack vare integrerad DC-felavk\u00e4nning (\u2265 6mA)<\/li>\n<li>Integrerat 4G-modem f\u00f6r h\u00f6ga data\u00f6verf\u00f6ringshastigheter<\/li>\n<li>St\u00f6d f\u00f6r sol- och tariffoptimerad laddning genom dynamisk justering av laddningseffekten<\/li>\n<li>MID-kompatibel m\u00e4tare f\u00f6r kalibrerad m\u00e4tning<\/li>\n<li>Framtidss\u00e4ker genom onlineuppdateringar<\/li>\n<li>Enkel autentisering tack vare Plug &amp; Charge (ISO 15118)<\/li>\n<li>Maximal s\u00e4kerhet vid anv\u00e4ndning av RFID via DESFire-support<\/li>\n<li>Kompatibel med standard backend-system som anv\u00e4nder OCPP 1.6<\/li>\n<li>H\u00f6g bearbetningskvalitet \u201cMade in Germany\u201d<\/li>\n<\/ul>\n","protected":false},"excerpt":{"rendered":"<p>Tysk kvalitet men \u00e4nd\u00e5 \u00f6verkomligt pris. Integrerat 4G-modem f\u00f6r h\u00f6ga data\u00f6verf\u00f6ringshastigheter. Justerbar laddningskapacitet fr\u00e5n 3,7 kW till 22 kW samt 4,5 m permanent ansluten laddkabel. Enkel och bekv\u00e4m anv\u00e4ndning och upp till tio g\u00e5nger snabbare laddning j\u00e4mf\u00f6rt med hush\u00e5llsuttaget. H\u00f6gsta els\u00e4kerhet tack vare eget s\u00e4kringsskydd.<\/p>\n","protected":false},"featured_media":2941,"comment_status":"open","ping_status":"closed","template":"","meta":[],"product_brand":[],"product_cat":[231],"product_tag":[],"class_list":{"0":"post-3463","1":"product","2":"type-product","3":"status-publish","4":"has-post-thumbnail","6":"product_cat-wallbox-chargers-sv","7":"pa_brand-webasto-sv","9":"first","10":"instock","11":"taxable","12":"shipping-taxable","13":"purchasable","14":"product-type-simple"},"_links":{"self":[{"href":"https:\/\/chargingshop.eu\/sv\/wp-json\/wp\/v2\/product\/3463","targetHints":{"allow":["GET"]}}],"collection":[{"href":"https:\/\/chargingshop.eu\/sv\/wp-json\/wp\/v2\/product"}],"about":[{"href":"https:\/\/chargingshop.eu\/sv\/wp-json\/wp\/v2\/types\/product"}],"replies":[{"embeddable":true,"href":"https:\/\/chargingshop.eu\/sv\/wp-json\/wp\/v2\/comments?post=3463"}],"wp:featuredmedia":[{"embeddable":true,"href":"https:\/\/chargingshop.eu\/sv\/wp-json\/wp\/v2\/media\/2941"}],"wp:attachment":[{"href":"https:\/\/chargingshop.eu\/sv\/wp-json\/wp\/v2\/media?parent=3463"}],"wp:term":[{"taxonomy":"product_brand","embeddable":true,"href":"https:\/\/chargingshop.eu\/sv\/wp-json\/wp\/v2\/product_brand?post=3463"},{"taxonomy":"product_cat","embeddable":true,"href":"https:\/\/chargingshop.eu\/sv\/wp-json\/wp\/v2\/product_cat?post=3463"},{"taxonomy":"product_tag","embeddable":true,"href":"https:\/\/chargingshop.eu\/sv\/wp-json\/wp\/v2\/product_tag?post=3463"}],"curies":[{"name":"wp","href":"https:\/\/api.w.org\/{rel}","templated":true}]}}