{"id":3432,"date":"2020-12-17T13:51:29","date_gmt":"2020-12-17T13:51:30","guid":{"rendered":"https:\/\/chargingshop.eu\/?post_type=product&#038;p=3432"},"modified":"2020-12-17T14:56:12","modified_gmt":"2020-12-17T14:56:12","slug":"abb-charging-cable-22kw-t2-t2-7m-3p-32a","status":"publish","type":"product","link":"https:\/\/chargingshop.eu\/sv\/produkt\/abb-charging-cable-22kw-t2-t2-7m-3p-32a\/","title":{"rendered":"ABB Elbil laddningskabel 22kW Type 2 (32A x3 &#8211; trefas) &#8211; 7m l\u00e4ngd"},"content":{"rendered":"<p><strong>ABB Elbil ladningskabel 22kW TAC-cable Type2-Type2 7m 3fase 32A (6AGC082537)<\/strong><\/p>\n<p><strong>S\u00e4rdrag:<\/strong><\/p>\n<ul>\n<li>Original ABB laddningskontakt f\u00f6r elfordon<\/li>\n<li>Robust design. Dess strukturella styrka \u00e4r tillr\u00e4ckligt f\u00f6r att st\u00f6dja rullning av en elbil.<\/li>\n<li>Unik b\u00e5gsl\u00e4ckningsteknik s\u00e4kerst\u00e4ller att det inte finns n\u00e5gra elektriska gnistor n\u00e4r du kopplar in och kopplar ut.<\/li>\n<li>S\u00e4ker &amp; p\u00e5litlig. Kabeln \u00e4r tillverkad av flamskyddad TPE (TPU) -material, som kan motst\u00e5 direkt brandf\u00f6rbr\u00e4nning inom en s\u00e4ker tid.<\/li>\n<li>H\u00e5llbar. Den avancerade Crimping-teknologin garanterar f\u00f6rl\u00e4ngd arbetsliv.<\/li>\n<li>Driftsp\u00e4nning 400VAC<\/li>\n<li>Driftstemperaturomr\u00e5de -30 \u00b0 C till + 60 \u00b0 C<\/li>\n<li>Kontakter av kopparlegering<\/li>\n<li>Fabrikant &#8211; ABB<\/li>\n<\/ul>\n<p>&nbsp;<\/p>\n","protected":false},"excerpt":{"rendered":"<p>EV-laddningskabel 22kW typ 2 (32A x3 &#8211; trefas) &#8211; originalladdningskabel fr\u00e5n v\u00e4rldsledande f\u00f6retag inom e-mobilitet &#8211; ABB.<\/p>\n","protected":false},"featured_media":3444,"comment_status":"open","ping_status":"closed","template":"","meta":[],"product_brand":[],"product_cat":[499,256],"product_tag":[],"class_list":{"0":"post-3432","1":"product","2":"type-product","3":"status-publish","4":"has-post-thumbnail","6":"product_cat-laddkablar-adaptrar-for-elbil","7":"product_cat-tillbehor-laddningskabel","9":"first","10":"instock","11":"sale","12":"taxable","13":"shipping-taxable","14":"purchasable","15":"product-type-simple"},"_links":{"self":[{"href":"https:\/\/chargingshop.eu\/sv\/wp-json\/wp\/v2\/product\/3432","targetHints":{"allow":["GET"]}}],"collection":[{"href":"https:\/\/chargingshop.eu\/sv\/wp-json\/wp\/v2\/product"}],"about":[{"href":"https:\/\/chargingshop.eu\/sv\/wp-json\/wp\/v2\/types\/product"}],"replies":[{"embeddable":true,"href":"https:\/\/chargingshop.eu\/sv\/wp-json\/wp\/v2\/comments?post=3432"}],"wp:featuredmedia":[{"embeddable":true,"href":"https:\/\/chargingshop.eu\/sv\/wp-json\/wp\/v2\/media\/3444"}],"wp:attachment":[{"href":"https:\/\/chargingshop.eu\/sv\/wp-json\/wp\/v2\/media?parent=3432"}],"wp:term":[{"taxonomy":"product_brand","embeddable":true,"href":"https:\/\/chargingshop.eu\/sv\/wp-json\/wp\/v2\/product_brand?post=3432"},{"taxonomy":"product_cat","embeddable":true,"href":"https:\/\/chargingshop.eu\/sv\/wp-json\/wp\/v2\/product_cat?post=3432"},{"taxonomy":"product_tag","embeddable":true,"href":"https:\/\/chargingshop.eu\/sv\/wp-json\/wp\/v2\/product_tag?post=3432"}],"curies":[{"name":"wp","href":"https:\/\/api.w.org\/{rel}","templated":true}]}}