{"id":2919,"date":"2020-09-01T13:03:45","date_gmt":"2020-09-01T13:03:46","guid":{"rendered":"https:\/\/chargingshop.eu\/?post_type=product&#038;p=2919"},"modified":"2021-08-24T15:43:49","modified_gmt":"2021-08-24T15:43:49","slug":"16a-laddningsadapter-duosida-36-kw-typ-2-till-cee-kontakt","status":"publish","type":"product","link":"https:\/\/chargingshop.eu\/sv\/produkt\/16a-laddningsadapter-duosida-36-kw-typ-2-till-cee-kontakt\/","title":{"rendered":"16A laddningsadapter DUOSIDA 3,6 kW typ 2 till CEE-kontakt"},"content":{"rendered":"<p><strong>16A laddningsadapter DUOSIDA 3,6 kW typ 2 till CEE-kontakt (16A x1 &#8211; en fase)<\/strong><\/p>\n<p><strong>S\u00e4rdrag:<\/strong><\/p>\n<ul>\n<li>Laddningskraft 3,6kW;<\/li>\n<li>Max sp\u00e4nning 230V;<\/li>\n<li>Amperage 16\u0410;<\/li>\n<li>Bilanslutning TYPE2;<\/li>\n<li>str\u00f6mf\u00f6rs\u00f6rjning &#8211; 16A en fas;<\/li>\n<li>Kabell\u00e4ngd 5 meter.<\/li>\n<li>Driftstemperaturomr\u00e5de -30 \u00b0 C till + 50 \u00b0 C<\/li>\n<li>Tillverkare &#8211; DUOSIDA (Kina)<\/li>\n<\/ul>\n","protected":false},"excerpt":{"rendered":"<div>Den b\u00e4rbara laddaren TYPE2 \u00e4r konstruerad f\u00f6r att ladda elbilar fr\u00e5n 230V-uttaget.<\/div>\n<div><\/div>\n<div>Med TYPE2-laddaren kan du alltid ladda din elbil varhelst det finns tillg\u00e5ng till ett 230V-hush\u00e5llsuttag. Varje elbil \u00e4r utrustad med en s\u00e5dan b\u00e4rbar laddningskabel.<\/div>\n","protected":false},"featured_media":2929,"comment_status":"open","ping_status":"closed","template":"","meta":[],"product_brand":[],"product_cat":[256],"product_tag":[],"class_list":{"0":"post-2919","1":"product","2":"type-product","3":"status-publish","4":"has-post-thumbnail","6":"product_cat-tillbehor-laddningskabel","8":"first","9":"outofstock","10":"taxable","11":"shipping-taxable","12":"purchasable","13":"product-type-simple"},"_links":{"self":[{"href":"https:\/\/chargingshop.eu\/sv\/wp-json\/wp\/v2\/product\/2919","targetHints":{"allow":["GET"]}}],"collection":[{"href":"https:\/\/chargingshop.eu\/sv\/wp-json\/wp\/v2\/product"}],"about":[{"href":"https:\/\/chargingshop.eu\/sv\/wp-json\/wp\/v2\/types\/product"}],"replies":[{"embeddable":true,"href":"https:\/\/chargingshop.eu\/sv\/wp-json\/wp\/v2\/comments?post=2919"}],"wp:featuredmedia":[{"embeddable":true,"href":"https:\/\/chargingshop.eu\/sv\/wp-json\/wp\/v2\/media\/2929"}],"wp:attachment":[{"href":"https:\/\/chargingshop.eu\/sv\/wp-json\/wp\/v2\/media?parent=2919"}],"wp:term":[{"taxonomy":"product_brand","embeddable":true,"href":"https:\/\/chargingshop.eu\/sv\/wp-json\/wp\/v2\/product_brand?post=2919"},{"taxonomy":"product_cat","embeddable":true,"href":"https:\/\/chargingshop.eu\/sv\/wp-json\/wp\/v2\/product_cat?post=2919"},{"taxonomy":"product_tag","embeddable":true,"href":"https:\/\/chargingshop.eu\/sv\/wp-json\/wp\/v2\/product_tag?post=2919"}],"curies":[{"name":"wp","href":"https:\/\/api.w.org\/{rel}","templated":true}]}}