{"id":2849,"date":"2020-08-31T12:13:20","date_gmt":"2020-08-31T12:13:22","guid":{"rendered":"https:\/\/chargingshop.eu\/?post_type=product&#038;p=2849"},"modified":"2020-09-01T06:23:28","modified_gmt":"2020-09-01T06:23:28","slug":"duosida-7-kw-barbar-laddningskontakt-justerbar-8-32a","status":"publish","type":"product","link":"https:\/\/chargingshop.eu\/sv\/produkt\/duosida-7-kw-barbar-laddningskontakt-justerbar-8-32a\/","title":{"rendered":"DUOSIDA 7 kW b\u00e4rbar laddningskontakt justerbar 8- 32A typ 1 till CEE-kontakt"},"content":{"rendered":"<p><strong>DUOSIDA 7 kW b\u00e4rbar laddningskontakt justerbar 8- 32A typ 1 till CEE-kontakt (16A x1 &#8211; en fase)<\/strong><\/p>\n<p><strong>S\u00e4rdrag:<\/strong><\/p>\n<ul>\n<li>Laddningseffekt fr\u00e5n 2 kW till 7,2 kW (justerbar);<\/li>\n<li>Max sp\u00e4nning 230V;<\/li>\n<li>Amperage 8A, 10A, 13A, 16A, 32A (kan justeras p\u00e5 adaptersk\u00e4rm);<\/li>\n<li>Bilanslutning TYPE1;<\/li>\n<li>Milj\u00f6skyddsklass &#8211; IP55 t\u00e4ckning av gummi \/ plast;<\/li>\n<li>Str\u00f6mf\u00f6rs\u00f6rjning &#8211; 32A en fas;<\/li>\n<li>Str\u00f6mf\u00f6rs\u00f6rjningskontakt temperatursensor (temperatur kan ses p\u00e5 displayen);<\/li>\n<li>Laddningshastighet (visas p\u00e5 displayen);<\/li>\n<li>Kabell\u00e4ngd 5 meter.<\/li>\n<li>Driftstemperaturomr\u00e5de -30 \u00b0 C till + 50 \u00b0 C<\/li>\n<li>Tillverkare &#8211; DUOSIDA (Kina)<\/li>\n<\/ul>\n","protected":false},"excerpt":{"rendered":"<p>DUOSIDA 7 kW b\u00e4rbar och justerbar laddning TYPE1-kontakt. G\u00f6r det m\u00f6jligt att ladda elbilen fr\u00e5n hush\u00e5llets 32A-uttag i en fas. Om det beh\u00f6vs kan laddningsstr\u00f6mmen minskas vid otillr\u00e4cklig effekt vid den elektriska ing\u00e5ngen eller vid en gammal och op\u00e5litlig elektrisk installation. Till exempel n\u00e4r alla elektriska apparater i hemmet anv\u00e4nds (under rusningstid) kan laddningsstr\u00f6mmen minskas, och n\u00e4r du beh\u00f6ver ladda en elbil snabbt kan du anv\u00e4nda denna laddare upp till 7,2 kW och 32A laddningsstr\u00f6m.<\/p>\n","protected":false},"featured_media":2664,"comment_status":"open","ping_status":"closed","template":"","meta":[],"product_brand":[],"product_cat":[256],"product_tag":[],"class_list":{"0":"post-2849","1":"product","2":"type-product","3":"status-publish","4":"has-post-thumbnail","6":"product_cat-tillbehor-laddningskabel","8":"first","9":"instock","10":"taxable","11":"shipping-taxable","12":"purchasable","13":"product-type-simple"},"_links":{"self":[{"href":"https:\/\/chargingshop.eu\/sv\/wp-json\/wp\/v2\/product\/2849","targetHints":{"allow":["GET"]}}],"collection":[{"href":"https:\/\/chargingshop.eu\/sv\/wp-json\/wp\/v2\/product"}],"about":[{"href":"https:\/\/chargingshop.eu\/sv\/wp-json\/wp\/v2\/types\/product"}],"replies":[{"embeddable":true,"href":"https:\/\/chargingshop.eu\/sv\/wp-json\/wp\/v2\/comments?post=2849"}],"wp:featuredmedia":[{"embeddable":true,"href":"https:\/\/chargingshop.eu\/sv\/wp-json\/wp\/v2\/media\/2664"}],"wp:attachment":[{"href":"https:\/\/chargingshop.eu\/sv\/wp-json\/wp\/v2\/media?parent=2849"}],"wp:term":[{"taxonomy":"product_brand","embeddable":true,"href":"https:\/\/chargingshop.eu\/sv\/wp-json\/wp\/v2\/product_brand?post=2849"},{"taxonomy":"product_cat","embeddable":true,"href":"https:\/\/chargingshop.eu\/sv\/wp-json\/wp\/v2\/product_cat?post=2849"},{"taxonomy":"product_tag","embeddable":true,"href":"https:\/\/chargingshop.eu\/sv\/wp-json\/wp\/v2\/product_tag?post=2849"}],"curies":[{"name":"wp","href":"https:\/\/api.w.org\/{rel}","templated":true}]}}