{"id":2807,"date":"2020-07-09T09:31:19","date_gmt":"2020-07-09T09:31:19","guid":{"rendered":"https:\/\/chargingshop.eu\/product\/abb-terra-ac-7-kw-type-2-mit-kabel\/"},"modified":"2020-10-30T08:46:15","modified_gmt":"2020-10-30T08:46:15","slug":"abb-terra-ac-7-kw-type-2-mit-kabel","status":"publish","type":"product","link":"https:\/\/chargingshop.eu\/sv\/produkt\/abb-terra-ac-7-kw-type-2-mit-kabel\/","title":{"rendered":"ABB Terra AC 7.4 kW, Typ 2-kabel, Wifi"},"content":{"rendered":"<div class=\"video video-fit mb\" style=\"padding-top:56.25%;\"><p><iframe title=\"Terra AC wallbox -  High value quality\" width=\"1020\" height=\"574\" src=\"https:\/\/www.youtube.com\/embed\/ZapL_pinxY0?feature=oembed\" frameborder=\"0\" allow=\"accelerometer; autoplay; encrypted-media; gyroscope; picture-in-picture\" allowfullscreen><\/iframe><\/p>\n<\/div>\n<p><strong>ABB Terra AC 7.4 kW, Typ 2-kabel<\/strong><\/p>\n<p>&nbsp;<\/p>\n<p><strong>H\u00f6gkvalitativ kvalitet<\/strong><\/p>\n<p>\u2022 En av marknadens b\u00e4sta v\u00e4rde-laddare<\/p>\n<p>\u2022 Brett utbud av anslutningsalternativ<\/p>\n<p>\u2022 Rymd besparande och enkel att installera design<\/p>\n<div><\/div>\n<div><\/div>\n<div><strong>S\u00e4kerhet och skydd<\/strong><\/div>\n<div><\/div>\n<div><\/div>\n<div>\n<p>\u2022 Utv\u00e4rderas och testas av oberoende tredje part f\u00f6r att uppfylla de h\u00f6gsta standarderna<\/p>\n<p>\u2022 Str\u00f6m begr\u00e4nsande skydd f\u00f6rhindrar att ol\u00e4gen snubblar och \u00f6ver str\u00f6mmer installationen<\/p>\n<p>\u2022 Integrerade skydd inklusive DC-jordfel och \u00f6versp\u00e4nning<\/p>\n<\/div>\n<div>\n<p><img decoding=\"async\" class=\"alignleft wp-image-3224\" src=\"https:\/\/chargingshop.eu\/wp-content\/uploads\/2020\/07\/ABB-Terra-AC-dynamic-load-management-307x400.png\" alt=\"ABB Terra AC dynamic load management\" width=\"498\" height=\"649\" srcset=\"https:\/\/chargingshop.eu\/wp-content\/uploads\/2020\/07\/ABB-Terra-AC-dynamic-load-management-307x400.png 307w, https:\/\/chargingshop.eu\/wp-content\/uploads\/2020\/07\/ABB-Terra-AC-dynamic-load-management.png 422w\" sizes=\"(max-width: 498px) 100vw, 498px\" \/><\/p>\n<p>&nbsp;<\/p>\n<p><strong>Lasthantering<\/strong><\/p>\n<p>\u2022 Inbyggd energim\u00e4tare<\/p>\n<p>\u2022 Manuell eller automatiserad (dynamisk) belastningshantering<\/p>\n<p>\u2022 Installation f\u00f6r extern energi m\u00e4tarintegration f\u00f6r dynamisk belastningshantering<\/p>\n<p>\u2022 Redo f\u00f6r integration med avancerade smarta bygg energisystem<\/p>\n<p><strong>Framtidss\u00e4ker flexibilitet<\/strong><\/p>\n<p>\u2022 Smart funktionalitet f\u00f6r optimerad laddning<\/p>\n<p>\u2022 Energi m\u00e4tarintegration f\u00f6r dynamisk belastningshantering<\/p>\n<p>\u2022 Dedikerad app f\u00f6r kontroll och konfiguration. Fj\u00e4rrprogram uppdatering aktiverad<\/p>\n<p>&nbsp;<\/p>\n<p>&nbsp;<\/p>\n<p>&nbsp;<\/p>\n<div>\n<p>&nbsp;<\/p>\n<p>&nbsp;<\/p>\n<\/div>\n<p>&nbsp;<\/p>\n<p>&nbsp;<\/p>\n<div>\n<p>&nbsp;<\/p>\n<div><\/div>\n<div><strong>Laddningsplanering &#8216;Peak shaving&#8217;<\/strong><\/div>\n<div><\/div>\n<p>\u2022 St\u00e4ll in laddningstiderna (schema) f\u00f6r att undvika h\u00f6gsta elpriser t.ex. kv\u00e4llstakst<\/p>\n<p>\u2022 M\u00f6jligt att spara 100-300 euro per \u00e5r * p\u00e5 elr\u00e4kningen (med f\u00f6rbeh\u00e5ll f\u00f6r lokal elpris)<\/p>\n<\/div>\n<\/div>\n<p>&nbsp;<\/p>\n<div>\n<p><strong>ChargeSync-anv\u00e4ndarapp f\u00f6r Terra AC-kontroll, status och konfiguration<\/strong><\/p>\n<p>Stationsinst\u00e4llning:<\/p>\n<div class=\"video video-fit mb\" style=\"padding-top:56.25%;\"><p><iframe title=\"ABB Terra AC station setup\" width=\"1020\" height=\"574\" src=\"https:\/\/www.youtube.com\/embed\/9tBaVWj7mHI?feature=oembed\" frameborder=\"0\" allow=\"accelerometer; autoplay; encrypted-media; gyroscope; picture-in-picture\" allowfullscreen><\/iframe><\/p>\n<\/div>\n<p>Laddningsstatus:<\/p>\n<div class=\"video video-fit mb\" style=\"padding-top:56.25%;\"><p><iframe title=\"ABB Terra AC APP charging process\" width=\"1020\" height=\"574\" src=\"https:\/\/www.youtube.com\/embed\/ZDbrLx06yh0?feature=oembed\" frameborder=\"0\" allow=\"accelerometer; autoplay; encrypted-media; gyroscope; picture-in-picture\" allowfullscreen><\/iframe><\/p>\n<\/div>\n<\/div>\n<div>\n<p>&nbsp;<\/p>\n<\/div>\n<div><\/div>\n<p><strong>ABB Terra AC 7.4 kW (model 6AGC082155):<\/strong><\/p>\n<div>\n<p>-Typ &#8211; Wallbox med typ 2-kabel<br \/>\n-Kraft 7,4 kW<br \/>\n-En fas<br \/>\n-Max str\u00f6m 32A<br \/>\n&#8211; Kontakt &#8211; typ 2<br \/>\n-RFID-autentisering<br \/>\n-Kabel 5m<br \/>\n-Ethernet (RJ45)<br \/>\n&#8211; Tr\u00e5dl\u00f6st internet<br \/>\n-OCPP 1.6<br \/>\n-Bl\u00e5tand<br \/>\n-Modbus RTU (RS485)<\/p>\n<p>Terra AC-produktbroschyr:<\/p>\n<\/div>\n<p><a href=\"https:\/\/chargingshop.eu\/sv\/?attachment_id=2067\" target=\"_blank\" rel=\"attachment noopener wp-att-2067 noreferrer\">ABB_Terra_AC_wallbox_Brochure_A4<\/a><\/p>\n<p>&nbsp;<\/p>\n<p>* Ber\u00e4kning baserad p\u00e5 genomsnittlig k\u00f6rning p\u00e5 50 km \/ dag och 30% skillnad mellan el- och kvittar p\u00e5 kv\u00e4llen och natten<\/p>\n<p>&nbsp;<\/p>\n<p>&nbsp;<\/p>\n","protected":false},"excerpt":{"rendered":"<div>Enast\u00e5ende kvalitet fr\u00e5n v\u00e4rldsledaren &#8211; ABB. Smart och framtidss\u00e4ker station till priset f\u00f6r en vanlig.<\/div>\n<div><\/div>\n<ul>\n<li>Status och kontroll via App<\/li>\n<li>Komplett skydd: \u00f6verstr\u00f6m, \u00f6versp\u00e4nning, undersp\u00e4nning, jordfel, integrerat blixtskydd<\/li>\n<li>Laddnings planering &#8216;Peak shaving&#8217;<\/li>\n<li>Lastbalansering<\/li>\n<li>M\u00f6jlighet att endast ladda solceller fr\u00e5n lokal v\u00e4xelriktare<\/li>\n<li>och mycket mer<\/li>\n<\/ul>\n","protected":false},"featured_media":2093,"comment_status":"open","ping_status":"closed","template":"","meta":[],"product_brand":[],"product_cat":[231],"product_tag":[],"class_list":{"0":"post-2807","1":"product","2":"type-product","3":"status-publish","4":"has-post-thumbnail","6":"product_cat-wallbox-chargers-sv","7":"pa_brand-abb-sv","9":"first","10":"instock","11":"sale","12":"taxable","13":"shipping-taxable","14":"purchasable","15":"product-type-simple"},"_links":{"self":[{"href":"https:\/\/chargingshop.eu\/sv\/wp-json\/wp\/v2\/product\/2807","targetHints":{"allow":["GET"]}}],"collection":[{"href":"https:\/\/chargingshop.eu\/sv\/wp-json\/wp\/v2\/product"}],"about":[{"href":"https:\/\/chargingshop.eu\/sv\/wp-json\/wp\/v2\/types\/product"}],"replies":[{"embeddable":true,"href":"https:\/\/chargingshop.eu\/sv\/wp-json\/wp\/v2\/comments?post=2807"}],"wp:featuredmedia":[{"embeddable":true,"href":"https:\/\/chargingshop.eu\/sv\/wp-json\/wp\/v2\/media\/2093"}],"wp:attachment":[{"href":"https:\/\/chargingshop.eu\/sv\/wp-json\/wp\/v2\/media?parent=2807"}],"wp:term":[{"taxonomy":"product_brand","embeddable":true,"href":"https:\/\/chargingshop.eu\/sv\/wp-json\/wp\/v2\/product_brand?post=2807"},{"taxonomy":"product_cat","embeddable":true,"href":"https:\/\/chargingshop.eu\/sv\/wp-json\/wp\/v2\/product_cat?post=2807"},{"taxonomy":"product_tag","embeddable":true,"href":"https:\/\/chargingshop.eu\/sv\/wp-json\/wp\/v2\/product_tag?post=2807"}],"curies":[{"name":"wp","href":"https:\/\/api.w.org\/{rel}","templated":true}]}}