{"id":2487,"date":"2020-06-27T12:48:20","date_gmt":"2020-06-27T12:48:22","guid":{"rendered":"https:\/\/chargingshop.eu\/?post_type=product&#038;p=2487"},"modified":"2020-10-19T18:15:43","modified_gmt":"2020-10-19T18:15:43","slug":"etrel-inch-home-socket-22-kw-type-2-grey","status":"publish","type":"product","link":"https:\/\/chargingshop.eu\/sv\/produkt\/etrel-inch-home-socket-22-kw-type-2-grey\/","title":{"rendered":"Etrel INCH Home uttag 22 kW Type 2  (Grey)"},"content":{"rendered":"<div class=\"video video-fit mb\" style=\"padding-top:56.25%;\"><p><iframe title=\"Etrel INCH making of   captions HD\" width=\"1020\" height=\"574\" src=\"https:\/\/www.youtube.com\/embed\/Qblegoqccyk?feature=oembed\" frameborder=\"0\" allow=\"accelerometer; autoplay; encrypted-media; gyroscope; picture-in-picture\" allowfullscreen><\/iframe><\/p>\n<\/div>\n<div>Etrel INCH Home uttag (modell &#8211; G-HB1Y7CY10) nyckelfunktioner:<\/div>\n<div><\/div>\n<ul>\n<li>Levererar upp till 22 kW v\u00e4xelstr\u00f6m<\/li>\n<li>Programmerbar display &#8211; st\u00e4ll in en PIN-kod f\u00f6r \u00e5tkomst eller programmera en timer f\u00f6r att undvika laddning av topptimmarna.<\/li>\n<li>Avancerad lastkontroll. Load Guard-sensorn (best\u00e4lls separat) &#8211; en sensor som g\u00e5r p\u00e5 din s\u00e4kringsbr\u00e4da f\u00f6r att \u00f6vervaka den totala aktiva effekten som anv\u00e4nds av hemmet &#8211; kommer att justera m\u00e4ngden kraft den ger din bil, beroende p\u00e5 de andra kraven i ditt hem, som uppv\u00e4rmning. Genom att l\u00e4gga till Load Guard kommer du att njuta av snabbast m\u00f6jliga laddning och aldrig bl\u00e5sa s\u00e4kringen.<\/li>\n<\/ul>\n<div><\/div>\n<ul>\n<li>Intelligens. Laddaren l\u00e4r sig och f\u00f6ruts\u00e4ger din avg\u00e5ngstid. N\u00e4r du har br\u00e5ttom, v\u00e4lj snabbladdning med en fingertryckning.<\/li>\n<\/ul>\n<div><\/div>\n<ul>\n<li>Power-pris v\u00e4nlig. St\u00e4ll in laddaren s\u00e5 att den reagerar och varierar laddningshastigheterna n\u00e4r kraftpriset \u00e4r h\u00f6gt eller l\u00e5gt.<\/li>\n<\/ul>\n<div><\/div>\n<ul>\n<li>Etrel Inch Home \u00e4r solskyddat f\u00f6r att leda str\u00f6m till din EV n\u00e4r din solpaneler producerar mer \u00e4n hemmet beh\u00f6ver.<\/li>\n<\/ul>\n<div><\/div>\n<ul>\n<li>Anslutningsm\u00f6jligheter &#8211; den h\u00e4r modellen har Ethernet-kabelanslutning och \u00f6ppet protokollst\u00f6d &#8211; vilket inneb\u00e4r att den kan kopplas till framtida laddningsplattformar &#8211; laddaren kan s\u00f6ml\u00f6st integreras i ditt smarta hem eller anl\u00e4ggning. V\u00e4lj en dyrare Etrel Home Inch-modell f\u00f6r 3G- och Wifi-anslutning.<\/li>\n<\/ul>\n<div><\/div>\n<ul>\n<li>H\u00e5llbar. Denna laddare \u00e4r v\u00e4derbest\u00e4ndig och designad f\u00f6r att h\u00e5lla kvar. Med ett gjutet aluminiumh\u00f6lje \u00e4r din laddare f\u00f6rberedd f\u00f6r \u00e4ven de tuffaste milj\u00f6erna och har en spr\u00e4ngs\u00e4ker akrylglasplatta.<\/li>\n<\/ul>\n<div><\/div>\n<div>Med Etrel INCH Home uttag har du m\u00f6jlighet att ladda din bil med en hastighet p\u00e5 22 kW med ro i sinnet att du inte kommer att \u00f6verbelasta ditt hems s\u00e4kringsskiva. Du har ocks\u00e5 m\u00f6jlighet att reagera p\u00e5 \u00f6verskott av solenergi fr\u00e5n din nuvarande (eller framtida) solupps\u00e4ttning och leda str\u00f6m till din bil ist\u00e4llet f\u00f6r n\u00e4tet. Du kan ocks\u00e5 spara pengar n\u00e4r du st\u00e4ller in laddning under nattetimmar, s\u00e5 undvik h\u00f6gprispris och h\u00f6gre elr\u00e4kning Enbart dessa funktioner hj\u00e4lper dig att spara 10-30% rabatt p\u00e5 elr\u00e4kningen regelbundet.<\/div>\n<div><\/div>\n<div>Tekniska specifikationer:<\/div>\n<div><\/div>\n<div><a href=\"https:\/\/chargingshop.eu\/wp-content\/uploads\/2020\/04\/Technical_Specifications_INCH_general_v1.6.pdf\" rel=\"attachment wp-att-2002\">Technical_Specifications_INCH_general_v1.6<\/a><\/div>\n","protected":false},"excerpt":{"rendered":"<p>Etrel INCH Home \u00e4r en av de smartaste EV-laddarna p\u00e5 marknaden f\u00f6r privata hus eller anl\u00e4ggningar.<\/p>\n","protected":false},"featured_media":1990,"comment_status":"open","ping_status":"closed","template":"","meta":[],"product_brand":[],"product_cat":[231],"product_tag":[],"class_list":{"0":"post-2487","1":"product","2":"type-product","3":"status-publish","4":"has-post-thumbnail","6":"product_cat-wallbox-chargers-sv","7":"pa_brand-etrel-sv","9":"first","10":"outofstock","11":"sale","12":"taxable","13":"shipping-taxable","14":"purchasable","15":"product-type-simple"},"_links":{"self":[{"href":"https:\/\/chargingshop.eu\/sv\/wp-json\/wp\/v2\/product\/2487","targetHints":{"allow":["GET"]}}],"collection":[{"href":"https:\/\/chargingshop.eu\/sv\/wp-json\/wp\/v2\/product"}],"about":[{"href":"https:\/\/chargingshop.eu\/sv\/wp-json\/wp\/v2\/types\/product"}],"replies":[{"embeddable":true,"href":"https:\/\/chargingshop.eu\/sv\/wp-json\/wp\/v2\/comments?post=2487"}],"wp:featuredmedia":[{"embeddable":true,"href":"https:\/\/chargingshop.eu\/sv\/wp-json\/wp\/v2\/media\/1990"}],"wp:attachment":[{"href":"https:\/\/chargingshop.eu\/sv\/wp-json\/wp\/v2\/media?parent=2487"}],"wp:term":[{"taxonomy":"product_brand","embeddable":true,"href":"https:\/\/chargingshop.eu\/sv\/wp-json\/wp\/v2\/product_brand?post=2487"},{"taxonomy":"product_cat","embeddable":true,"href":"https:\/\/chargingshop.eu\/sv\/wp-json\/wp\/v2\/product_cat?post=2487"},{"taxonomy":"product_tag","embeddable":true,"href":"https:\/\/chargingshop.eu\/sv\/wp-json\/wp\/v2\/product_tag?post=2487"}],"curies":[{"name":"wp","href":"https:\/\/api.w.org\/{rel}","templated":true}]}}