{"id":2416,"date":"2020-06-08T08:03:35","date_gmt":"2020-06-08T08:03:36","guid":{"rendered":"https:\/\/chargingshop.eu\/?post_type=product&#038;p=2416"},"modified":"2020-06-08T08:45:11","modified_gmt":"2020-06-08T08:45:11","slug":"ensto-efiller-11kw-3x16a-copy-2","status":"publish","type":"product","link":"https:\/\/chargingshop.eu\/sv\/produkt\/ensto-efiller-11kw-3x16a-copy-2\/","title":{"rendered":"ENSTO eFiller 11kW (3x16A) med 380v-kontakt"},"content":{"rendered":"<div><strong>ENSTO eFiller 11kW med 380v-kontakt<\/strong><\/div>\n<div><\/div>\n<div>Inget behov av elektrisk installation n\u00e4r du har 380v 5-poligt uttag! (Se produktbild)<\/div>\n<div><\/div>\n<div><strong>Idealisk f\u00f6r alla milj\u00f6er<\/strong><\/div>\n<div><\/div>\n<ul>\n<li>Kraftfull (11 kW) trefasladdning<\/li>\n<li>L\u00e5ga livscykelkostnader<\/li>\n<li>Perfekt f\u00f6r hem- eller till och med flottladdning f\u00f6r f\u00f6retagskunder<\/li>\n<\/ul>\n<div><strong>V\u00e4rde fr\u00e5n elegans och h\u00e5llbarhet<\/strong><\/div>\n<div><\/div>\n<ul>\n<li>Snygg skandinavisk design<\/li>\n<li>Industrikomponenter av h\u00f6g kvalitet med elegant och robust aluminiumstruktur<\/li>\n<li>Fullst\u00e4ndigt \u00f6verensst\u00e4mmer med europeiska best\u00e4mmelser<\/li>\n<\/ul>\n<div><strong>Njut av en anv\u00e4ndarv\u00e4nlig upplevelse<\/strong><\/div>\n<div><\/div>\n<ul>\n<li>Anslut en kabel &amp; laddning f\u00f6r en enkel laddningsupplevelse<\/li>\n<li>Kabell\u00e4ngd &#8211; 4,5 meter<\/li>\n<\/ul>\n","protected":false},"excerpt":{"rendered":"<p>ENSTO eFiller 11kW (modell EVH050.02H) &#8211; en kompakt v\u00e4ggmonterad laddpunkt med fast laddningskabel. Elegant och h\u00e5llbar design s\u00e4rskilt l\u00e4mplig f\u00f6r enkel laddning i hemmet n\u00e4r inbyggt \u00f6verstr\u00f6m och reststr\u00f6mskydd eller l\u00e4nk till backend-system inte beh\u00f6vs.<\/p>\n","protected":false},"featured_media":2423,"comment_status":"open","ping_status":"closed","template":"","meta":[],"product_brand":[],"product_cat":[231],"product_tag":[],"class_list":{"0":"post-2416","1":"product","2":"type-product","3":"status-publish","4":"has-post-thumbnail","6":"product_cat-wallbox-chargers-sv","7":"pa_brand-ensto-sv","9":"first","10":"instock","11":"taxable","12":"shipping-taxable","13":"purchasable","14":"product-type-simple"},"_links":{"self":[{"href":"https:\/\/chargingshop.eu\/sv\/wp-json\/wp\/v2\/product\/2416","targetHints":{"allow":["GET"]}}],"collection":[{"href":"https:\/\/chargingshop.eu\/sv\/wp-json\/wp\/v2\/product"}],"about":[{"href":"https:\/\/chargingshop.eu\/sv\/wp-json\/wp\/v2\/types\/product"}],"replies":[{"embeddable":true,"href":"https:\/\/chargingshop.eu\/sv\/wp-json\/wp\/v2\/comments?post=2416"}],"wp:featuredmedia":[{"embeddable":true,"href":"https:\/\/chargingshop.eu\/sv\/wp-json\/wp\/v2\/media\/2423"}],"wp:attachment":[{"href":"https:\/\/chargingshop.eu\/sv\/wp-json\/wp\/v2\/media?parent=2416"}],"wp:term":[{"taxonomy":"product_brand","embeddable":true,"href":"https:\/\/chargingshop.eu\/sv\/wp-json\/wp\/v2\/product_brand?post=2416"},{"taxonomy":"product_cat","embeddable":true,"href":"https:\/\/chargingshop.eu\/sv\/wp-json\/wp\/v2\/product_cat?post=2416"},{"taxonomy":"product_tag","embeddable":true,"href":"https:\/\/chargingshop.eu\/sv\/wp-json\/wp\/v2\/product_tag?post=2416"}],"curies":[{"name":"wp","href":"https:\/\/api.w.org\/{rel}","templated":true}]}}