{"id":2343,"date":"2020-05-06T12:01:06","date_gmt":"2020-05-06T12:01:06","guid":{"rendered":"https:\/\/chargingshop.eu\/?post_type=product&#038;p=2343"},"modified":"2020-05-06T12:35:19","modified_gmt":"2020-05-06T12:35:19","slug":"abb-terra-dc-wallbox-24-kw-ccs2-chademo","status":"publish","type":"product","link":"https:\/\/chargingshop.eu\/sv\/produkt\/abb-terra-dc-wallbox-24-kw-ccs2-chademo\/","title":{"rendered":"ABB Terra DC Wallbox 24 kW CCS2 + Chademo"},"content":{"rendered":"<p><strong>ABB Terra DC Wallbox 24 kW CCS2 med 3.5m kabel (model &#8211; 6AGC077815)\u00a0<\/strong><\/p>\n<h3><em>DC wallbox f\u00f6redras framf\u00f6r AC wallbox<\/em><\/h3>\n<p>Vid laddning med v\u00e4xelstr\u00f6msutrustning begr\u00e4nsas laddningseffekten ofta av EV: s ombordomvandlare. Ombordomvandlare \u00e4r vanligtvis rankade med 3 till 7 kW. Eventuell extra str\u00f6m som AC-laddningsstationen kan ge, f\u00f6rblir oanv\u00e4nd. Med DC-v\u00e4ggl\u00e5dan tillhandah\u00e5lls 24 kW topp DC-effekt direkt till batteriet, utan att kringg\u00e5 begr\u00e4nsningarna f\u00f6r EV: s ombordomvandlare. Med Terra DC Wallbox kan du s\u00e4kerst\u00e4lla 24 kW kraftleverans oavsett vilken EV-modell som laddas och om den har AC-omvandlare eller inte.<\/p>\n<h3><em>DC wallbox f\u00f6rutsp\u00e5dde framf\u00f6r AC wallbox<\/em><\/h3>\n<p>Vid laddning med v\u00e4xelstr\u00f6msutrustning begr\u00e4nsas laddningseffekten ofta av EV: s ombordomvandlare. Ombordomvandlare \u00e4r vanligtvis rankade med 3 till 7 kW. Eventuell extra str\u00f6m som AC-laddningsstationen kan ge, f\u00f6rblir oanv\u00e4nd. Med DC-v\u00e4ggl\u00e5dan tillhandah\u00e5lls 24 kW topp DC-effekt direkt till batteriet, utan att kringg\u00e5 begr\u00e4nsningarna f\u00f6r EV: s ombordomvandlare. Med Terra DC Wallbox kan du s\u00e4kerst\u00e4lla 24 kW kraftleverans oavsett vilken EV-modell som laddas och om den har AC-omvandlare eller inte.<\/p>\n<h3><em>Intelligent design: kompakt, bekv\u00e4m, ansluten<\/em><\/h3>\n<div>\u2022 Rymdbesparingar med enkel att installera design<\/div>\n<div><\/div>\n<div>\u2022 Anv\u00e4ndarv\u00e4nligt gr\u00e4nssnitt f\u00f6r bekv\u00e4m laddning med 7 tums LCD-peksk\u00e4rm<\/div>\n<div><\/div>\n<div>\u2022 Brett utbud av anslutningsalternativ<\/div>\n<div><\/div>\n<div>\n<h3><em>Futureproof: ROI maximerat<\/em><\/h3>\n<div><\/div>\n<div>\u2022 Fullt kompatibelt med nuvarande och framtida EV: er<\/div>\n<div><\/div>\n<div>\u2022 Uppdateringar av fj\u00e4rrprogramvara<\/div>\n<div><\/div>\n<div>\u2022 Smart funktionalitet inneb\u00e4r optimerad och kostnadseffektiv laddning<\/div>\n<\/div>\n<div><\/div>\n<h3><em>S\u00e4kerhet: inbyggt skydd<\/em><\/h3>\n<div>\u2022 Utv\u00e4rderas och testas enligt h\u00f6gsta oberoende standarder<\/div>\n<div><\/div>\n<div>\u2022 S\u00e4ker f\u00f6r anv\u00e4ndning i bostadsinst\u00e4llningar<\/div>\n<div><\/div>\n<div>\u2022 Integrerat markfel och trippskydd<\/div>\n<div><\/div>\n<div>\u2022 Installation utomhus och inomhus NEMA 3 &amp; IP54<\/div>\n<div><\/div>\n<h3><em>Lasthantering<\/em><\/h3>\n<div>\u2022 Smart laddning via OCPP<\/div>\n<div><\/div>\n<div>\u2022 Inst\u00e4llning f\u00f6r extern energim\u00e4tareintegration f\u00f6r dynamisk belastningshantering<\/div>\n<div><\/div>\n<div>\u2022 Redo f\u00f6r integration med avancerat smart byggnadsenergisystem<\/div>\n<div><\/div>\n<div>\n<h3><em>Inbyggd s\u00e4kerhet<\/em><\/h3>\n<div><\/div>\n<div>\u2022 \u00d6verstr\u00f6m<\/div>\n<div><\/div>\n<div>\u2022 \u00d6versp\u00e4nning och undersp\u00e4nning<\/div>\n<div><\/div>\n<div>\u2022 Jordfel<\/div>\n<div><\/div>\n<div>\u2022 \u00d6versp\u00e4nningsskydd<\/div>\n<div><\/div>\n<div>\u2022 PE (skyddande jord) kontinuitets\u00f6vervakning<\/div>\n<div><\/div>\n<div>\u2022 Skydd mot l\u00e4ckstr\u00f6msk\u00e4rmen<\/div>\n<div><\/div>\n<h3><em>Anslutningar<\/em><\/h3>\n<div><\/div>\n<div>\u2022 GSM \/ 3G \/ 4G<\/div>\n<div><\/div>\n<div>\u2022 Ethernet<\/div>\n<div><\/div>\n<div>\u2022 RFID<\/div>\n<div><\/div>\n<h3><em>Uteffekt<\/em><\/h3>\n<div><\/div>\n<div>\u2022 0\u201322,5 kW, 24 kW (topp) \/ 60 A<\/div>\n<div><\/div>\n<div>\u2022 Laddningssp\u00e4nning: CCS: 150 &#8211; 920 V DC<\/div>\n<\/div>\n<div><\/div>\n<div>Leveranstid: 8 veckor efter best\u00e4llning<\/div>\n<div><\/div>\n<div>Observera &#8211; kontakth\u00e5llare (som finns i produktbilden) ing\u00e5r inte och b\u00f6r best\u00e4llas separat <a href=\"https:\/\/chargingshop.eu\/product\/ccs-connector-holder\/\">h\u00e4r<\/a>.<\/div>\n<div><\/div>\n<div><\/div>\n<div>Produktbroschyrer:<\/div>\n<div><\/div>\n<div>\n<ul>\n<li><a href=\"https:\/\/chargingshop.eu\/wp-content\/uploads\/2020\/05\/9AKK107680A3888_Terra_DC_wallbox_A5_technical_Leaflet_screen.pdf\">ABB Terra DC Wallbox brochure<\/a><\/li>\n<li><a href=\"https:\/\/chargingshop.eu\/wp-content\/uploads\/2020\/05\/9AKK107680A4480_Terra_DC_wallbox_Brochure_A4-Rev-A_screen.pdf\">ABB Terra DC Wallbox brochure 2<\/a><\/li>\n<li><a href=\"https:\/\/chargingshop.eu\/wp-content\/uploads\/2020\/05\/9AKK107680A3889_ABB_Infographic_DC_Wallbox_english_screen.pdf\">ABB Terra DC Wallbox Infographic<\/a><\/li>\n<\/ul>\n<\/div>\n<div><\/div>\n","protected":false},"excerpt":{"rendered":"<p>ABB Terra DC Wallbox 24 kW CCS + Chademo &#8211; utvecklad med ledande tillverkare av elfordon, lita av energileverant\u00f6rer och regeringar, Terra DC Wallbox g\u00f6r snabbladdning s\u00e4ker, smart och framtidskompatibel. Med st\u00f6d av 130 \u00e5rs innovation och ett decennium inom e-mobilitet st\u00f6der DC-v\u00e4ggl\u00e5dan kontinuerligt framsteg av elfordon.<\/p>\n","protected":false},"featured_media":2351,"comment_status":"open","ping_status":"closed","template":"","meta":[],"product_brand":[],"product_cat":[315,231],"product_tag":[],"class_list":{"0":"post-2343","1":"product","2":"type-product","3":"status-publish","4":"has-post-thumbnail","6":"product_cat-dc-chargers-sv","7":"product_cat-wallbox-chargers-sv","8":"pa_brand-abb-sv","10":"first","11":"outofstock","12":"sale","13":"taxable","14":"shipping-taxable","15":"purchasable","16":"product-type-simple"},"_links":{"self":[{"href":"https:\/\/chargingshop.eu\/sv\/wp-json\/wp\/v2\/product\/2343","targetHints":{"allow":["GET"]}}],"collection":[{"href":"https:\/\/chargingshop.eu\/sv\/wp-json\/wp\/v2\/product"}],"about":[{"href":"https:\/\/chargingshop.eu\/sv\/wp-json\/wp\/v2\/types\/product"}],"replies":[{"embeddable":true,"href":"https:\/\/chargingshop.eu\/sv\/wp-json\/wp\/v2\/comments?post=2343"}],"wp:featuredmedia":[{"embeddable":true,"href":"https:\/\/chargingshop.eu\/sv\/wp-json\/wp\/v2\/media\/2351"}],"wp:attachment":[{"href":"https:\/\/chargingshop.eu\/sv\/wp-json\/wp\/v2\/media?parent=2343"}],"wp:term":[{"taxonomy":"product_brand","embeddable":true,"href":"https:\/\/chargingshop.eu\/sv\/wp-json\/wp\/v2\/product_brand?post=2343"},{"taxonomy":"product_cat","embeddable":true,"href":"https:\/\/chargingshop.eu\/sv\/wp-json\/wp\/v2\/product_cat?post=2343"},{"taxonomy":"product_tag","embeddable":true,"href":"https:\/\/chargingshop.eu\/sv\/wp-json\/wp\/v2\/product_tag?post=2343"}],"curies":[{"name":"wp","href":"https:\/\/api.w.org\/{rel}","templated":true}]}}