{"id":2276,"date":"2020-04-25T17:32:14","date_gmt":"2020-04-25T17:32:14","guid":{"rendered":"https:\/\/chargingshop.eu\/product\/load-guard\/"},"modified":"2020-07-12T11:51:06","modified_gmt":"2020-07-12T11:51:06","slug":"load-guard","status":"publish","type":"product","link":"https:\/\/chargingshop.eu\/sv\/produkt\/load-guard\/","title":{"rendered":"Load guard f\u00f6r Etrel-stationer 150A"},"content":{"rendered":"<h2><div class=\"video video-fit mb\" style=\"padding-top:56.25%;\"><p><iframe title=\"Interactive Charging Explained\" width=\"1020\" height=\"574\" src=\"https:\/\/www.youtube.com\/embed\/kzWdPGViz6A?feature=oembed\" frameborder=\"0\" allow=\"accelerometer; autoplay; encrypted-media; gyroscope; picture-in-picture\" allowfullscreen><\/iframe><\/p>\n<\/div><\/h2>\n<p>&nbsp;<\/p>\n<h2 class=\"vc_custom_heading vc_custom_1571907671781\">MED &#8216;LOAD GUARD&#8217; &#8211; S\u00c4KER OCH KOSTNADS EFFEKTIVT HEMUPPLADNING<\/h2>\n<div class=\"wpb_text_column wpb_content_element \">\n<div class=\"wpb_wrapper\">\n<p>Load Guard hj\u00e4lper till att f\u00f6rhindra \u00f6verbelastning av installationen genom att s\u00e4nka laddkraften n\u00e4r hush\u00e5llens konsumtion toppar. Genom att flytta laddningstiderna till l\u00e4gre hush\u00e5llskonsumtionsperioder minskar INCH-laddare laddningskostnaden.<\/p>\n<\/div>\n<h2 class=\"vc_custom_heading vc_custom_1571109147393\">LADDA DIREKT FR\u00c5N DIN FOTOVOLTA. INGEN YTTERLIGARE INTEGRATIONER BEH\u00d6VER<\/h2>\n<div class=\"wpb_text_column wpb_content_element \">\n<div class=\"wpb_wrapper\">\n<p>Eftersom Load Guard m\u00e4ter elektrisk str\u00f6m i b\u00e5da riktningarna kan den avk\u00e4nna allt \u00f6verskott som genereras av lokala f\u00f6rnybara energik\u00e4llor, till exempel fotovoltaik. Gr\u00f6n energi kan anv\u00e4ndas f\u00f6r snabbare och billigare laddning tack vare algoritmer i INCH-laddningsstationer.<\/p>\n<h2 class=\"vc_custom_heading vc_custom_1571109147393\">INTELLIGENT LADDNING L\u00d6SNING F\u00d6RV\u00c4RDER \u00d6VERLADNINGAR GENOM ATT JUSTERA BILLADDNINGSKRAFT I VERKLIG TID<\/h2>\n<p>Smart m\u00e4tanordning \u00f6vervakar byggnadskonsumtionen. Laddkraften justeras dynamiskt f\u00f6r att h\u00e5lla sig under f\u00f6rbrukningsgr\u00e4nsen och bevara huvuds\u00e4kring.<\/p>\n<h2 class=\"vc_custom_heading vc_custom_1571109147393\">DESIGNAD F\u00d6R ATT ST\u00d6DJA DIN AFF\u00c4R OCKS\u00c5<\/h2>\n<p>Ut\u00f6ka din laddningskluster n\u00e4r din fordonspark \/ anv\u00e4ndar\u00f6kning \u00f6kar. F\u00f6rhindra \u00f6verbelastning genom att automatiskt byta laddningstider fr\u00e5n topptimmarna och st\u00e4lla in maxeffekten f\u00f6r klustret. \u00d6ka n\u00e4tsp\u00e4nningen endast n\u00e4r det beh\u00f6vs.<\/p>\n<table width=\"305\">\n<tbody>\n<tr>\n<td width=\"122\"><strong>Dimension<\/strong><\/td>\n<td width=\"183\">9,1\u00a0 x 5,4 x 6,2 cm or 3 DIN rail slots<\/td>\n<\/tr>\n<tr>\n<td width=\"122\"><strong>Clamp cable length<\/strong><\/td>\n<td width=\"183\">70 cm<\/td>\n<\/tr>\n<tr>\n<td width=\"122\"><strong>Clamp diameter<\/strong><\/td>\n<td width=\"183\">Small: 16 mm, Large: 24 mm<\/td>\n<\/tr>\n<tr>\n<td width=\"122\"><strong>Connection<\/strong><\/td>\n<td width=\"183\">1-phase or 3-phase<\/td>\n<\/tr>\n<tr>\n<td width=\"122\"><strong>Max Rated Current<\/strong><\/td>\n<td width=\"183\">150 A<\/td>\n<\/tr>\n<tr>\n<td width=\"122\"><strong>Communication<\/strong><\/td>\n<td width=\"183\">Ethernet<\/td>\n<\/tr>\n<tr>\n<td width=\"122\"><strong>Configuration and monitoring<\/strong><\/td>\n<td width=\"183\">Charger Web interface<\/td>\n<\/tr>\n<\/tbody>\n<\/table>\n<\/div>\n<\/div>\n<\/div>\n<p>Produktbroschyr:<\/p>\n<p><a href=\"https:\/\/chargingshop.eu\/wp-content\/uploads\/2020\/04\/LOAD-GUARD-brochure.pdf\"><em>LOAD-GUARD-brochure.pdf<\/em><\/a><\/p>\n<p>&nbsp;<\/p>\n","protected":false},"excerpt":{"rendered":"<p>Load Guard \u00e4r en sensor installerad i byggnadens elektriska sk\u00e5p d\u00e4r den m\u00e4ter de elektriska str\u00f6mmarna och skickar data i realtid till laddstationen. Det \u00e4r s\u00e4rskilt viktigt i situationer d\u00e4r laddstationer inte har en dedicerad str\u00f6mf\u00f6rs\u00f6rjning utan snarare delar tillg\u00e4nglig str\u00f6m med andra konsumenter i byggnaden. INCH-laddningsstationer svarar p\u00e5 mottagen data genom att minska laddkraften f\u00f6r att h\u00e5lla en total belastning p\u00e5 installationen under installationens nominella v\u00e4rde, eller genom att \u00f6ka dem f\u00f6r att utnyttja den \u00e5terst\u00e5ende tillg\u00e4ngliga kraften f\u00f6r snabbare laddning.<\/p>\n","protected":false},"featured_media":2254,"comment_status":"open","ping_status":"closed","template":"","meta":[],"product_brand":[],"product_cat":[256],"product_tag":[],"class_list":{"0":"post-2276","1":"product","2":"type-product","3":"status-publish","4":"has-post-thumbnail","6":"product_cat-tillbehor-laddningskabel","8":"first","9":"instock","10":"taxable","11":"shipping-taxable","12":"purchasable","13":"product-type-simple"},"_links":{"self":[{"href":"https:\/\/chargingshop.eu\/sv\/wp-json\/wp\/v2\/product\/2276","targetHints":{"allow":["GET"]}}],"collection":[{"href":"https:\/\/chargingshop.eu\/sv\/wp-json\/wp\/v2\/product"}],"about":[{"href":"https:\/\/chargingshop.eu\/sv\/wp-json\/wp\/v2\/types\/product"}],"replies":[{"embeddable":true,"href":"https:\/\/chargingshop.eu\/sv\/wp-json\/wp\/v2\/comments?post=2276"}],"wp:featuredmedia":[{"embeddable":true,"href":"https:\/\/chargingshop.eu\/sv\/wp-json\/wp\/v2\/media\/2254"}],"wp:attachment":[{"href":"https:\/\/chargingshop.eu\/sv\/wp-json\/wp\/v2\/media?parent=2276"}],"wp:term":[{"taxonomy":"product_brand","embeddable":true,"href":"https:\/\/chargingshop.eu\/sv\/wp-json\/wp\/v2\/product_brand?post=2276"},{"taxonomy":"product_cat","embeddable":true,"href":"https:\/\/chargingshop.eu\/sv\/wp-json\/wp\/v2\/product_cat?post=2276"},{"taxonomy":"product_tag","embeddable":true,"href":"https:\/\/chargingshop.eu\/sv\/wp-json\/wp\/v2\/product_tag?post=2276"}],"curies":[{"name":"wp","href":"https:\/\/api.w.org\/{rel}","templated":true}]}}