{"id":2173,"date":"2020-04-22T12:30:33","date_gmt":"2020-04-22T12:30:34","guid":{"rendered":"https:\/\/chargingshop.eu\/?post_type=product&#038;p=2173"},"modified":"2020-04-28T15:00:24","modified_gmt":"2020-04-28T15:00:24","slug":"etrel-inch-lite-22-kw-stik-gra","status":"publish","type":"product","link":"https:\/\/chargingshop.eu\/sv\/produkt\/etrel-inch-lite-22-kw-stik-gra\/","title":{"rendered":"Etrel INCH Lite 22 kW stik (gr\u00e5)"},"content":{"rendered":"<p><strong>Etrel INCH Lite 22kW (model &#8211; G-LA1Y3CY00<\/strong><strong>) nyckelfunktioner :<\/strong><\/p>\n<ul data-rte-list=\"default\">\n<li>Levererar <strong>upp till 22 kW<\/strong> v\u00e4xelstr\u00f6m<\/li>\n<li>\n<p class=\"\"><strong>Prisv\u00e4nligt<\/strong>. F\u00f6rmodligen b\u00e4sta pris &amp; v\u00e4rde laddare f\u00f6r dina laddningsbehov hemma.<\/p>\n<\/li>\n<li>\n<p class=\"\"><strong>H\u00e5llbar.<\/strong> Denna laddare \u00e4r v\u00e4derbest\u00e4ndig och designad f\u00f6r att h\u00e5lla kvar. Med ett gjutet aluminiumh\u00f6lje \u00e4r din laddare f\u00f6rberedd f\u00f6r \u00e4ven de tuffaste milj\u00f6erna och har en spr\u00e4ngs\u00e4ker akrylglasplatta.<\/p>\n<\/li>\n<\/ul>\n<p>Med Etrel INCH Lite har du m\u00f6jlighet att ladda din bil med en hastighet p\u00e5 22 kW<\/p>\n<p><em>Technical specifications:<\/em><\/p>\n<p><a href=\"https:\/\/chargingshop.eu\/wp-content\/uploads\/2020\/04\/Technical_Specifications_INCH_general_v1.6.pdf\" rel=\"attachment wp-att-2002\">Technical_Specifications_INCH_general_v1.6<\/a><\/p>\n","protected":false},"excerpt":{"rendered":"<p>Etrel INCH Lite \u00e4r en av de b\u00e4sta pris &amp; v\u00e4rde laddare f\u00f6r dina laddningsbehov hemma.<\/p>\n","protected":false},"featured_media":2179,"comment_status":"open","ping_status":"closed","template":"","meta":[],"product_brand":[],"product_cat":[231],"product_tag":[],"class_list":{"0":"post-2173","1":"product","2":"type-product","3":"status-publish","4":"has-post-thumbnail","6":"product_cat-wallbox-chargers-sv","7":"pa_brand-etrel-sv","9":"first","10":"outofstock","11":"sale","12":"taxable","13":"shipping-taxable","14":"purchasable","15":"product-type-simple"},"_links":{"self":[{"href":"https:\/\/chargingshop.eu\/sv\/wp-json\/wp\/v2\/product\/2173","targetHints":{"allow":["GET"]}}],"collection":[{"href":"https:\/\/chargingshop.eu\/sv\/wp-json\/wp\/v2\/product"}],"about":[{"href":"https:\/\/chargingshop.eu\/sv\/wp-json\/wp\/v2\/types\/product"}],"replies":[{"embeddable":true,"href":"https:\/\/chargingshop.eu\/sv\/wp-json\/wp\/v2\/comments?post=2173"}],"wp:featuredmedia":[{"embeddable":true,"href":"https:\/\/chargingshop.eu\/sv\/wp-json\/wp\/v2\/media\/2179"}],"wp:attachment":[{"href":"https:\/\/chargingshop.eu\/sv\/wp-json\/wp\/v2\/media?parent=2173"}],"wp:term":[{"taxonomy":"product_brand","embeddable":true,"href":"https:\/\/chargingshop.eu\/sv\/wp-json\/wp\/v2\/product_brand?post=2173"},{"taxonomy":"product_cat","embeddable":true,"href":"https:\/\/chargingshop.eu\/sv\/wp-json\/wp\/v2\/product_cat?post=2173"},{"taxonomy":"product_tag","embeddable":true,"href":"https:\/\/chargingshop.eu\/sv\/wp-json\/wp\/v2\/product_tag?post=2173"}],"curies":[{"name":"wp","href":"https:\/\/api.w.org\/{rel}","templated":true}]}}