{"id":1977,"date":"2020-03-31T10:42:13","date_gmt":"2020-03-31T10:42:13","guid":{"rendered":"https:\/\/chargingshop.eu\/product\/elbil-laddningskabel-11-kw-type-2-16ax3-5m-langd\/"},"modified":"2020-04-11T08:00:06","modified_gmt":"2020-04-11T08:00:06","slug":"elbil-laddningskabel-11-kw-type-2-16ax3-5m-langd","status":"publish","type":"product","link":"https:\/\/chargingshop.eu\/sv\/produkt\/elbil-laddningskabel-11-kw-type-2-16ax3-5m-langd\/","title":{"rendered":"Elbil laddningskabel 11kW Type 2 (16A x3 &#8211; trefas) &#8211; 5m l\u00e4ngd"},"content":{"rendered":"<p><strong>Elbil Opladningskabel 11kW Type 2 (16A x3 &#8211; trefase)<\/strong><\/p>\n<p><strong>S\u00e4rdrag:<\/strong><\/p>\n<ul>\n<li>Standardkontakt, kan identifieras med EV (med typ 2-inlopp) korrekt och laddas effektivt.<\/li>\n<li>Robust design. Dess strukturella styrka \u00e4r tillr\u00e4ckligt f\u00f6r att st\u00f6dja rullning av en elbil.<\/li>\n<li>Unik b\u00e5gsl\u00e4ckningsteknik s\u00e4kerst\u00e4ller att det inte finns n\u00e5gra elektriska gnistor n\u00e4r du kopplar in och kopplar ut.<\/li>\n<li>S\u00e4ker &amp; p\u00e5litlig. Kabeln \u00e4r tillverkad av flamskyddad TPE (TPU) -material, som kan motst\u00e5 direkt brandf\u00f6rbr\u00e4nning inom en s\u00e4ker tid.<\/li>\n<li>H\u00e5llbar. Den avancerade Crimping-teknologin garanterar f\u00f6rl\u00e4ngd arbetsliv.<\/li>\n<li>IP44 rankad<\/li>\n<li>Driftsp\u00e4nning 400VAC<\/li>\n<li>Driftstemperaturomr\u00e5de -30 \u00b0 C till + 60 \u00b0 C<\/li>\n<li>Kontakter av kopparlegering<\/li>\n<\/ul>\n<p>&nbsp;<\/p>\n<p>&nbsp;<\/p>\n","protected":false},"excerpt":{"rendered":"<p>Elbil Laddningskabel 11kW Type 2 (16A x3 &#8211; trefas) &#8211; l\u00e4mplig f\u00f6r dagliga laddningsbehov.<\/p>\n","protected":false},"featured_media":1919,"comment_status":"open","ping_status":"closed","template":"","meta":[],"product_brand":[],"product_cat":[499,256],"product_tag":[],"class_list":{"0":"post-1977","1":"product","2":"type-product","3":"status-publish","4":"has-post-thumbnail","6":"product_cat-laddkablar-adaptrar-for-elbil","7":"product_cat-tillbehor-laddningskabel","9":"first","10":"instock","11":"taxable","12":"shipping-taxable","13":"purchasable","14":"product-type-simple"},"_links":{"self":[{"href":"https:\/\/chargingshop.eu\/sv\/wp-json\/wp\/v2\/product\/1977","targetHints":{"allow":["GET"]}}],"collection":[{"href":"https:\/\/chargingshop.eu\/sv\/wp-json\/wp\/v2\/product"}],"about":[{"href":"https:\/\/chargingshop.eu\/sv\/wp-json\/wp\/v2\/types\/product"}],"replies":[{"embeddable":true,"href":"https:\/\/chargingshop.eu\/sv\/wp-json\/wp\/v2\/comments?post=1977"}],"wp:featuredmedia":[{"embeddable":true,"href":"https:\/\/chargingshop.eu\/sv\/wp-json\/wp\/v2\/media\/1919"}],"wp:attachment":[{"href":"https:\/\/chargingshop.eu\/sv\/wp-json\/wp\/v2\/media?parent=1977"}],"wp:term":[{"taxonomy":"product_brand","embeddable":true,"href":"https:\/\/chargingshop.eu\/sv\/wp-json\/wp\/v2\/product_brand?post=1977"},{"taxonomy":"product_cat","embeddable":true,"href":"https:\/\/chargingshop.eu\/sv\/wp-json\/wp\/v2\/product_cat?post=1977"},{"taxonomy":"product_tag","embeddable":true,"href":"https:\/\/chargingshop.eu\/sv\/wp-json\/wp\/v2\/product_tag?post=1977"}],"curies":[{"name":"wp","href":"https:\/\/api.w.org\/{rel}","templated":true}]}}