{"id":1871,"date":"2020-01-03T10:11:11","date_gmt":"2020-01-03T10:11:11","guid":{"rendered":"https:\/\/chargingshop.eu\/product\/elinta-homebox-mini-t2-swe\/"},"modified":"2020-03-27T08:52:20","modified_gmt":"2020-03-27T08:52:20","slug":"elinta-homebox-mini-t2-swe","status":"publish","type":"product","link":"https:\/\/chargingshop.eu\/sv\/produkt\/elinta-homebox-mini-t2-swe\/","title":{"rendered":"ELINTA HOMEBOX MINI T2 &#8211; 7,2 kW"},"content":{"rendered":"<div><strong>Elinta HOMEBOX MINI T2 funktioner:<\/strong><\/div>\n<div><\/div>\n<ul>\n<li>Enkel design och minimal funktionalitet<\/li>\n<li>7,2kW<\/li>\n<li>Kabelkontakt f\u00f6r laddning bekv\u00e4mlighet hemma<\/li>\n<li>Enkel installation<\/li>\n<\/ul>\n<p>ELINTA HOMEBOX MINI T2 \u00e4r utformad f\u00f6r att vara en enkel och kostnadseffektiv l\u00f6sning f\u00f6r EV-laddning av hem \/ garage. HOMEBOX MINI kan anv\u00e4ndas i privat garage, parkeringsplats eller andra privata omr\u00e5den d\u00e4r ingen autentisering kr\u00e4vs.<br \/>\nHomeBox Mini har integrerat \u00f6verstr\u00f6m, l\u00e4ckstr\u00f6mskydd och energim\u00e4tare. Endast anslutning till str\u00f6m kr\u00e4vs. HomeBox Mini \u00e4r designad f\u00f6r att anv\u00e4ndas hemma eller p\u00e5 kontor med h\u00f6gsta industrikvalitet, vilket garanterar l\u00e5ng livsl\u00e4ngd och h\u00f6g tillf\u00f6rlitlighet.<\/p>\n","protected":false},"excerpt":{"rendered":"<div>ELINTA HomeBox Mini T2 \u00e4r utformad f\u00f6r att vara en enkel och kostnadseffektiv l\u00f6sning f\u00f6r l\u00e4ge 3, typ 2, enfasladdning upp till 7,2 kW<\/div>\n<div><\/div>\n<div>Bygg med industrikomponenter f\u00f6r privat bruk.<\/div>\n","protected":false},"featured_media":1872,"comment_status":"open","ping_status":"closed","template":"","meta":[],"product_brand":[],"product_cat":[231],"product_tag":[],"class_list":{"0":"post-1871","1":"product","2":"type-product","3":"status-publish","4":"has-post-thumbnail","6":"product_cat-wallbox-chargers-sv","7":"pa_brand-elinta-charge-sv","9":"first","10":"outofstock","11":"sale","12":"taxable","13":"shipping-taxable","14":"purchasable","15":"product-type-simple"},"_links":{"self":[{"href":"https:\/\/chargingshop.eu\/sv\/wp-json\/wp\/v2\/product\/1871","targetHints":{"allow":["GET"]}}],"collection":[{"href":"https:\/\/chargingshop.eu\/sv\/wp-json\/wp\/v2\/product"}],"about":[{"href":"https:\/\/chargingshop.eu\/sv\/wp-json\/wp\/v2\/types\/product"}],"replies":[{"embeddable":true,"href":"https:\/\/chargingshop.eu\/sv\/wp-json\/wp\/v2\/comments?post=1871"}],"wp:featuredmedia":[{"embeddable":true,"href":"https:\/\/chargingshop.eu\/sv\/wp-json\/wp\/v2\/media\/1872"}],"wp:attachment":[{"href":"https:\/\/chargingshop.eu\/sv\/wp-json\/wp\/v2\/media?parent=1871"}],"wp:term":[{"taxonomy":"product_brand","embeddable":true,"href":"https:\/\/chargingshop.eu\/sv\/wp-json\/wp\/v2\/product_brand?post=1871"},{"taxonomy":"product_cat","embeddable":true,"href":"https:\/\/chargingshop.eu\/sv\/wp-json\/wp\/v2\/product_cat?post=1871"},{"taxonomy":"product_tag","embeddable":true,"href":"https:\/\/chargingshop.eu\/sv\/wp-json\/wp\/v2\/product_tag?post=1871"}],"curies":[{"name":"wp","href":"https:\/\/api.w.org\/{rel}","templated":true}]}}