{"id":1858,"date":"2019-12-20T12:35:38","date_gmt":"2019-12-20T12:35:38","guid":{"rendered":"https:\/\/chargingshop.eu\/product\/elinta-citycharge-mini2-swe\/"},"modified":"2020-05-05T14:40:46","modified_gmt":"2020-05-05T14:40:46","slug":"elinta-citycharge-mini2-swe","status":"publish","type":"product","link":"https:\/\/chargingshop.eu\/sv\/produkt\/elinta-citycharge-mini2-swe\/","title":{"rendered":"ELINTA CHARGE CITYCHARGE MINI2 &#8211; 2\u00d722 kW, 3G, LAN, Wifi, RFID"},"content":{"rendered":"<div><strong>ELINTA CHARGE CityCharge Mini2 Funktioner:<\/strong><\/div>\n<div><\/div>\n<ul>\n<li>Robust aluminiumh\u00f6lje<\/li>\n<li>RFID-godk\u00e4nnande<\/li>\n<li>OCPP-kommunikationssystem &#8211; kompatibelt med CHRG Network Management System<\/li>\n<li>Ljus LED-sk\u00e4rm<\/li>\n<li>Professionell design<\/li>\n<li>Upp till 2&#215;22 kW<\/li>\n<\/ul>\n<div>Integrerad energim\u00e4tare med bakgrundsbelysning<\/div>\n<div>Enkel installation<\/div>\n<div><\/div>\n<div>ELINTA CHARGE CityCharge Mini2 \u00e4r utformad f\u00f6r att vara enkel och kostnadseffektiv l\u00f6sning f\u00f6r snabb, upp till 2&#215;22 kW EV laddning. Det kan anv\u00e4ndas i garage, parkeringsplatser och andra privata omr\u00e5den. Med integrerat skydd mot str\u00f6m och l\u00e4ckstr\u00f6m kan det installeras som en frist\u00e5ende enhet.<\/div>\n<div><\/div>\n","protected":false},"excerpt":{"rendered":"<p>ELINTA CHARGE CityCharge Mini2 \u00e4r designad f\u00f6r att anv\u00e4ndas hemma, p\u00e5 kontor eller i allm\u00e4nna utrymmen med h\u00f6gsta industrikvalitet, vilket garanterar l\u00e5ng livsl\u00e4ngd och h\u00f6g tillf\u00f6rlitlighet. CityCharge Mini2 laddstation \u00e4r klassificerad som snabb laddstation med l\u00e4ge 3 med f\u00f6rm\u00e5ga att ge upp till 44 kW kraft med tv\u00e5 laddningsuttag av typ 2.<\/p>\n<a href=\"https:\/\/chargingshop.eu\/elements\/pages\/contact\/\" class=\"button primary is-primary is-medium\"  >\n    <span>Get a quote<\/span>\n  <\/a>\n\n","protected":false},"featured_media":1663,"comment_status":"open","ping_status":"closed","template":"","meta":[],"product_brand":[],"product_cat":[231,249,98],"product_tag":[],"class_list":{"0":"post-1858","1":"product","2":"type-product","3":"status-publish","4":"has-post-thumbnail","6":"product_cat-wallbox-chargers-sv","7":"product_cat-post-chargers-sv","8":"product_cat-post-chargers","9":"pa_brand-elinta-charge-sv","11":"first","12":"instock","13":"taxable","14":"shipping-taxable","15":"purchasable","16":"product-type-simple"},"_links":{"self":[{"href":"https:\/\/chargingshop.eu\/sv\/wp-json\/wp\/v2\/product\/1858","targetHints":{"allow":["GET"]}}],"collection":[{"href":"https:\/\/chargingshop.eu\/sv\/wp-json\/wp\/v2\/product"}],"about":[{"href":"https:\/\/chargingshop.eu\/sv\/wp-json\/wp\/v2\/types\/product"}],"replies":[{"embeddable":true,"href":"https:\/\/chargingshop.eu\/sv\/wp-json\/wp\/v2\/comments?post=1858"}],"wp:featuredmedia":[{"embeddable":true,"href":"https:\/\/chargingshop.eu\/sv\/wp-json\/wp\/v2\/media\/1663"}],"wp:attachment":[{"href":"https:\/\/chargingshop.eu\/sv\/wp-json\/wp\/v2\/media?parent=1858"}],"wp:term":[{"taxonomy":"product_brand","embeddable":true,"href":"https:\/\/chargingshop.eu\/sv\/wp-json\/wp\/v2\/product_brand?post=1858"},{"taxonomy":"product_cat","embeddable":true,"href":"https:\/\/chargingshop.eu\/sv\/wp-json\/wp\/v2\/product_cat?post=1858"},{"taxonomy":"product_tag","embeddable":true,"href":"https:\/\/chargingshop.eu\/sv\/wp-json\/wp\/v2\/product_tag?post=1858"}],"curies":[{"name":"wp","href":"https:\/\/api.w.org\/{rel}","templated":true}]}}