{"id":1856,"date":"2019-12-20T13:19:22","date_gmt":"2019-12-20T13:19:22","guid":{"rendered":"https:\/\/chargingshop.eu\/product\/elinta-citycharge-v2-2x22-kw-swe\/"},"modified":"2020-10-27T09:10:05","modified_gmt":"2020-10-27T09:10:05","slug":"elinta-citycharge-v2-2x22-kw-swe","status":"publish","type":"product","link":"https:\/\/chargingshop.eu\/sv\/produkt\/elinta-citycharge-v2-2x22-kw-swe\/","title":{"rendered":"ELINTA CITYCHARGE V2 &#8211; 2\u00d722 kW, 3G \/ LAN \/ Wifi \/ RFID"},"content":{"rendered":"<div><strong>Elinta CHARGE CityCharge V2 Funktioner:<\/strong><\/div>\n<div>\u00a0<\/div>\n<ul>\n<li>2 x l\u00e4ge 3, typ 2<\/li>\n<li>B\u00e5da sidor tillg\u00e4ngliga<\/li>\n<li>Upp till 2&#215;22 kW<\/li>\n<li>Avgifter upp till 2 fordon<\/li>\n<li>Integrerad energim\u00e4tare<\/li>\n<li>Robust aluminiumh\u00f6lje<\/li>\n<li>RFID-godk\u00e4nnande<\/li>\n<li>OCPP-kommunikationssystem<\/li>\n<li>Ljus LED-sk\u00e4rm<\/li>\n<\/ul>\n<div class=\"video video-fit mb\" style=\"padding-top:56.25%;\"><p><iframe title=\"Elinta Charge beautiful &amp; smart charging stations for electric vehicles \ud83d\ude98\u26a1\ufe0f\ud83d\udd0c\u26fd\ufe0f\" width=\"1020\" height=\"574\" src=\"https:\/\/www.youtube.com\/embed\/dXiFvkjvtX8?feature=oembed\" frameborder=\"0\" allow=\"accelerometer; autoplay; clipboard-write; encrypted-media; gyroscope; picture-in-picture\" allowfullscreen><\/iframe><\/p>\n<\/div>\n<p>ELINTA CHARGE CityCharge V2 \u00e4r v\u00e4l l\u00e4mpad f\u00f6r alla kommersiella eller offentliga platser. Den exklusiva designen passar perfekt till aff\u00e4rscentrum, k\u00f6pcentra, restauranger, hotell och andra offentliga parkeringsplatser. ELINTA CHARGE CityCharge V2 klassificeras som snabb Mode 3-laddningsstation med m\u00f6jlighet att ladda upp till 4 fordon och ge upp till 44 kW kraft. CityCharge V2 tillverkas endast med material av h\u00f6gsta kvalitet. Det fasta h\u00f6ljet \u00e4r tillverkat av extruderade CNC-bearbetade och pulverlackerade aluminiumdelar som var konstruerade f\u00f6r att h\u00e5lla kvar. Elektronik av h\u00f6gsta kvalitet med integrerad klimatkontroll garanterar h\u00f6gsta tillf\u00f6rlitlighet \u00e4ven i de v\u00e4rsta v\u00e4derf\u00f6rh\u00e5llandena. Ljus animerad LED-sk\u00e4rm och sidof\u00e4lt \u00e4r synliga \u00e4ven i direkt solljus, samtidigt som de ger futuristiska intryck och f\u00f6rm\u00e5ga att ses fr\u00e5n l\u00e5nga avst\u00e5nd p\u00e5 natten. Finns som frist\u00e5ende modell med en anv\u00e4ndarv\u00e4nlig RFID-identifiering f\u00f6r litet, lokalt laddningsn\u00e4tverk eller s\u00e5 kan det integreras i befintligt laddningsn\u00e4t med integrerad GSM- och 3G-modul.<\/p>\n","protected":false},"excerpt":{"rendered":"<div>ELINTA CHARGE CityCharge V2 \u00e4r en EV-laddare av poltyp som klassificeras som snabb Mode 3-laddningsstation med f\u00f6rm\u00e5ga att ge upp till 2&#215;22 kW kraft med tv\u00e5 laddningsuttag av typ 2.<\/div>\n<div><\/div>\n<p>&nbsp;<\/p>\n","protected":false},"featured_media":1759,"comment_status":"open","ping_status":"closed","template":"","meta":[],"product_brand":[],"product_cat":[249],"product_tag":[],"class_list":{"0":"post-1856","1":"product","2":"type-product","3":"status-publish","4":"has-post-thumbnail","6":"product_cat-post-chargers-sv","7":"pa_brand-elinta-charge-sv","9":"first","10":"instock","11":"taxable","12":"shipping-taxable","13":"purchasable","14":"product-type-simple"},"_links":{"self":[{"href":"https:\/\/chargingshop.eu\/sv\/wp-json\/wp\/v2\/product\/1856","targetHints":{"allow":["GET"]}}],"collection":[{"href":"https:\/\/chargingshop.eu\/sv\/wp-json\/wp\/v2\/product"}],"about":[{"href":"https:\/\/chargingshop.eu\/sv\/wp-json\/wp\/v2\/types\/product"}],"replies":[{"embeddable":true,"href":"https:\/\/chargingshop.eu\/sv\/wp-json\/wp\/v2\/comments?post=1856"}],"wp:featuredmedia":[{"embeddable":true,"href":"https:\/\/chargingshop.eu\/sv\/wp-json\/wp\/v2\/media\/1759"}],"wp:attachment":[{"href":"https:\/\/chargingshop.eu\/sv\/wp-json\/wp\/v2\/media?parent=1856"}],"wp:term":[{"taxonomy":"product_brand","embeddable":true,"href":"https:\/\/chargingshop.eu\/sv\/wp-json\/wp\/v2\/product_brand?post=1856"},{"taxonomy":"product_cat","embeddable":true,"href":"https:\/\/chargingshop.eu\/sv\/wp-json\/wp\/v2\/product_cat?post=1856"},{"taxonomy":"product_tag","embeddable":true,"href":"https:\/\/chargingshop.eu\/sv\/wp-json\/wp\/v2\/product_tag?post=1856"}],"curies":[{"name":"wp","href":"https:\/\/api.w.org\/{rel}","templated":true}]}}