{"id":1853,"date":"2019-12-27T14:50:26","date_gmt":"2019-12-27T14:50:26","guid":{"rendered":"https:\/\/chargingshop.eu\/product\/elinta-homebox-slim-3g-swe\/"},"modified":"2020-04-22T08:32:16","modified_gmt":"2020-04-22T08:32:16","slug":"elinta-homebox-slim-3g-swe","status":"publish","type":"product","link":"https:\/\/chargingshop.eu\/sv\/produkt\/elinta-homebox-slim-3g-swe\/","title":{"rendered":"ELINTA HOMEBOX SLIM 3G RFID, 7.2 kW"},"content":{"rendered":"<div><strong>Elinta HomeBox Slim 3G-funktioner:<\/strong><\/div>\n<div><\/div>\n<ul>\n<li>Enkel och professionell design<\/li>\n<li>7.2 kW<\/li>\n<li>3G-kommunikationsmodul (kompatibel med CHRG Network Station Management System)<\/li>\n<li>Integrerad energim\u00e4tare med bakgrundsbelysning<\/li>\n<li>Enkel installation<\/li>\n<\/ul>\n<p>Elinta HomeBox Slim \u00e4r utformad f\u00f6r att vara en enkel och kostnadseffektiv l\u00f6sning f\u00f6r snabb 7.2 kW EV-laddning. HomeBox Slim kan anv\u00e4ndas i privat garage, parkeringsplats eller andra privata utrymmen. Med integrerat skydd mot str\u00f6m och l\u00e4ckstr\u00f6m kan det installeras som en frist\u00e5ende enhet.<\/p>\n","protected":false},"excerpt":{"rendered":"<p>Elinta HomeBox Slim \u00e4r designad f\u00f6r att anv\u00e4ndas hemma eller p\u00e5 kontor med h\u00f6gsta industrikvalitet, vilket garanterar l\u00e5ng livsl\u00e4ngd och h\u00f6g tillf\u00f6rlitlighet. Elinta HomeBox Slim laddningsstation finns i 3 eller 1-fas och 16A eller 32A versioner, beroende p\u00e5 den medf\u00f6ljande str\u00f6mk\u00e4llan.<\/p>\n","protected":false},"featured_media":1854,"comment_status":"open","ping_status":"closed","template":"","meta":[],"product_brand":[],"product_cat":[231],"product_tag":[],"class_list":{"0":"post-1853","1":"product","2":"type-product","3":"status-publish","4":"has-post-thumbnail","6":"product_cat-wallbox-chargers-sv","7":"pa_brand-elinta-charge-sv","9":"first","10":"instock","11":"taxable","12":"shipping-taxable","13":"purchasable","14":"product-type-simple"},"_links":{"self":[{"href":"https:\/\/chargingshop.eu\/sv\/wp-json\/wp\/v2\/product\/1853","targetHints":{"allow":["GET"]}}],"collection":[{"href":"https:\/\/chargingshop.eu\/sv\/wp-json\/wp\/v2\/product"}],"about":[{"href":"https:\/\/chargingshop.eu\/sv\/wp-json\/wp\/v2\/types\/product"}],"replies":[{"embeddable":true,"href":"https:\/\/chargingshop.eu\/sv\/wp-json\/wp\/v2\/comments?post=1853"}],"wp:featuredmedia":[{"embeddable":true,"href":"https:\/\/chargingshop.eu\/sv\/wp-json\/wp\/v2\/media\/1854"}],"wp:attachment":[{"href":"https:\/\/chargingshop.eu\/sv\/wp-json\/wp\/v2\/media?parent=1853"}],"wp:term":[{"taxonomy":"product_brand","embeddable":true,"href":"https:\/\/chargingshop.eu\/sv\/wp-json\/wp\/v2\/product_brand?post=1853"},{"taxonomy":"product_cat","embeddable":true,"href":"https:\/\/chargingshop.eu\/sv\/wp-json\/wp\/v2\/product_cat?post=1853"},{"taxonomy":"product_tag","embeddable":true,"href":"https:\/\/chargingshop.eu\/sv\/wp-json\/wp\/v2\/product_tag?post=1853"}],"curies":[{"name":"wp","href":"https:\/\/api.w.org\/{rel}","templated":true}]}}