{"id":1805,"date":"2019-12-27T15:31:10","date_gmt":"2019-12-27T15:31:10","guid":{"rendered":"https:\/\/chargingshop.eu\/product\/ensto-chago-pro-2x22-kw-swe\/"},"modified":"2020-05-05T13:50:44","modified_gmt":"2020-05-05T13:50:44","slug":"ensto-chago-pro-2x22-kw-swe","status":"publish","type":"product","link":"https:\/\/chargingshop.eu\/sv\/produkt\/ensto-chago-pro-2x22-kw-swe\/","title":{"rendered":"ENSTO CHAGO PRO &#8211; 2\u00d722 kW 4G, LAN, RCD + MCB, Type2"},"content":{"rendered":"<div class=\"video video-fit mb\" style=\"padding-top:56.25%;\"><p><iframe title=\"ENSTO Chago Pro 2018\" width=\"1020\" height=\"574\" src=\"https:\/\/www.youtube.com\/embed\/r2rTxHxAReE?feature=oembed\" frameborder=\"0\" allow=\"accelerometer; autoplay; encrypted-media; gyroscope; picture-in-picture\" allowfullscreen><\/iframe><\/p>\n<\/div>\n<p><strong>ENSTO Chago Pro model EVF200W-B4 2x22kW, 4G, IP54, IK10, LAN, RCD + MCB, Type2, RCMB 6 mA<\/strong><\/p>\n<p>Denna automatiska automatisk uppl\u00e5sningsfunktion f\u00f6r kabel vid str\u00f6mavbrott, \u00e4ven automatisk str\u00f6m\u00e5terst\u00e4llning efter initierad RCD<\/p>\n<div><strong>Smarta l\u00f6sningar s\u00e4tter ditt f\u00f6retag f\u00f6rst<\/strong><\/div>\n<div><\/div>\n<ul>\n<li>Spara pengar med framtidss\u00e4kra Smart EV-tj\u00e4nster<\/li>\n<li>S\u00e4ker molnbaserad fj\u00e4rrhantering av dina laddningsstationer<\/li>\n<li>L\u00e4tt att kombinera med dina befintliga appar, lojalitetsprogram eller kundportaler<\/li>\n<\/ul>\n<div><strong>Idealisk f\u00f6r alla milj\u00f6er<\/strong><\/div>\n<div><\/div>\n<ul>\n<li>Kraftfull enkel- eller dubbla laddning<\/li>\n<li>L\u00e5ga livscykelkostnader<\/li>\n<li>Perfekt f\u00f6r \u00e5terf\u00f6rs\u00e4ljare, flottor, parkeringsplatser och mer<\/li>\n<\/ul>\n<div><strong>V\u00e4rde fr\u00e5n elegans och h\u00e5llbarhet<\/strong><\/div>\n<div><\/div>\n<ul>\n<li>Snygg skandinavisk design som st\u00f6djer ditt varum\u00e4rke<\/li>\n<li>Industrikomponenter av h\u00f6g kvalitet med en robust st\u00e5lkonstruktion<\/li>\n<li>Fullst\u00e4ndigt \u00f6verensst\u00e4mmer med europeiska best\u00e4mmelser<\/li>\n<\/ul>\n<div><strong>Njut av en anv\u00e4ndarv\u00e4nlig upplevelse<\/strong><\/div>\n<div><\/div>\n<ul>\n<li>Plug &amp; Charge f\u00f6r en enkel laddningsupplevelse<\/li>\n<li>Enkel och s\u00e4ker anv\u00e4ndaridentifiering med RFID, mobilapp, NFC<\/li>\n<li>Redo f\u00f6r fordon-till-rutn\u00e4t<\/li>\n<\/ul>\n<p>&nbsp;<\/p>\n","protected":false},"excerpt":{"rendered":"<p>ENSTO Chago Pro \u00e4r en l\u00e4ttanv\u00e4nd AC-laddningsstation med l\u00e5ng livsl\u00e4ngd f\u00f6r allm\u00e4n och semi-offentlig EV-laddning. ENSTO Chago Pro har en struktur som \u00e4r idealisk f\u00f6r kr\u00e4vande milj\u00f6f\u00f6rh\u00e5llanden och omr\u00e5den d\u00e4r laddnings\u00e4garens \u00e4gare vill ha full kontroll \u00f6ver sin EV-laddningstj\u00e4nst och erbjuder den b\u00e4sta laddningsupplevelsen.<\/p>\n","protected":false},"featured_media":1806,"comment_status":"open","ping_status":"closed","template":"","meta":[],"product_brand":[],"product_cat":[249],"product_tag":[],"class_list":{"0":"post-1805","1":"product","2":"type-product","3":"status-publish","4":"has-post-thumbnail","6":"product_cat-post-chargers-sv","7":"pa_brand-ensto-sv","9":"first","10":"instock","11":"sale","12":"taxable","13":"shipping-taxable","14":"purchasable","15":"product-type-simple"},"_links":{"self":[{"href":"https:\/\/chargingshop.eu\/sv\/wp-json\/wp\/v2\/product\/1805","targetHints":{"allow":["GET"]}}],"collection":[{"href":"https:\/\/chargingshop.eu\/sv\/wp-json\/wp\/v2\/product"}],"about":[{"href":"https:\/\/chargingshop.eu\/sv\/wp-json\/wp\/v2\/types\/product"}],"replies":[{"embeddable":true,"href":"https:\/\/chargingshop.eu\/sv\/wp-json\/wp\/v2\/comments?post=1805"}],"wp:featuredmedia":[{"embeddable":true,"href":"https:\/\/chargingshop.eu\/sv\/wp-json\/wp\/v2\/media\/1806"}],"wp:attachment":[{"href":"https:\/\/chargingshop.eu\/sv\/wp-json\/wp\/v2\/media?parent=1805"}],"wp:term":[{"taxonomy":"product_brand","embeddable":true,"href":"https:\/\/chargingshop.eu\/sv\/wp-json\/wp\/v2\/product_brand?post=1805"},{"taxonomy":"product_cat","embeddable":true,"href":"https:\/\/chargingshop.eu\/sv\/wp-json\/wp\/v2\/product_cat?post=1805"},{"taxonomy":"product_tag","embeddable":true,"href":"https:\/\/chargingshop.eu\/sv\/wp-json\/wp\/v2\/product_tag?post=1805"}],"curies":[{"name":"wp","href":"https:\/\/api.w.org\/{rel}","templated":true}]}}