{"id":1798,"date":"2019-12-28T09:56:40","date_gmt":"2019-12-28T09:56:40","guid":{"rendered":"https:\/\/chargingshop.eu\/product\/keba-kecontact-p30-swe\/"},"modified":"2020-03-24T09:37:14","modified_gmt":"2020-03-24T09:37:14","slug":"keba-kecontact-p30-swe","status":"publish","type":"product","link":"https:\/\/chargingshop.eu\/sv\/produkt\/keba-kecontact-p30-swe\/","title":{"rendered":"KEBA KeContact P30 c-series 3G"},"content":{"rendered":"<div class=\"video video-fit mb\" style=\"padding-top:56.25%;\"><p><iframe title=\"KEBA wallbox EVSE heat challenge\" width=\"1020\" height=\"574\" src=\"https:\/\/www.youtube.com\/embed\/Qo7cpnv3xsU?feature=oembed\" frameborder=\"0\" allow=\"accelerometer; autoplay; encrypted-media; gyroscope; picture-in-picture\" allowfullscreen><\/iframe><\/p>\n<\/div>\n<p>Keba KeContact P30 \u00e4r redan den tredje generationen v\u00e4ggboxar fr\u00e5n KEBA som erbjuder nya applikationsm\u00f6jligheter tack vare modernaste kommunikationsstandarder och funktioner. Vi har gjort v\u00e5ra kraftladdningsstationer intelligenta och utrustade dem med otaliga funktioner och kommunikationsstandarder. S\u00e5 du kan inte bara ladda, utan ocks\u00e5 styra, kommunicera och n\u00e4tverk.<\/p>\n<div><strong>KEBA KeContact P30 c-serien funktioner:<\/strong><\/div>\n<div><\/div>\n<ul>\n<li>Lokal lasthantering som slav<\/li>\n<li>Upp till 22 kW<\/li>\n<li>OCPP-kommunikation som slav (via 3G)<\/li>\n<li>Slave f\u00f6r Master \/ Slave-kommunikation<\/li>\n<li>UDP-gr\u00e4nssnitt (smart home automation)<\/li>\n<li>Ethernet-gr\u00e4nssnitt f\u00f6r permanent installation (LSA +)<\/li>\n<li>M\u00e4tning (MID-certifierad *) f\u00f6r fakturerings\u00e4ndam\u00e5l<\/li>\n<li>Kraft\u00f6vervakning<\/li>\n<li>DC-l\u00e4ckagedetektering<\/li>\n<li>Ethernet-gr\u00e4nssnitt (RJ45)<\/li>\n<li>USB-gr\u00e4nssnitt<\/li>\n<\/ul>\n<p>KeContact P30 c-serien har MID-certifierad, intelligent laddning och smart hemintegration<\/p>\n","protected":false},"excerpt":{"rendered":"<p>Keba KeContact P30 blir ett kommunikationscenter f\u00f6r intelligent styrd laddning p\u00e5 grund av integration i smarta hem eller back-end-system, koppling av fotovoltaiska system eller alternativ f\u00f6r fakturering. Det uppfyller alla krav f\u00f6r elektromobilitet &#8211; inte bara f\u00f6r idag utan ocks\u00e5 i framtiden.<\/p>\n","protected":false},"featured_media":1633,"comment_status":"open","ping_status":"closed","template":"","meta":[],"product_brand":[],"product_cat":[231],"product_tag":[],"class_list":{"0":"post-1798","1":"product","2":"type-product","3":"status-publish","4":"has-post-thumbnail","6":"product_cat-wallbox-chargers-sv","7":"pa_brand-keba-sv","9":"first","10":"outofstock","11":"sale","12":"taxable","13":"shipping-taxable","14":"purchasable","15":"product-type-simple"},"_links":{"self":[{"href":"https:\/\/chargingshop.eu\/sv\/wp-json\/wp\/v2\/product\/1798","targetHints":{"allow":["GET"]}}],"collection":[{"href":"https:\/\/chargingshop.eu\/sv\/wp-json\/wp\/v2\/product"}],"about":[{"href":"https:\/\/chargingshop.eu\/sv\/wp-json\/wp\/v2\/types\/product"}],"replies":[{"embeddable":true,"href":"https:\/\/chargingshop.eu\/sv\/wp-json\/wp\/v2\/comments?post=1798"}],"wp:featuredmedia":[{"embeddable":true,"href":"https:\/\/chargingshop.eu\/sv\/wp-json\/wp\/v2\/media\/1633"}],"wp:attachment":[{"href":"https:\/\/chargingshop.eu\/sv\/wp-json\/wp\/v2\/media?parent=1798"}],"wp:term":[{"taxonomy":"product_brand","embeddable":true,"href":"https:\/\/chargingshop.eu\/sv\/wp-json\/wp\/v2\/product_brand?post=1798"},{"taxonomy":"product_cat","embeddable":true,"href":"https:\/\/chargingshop.eu\/sv\/wp-json\/wp\/v2\/product_cat?post=1798"},{"taxonomy":"product_tag","embeddable":true,"href":"https:\/\/chargingshop.eu\/sv\/wp-json\/wp\/v2\/product_tag?post=1798"}],"curies":[{"name":"wp","href":"https:\/\/api.w.org\/{rel}","templated":true}]}}