{"id":1796,"date":"2019-12-31T10:41:51","date_gmt":"2019-12-31T10:41:51","guid":{"rendered":"https:\/\/chargingshop.eu\/product\/chrg-network-station-management-system-swe\/"},"modified":"2020-06-08T19:34:47","modified_gmt":"2020-06-08T19:34:47","slug":"chrg-network-station-management-system-swe","status":"publish","type":"product","link":"https:\/\/chargingshop.eu\/sv\/produkt\/chrg-network-station-management-system-swe\/","title":{"rendered":"CHRG Network station management system"},"content":{"rendered":"<h3><strong>Visualisering och kontroll<\/strong><\/h3>\n<p>CHRG Network WebApp visar alla dina laddningssessioner. Du kan se <strong>n\u00e4r, hur l\u00e4nge och hur mycket el du laddar,<\/strong> samt hur mycket du har f\u00f6rbrukat hittills.<\/p>\n<h3><strong>Hantera dina laddstationer och anv\u00e4ndare<\/strong><\/h3>\n<p>WebApp g\u00f6r det enkelt och bekv\u00e4mt att st\u00e4lla in <strong>\u00f6ppettider<\/strong> f\u00f6r dina laddstationer och att l\u00e4gga till nya <strong>anv\u00e4ndare<\/strong> p\u00e5 distans.<\/p>\n<h3><strong>Exportera laddningsdata f\u00f6r enkel fakturering<\/strong><\/h3>\n<p>Med CHRG Network WebApp kan du se alla <strong>laddningssessioner<\/strong> p\u00e5 alla dina laddningsstationer samtidigt eller organisera data genom <strong>laddningssession, laddningsstation och anv\u00e4ndare.<\/strong> All laddningsinformation kan exporteras i Excel-format, vilket g\u00f6r det enkelt att skapa uttalanden och andra dokument.<\/p>\n<h3><strong>Fj\u00e4rrst\u00f6d<\/strong><\/h3>\n<p>Vid funktionsfel kan du med CHRG Network administrat\u00f6rsverktyg fj\u00e4rr\u00e5tkomst till din laddstation f\u00f6r att <strong>snabbt uppt\u00e4cka och l\u00f6sa fel utan extra kostnad<\/strong>. Detta inneb\u00e4r att du drar nytta av en h\u00f6g drifts\u00e4kerhet f\u00f6r din laddningsinfrastruktur och inga dyra tekniker p\u00e5 plats.<\/p>\n<h3><strong>Internetanslutning och OCPP<\/strong><\/h3>\n<div><\/div>\n<div>F\u00f6r att ansluta till CHRG Network WebApp beh\u00f6ver din laddningsstation en <strong>internetanslutning via en Ethernet-kabel eller en mobil signal (beroende p\u00e5 din stationsmodell)<\/strong>. Appen <strong>kommunicerar<\/strong> med laddstationen <strong>via Open Charge Point Protocol<\/strong> (OCPP), det universella kommunikationsprotokollet f\u00f6r laddningsstationer och backend-system.<\/div>\n<div><\/div>\n<h3><strong>Laddningsframsteg kan ses hela tiden<\/strong><\/h3>\n<div>Med CHRG Networks stationsadministrationsverktyg registrerar du alla laddningsprocesser enkelt online och du kan komma \u00e5t dem med valfri enhet n\u00e4r som helst. Datas\u00e4tten kan exporteras enkelt &#8211; till exempel f\u00f6r fakturerings\u00e4ndam\u00e5l.<\/div>\n<p>&nbsp;<\/p>\n<p>&nbsp;<\/p>\n","protected":false},"excerpt":{"rendered":"<div>CHRG Network \u00e4r en anv\u00e4ndarintuitiv mjukvarul\u00f6sning som g\u00f6r det enkelt att se laddningsinformationen fr\u00e5n din Elinta eller Ensto laddstation online n\u00e4r som helst och var som helst och g\u00f6r det mycket enkelt att hantera dina anv\u00e4ndare, betalningar och fakturering.<\/div>\n<div><\/div>\n<ul>\n<li><strong>Hantera dina laddstationer, anv\u00e4ndare och \u00f6ppettider<\/strong><\/li>\n<li>Registrera alla laddningssessioner<\/li>\n<li>F\u00e5 \u00e5tkomst till din laddningsstation med din smartphone, surfplatta eller dator<\/li>\n<li>Fj\u00e4rrsupport fr\u00e5n tillverkaren<\/li>\n<li>Kompatibel med alla Elinta, Ensto-stationer Mode 2-stationer<\/li>\n<\/ul>\n","protected":false},"featured_media":1797,"comment_status":"open","ping_status":"closed","template":"","meta":[],"product_brand":[],"product_cat":[231],"product_tag":[],"class_list":{"0":"post-1796","1":"product","2":"type-product","3":"status-publish","4":"has-post-thumbnail","6":"product_cat-wallbox-chargers-sv","8":"first","9":"outofstock","10":"sale","11":"taxable","12":"shipping-taxable","13":"purchasable","14":"product-type-simple"},"_links":{"self":[{"href":"https:\/\/chargingshop.eu\/sv\/wp-json\/wp\/v2\/product\/1796","targetHints":{"allow":["GET"]}}],"collection":[{"href":"https:\/\/chargingshop.eu\/sv\/wp-json\/wp\/v2\/product"}],"about":[{"href":"https:\/\/chargingshop.eu\/sv\/wp-json\/wp\/v2\/types\/product"}],"replies":[{"embeddable":true,"href":"https:\/\/chargingshop.eu\/sv\/wp-json\/wp\/v2\/comments?post=1796"}],"wp:featuredmedia":[{"embeddable":true,"href":"https:\/\/chargingshop.eu\/sv\/wp-json\/wp\/v2\/media\/1797"}],"wp:attachment":[{"href":"https:\/\/chargingshop.eu\/sv\/wp-json\/wp\/v2\/media?parent=1796"}],"wp:term":[{"taxonomy":"product_brand","embeddable":true,"href":"https:\/\/chargingshop.eu\/sv\/wp-json\/wp\/v2\/product_brand?post=1796"},{"taxonomy":"product_cat","embeddable":true,"href":"https:\/\/chargingshop.eu\/sv\/wp-json\/wp\/v2\/product_cat?post=1796"},{"taxonomy":"product_tag","embeddable":true,"href":"https:\/\/chargingshop.eu\/sv\/wp-json\/wp\/v2\/product_tag?post=1796"}],"curies":[{"name":"wp","href":"https:\/\/api.w.org\/{rel}","templated":true}]}}