{"id":1779,"date":"2020-01-15T13:32:04","date_gmt":"2020-01-15T13:32:04","guid":{"rendered":"https:\/\/chargingshop.eu\/product\/ensto-efiller-rapid-36-kw-1x16a-swe\/"},"modified":"2020-03-23T17:45:38","modified_gmt":"2020-03-23T17:45:38","slug":"ensto-efiller-rapid-36-kw-1x16a-swe","status":"publish","type":"product","link":"https:\/\/chargingshop.eu\/sv\/produkt\/ensto-efiller-rapid-36-kw-1x16a-swe\/","title":{"rendered":"ENSTO eFiller &#8211; 3,6 kW (1x16A)"},"content":{"rendered":"<div class=\"video video-fit mb\" style=\"padding-top:56.25%;\"><p><iframe title=\"Ensto Chago eFill Rapid\" width=\"1020\" height=\"574\" src=\"https:\/\/www.youtube.com\/embed\/zeFDTl-Fx-k?feature=oembed\" frameborder=\"0\" allow=\"accelerometer; autoplay; encrypted-media; gyroscope; picture-in-picture\" allowfullscreen><\/iframe><\/p>\n<\/div>\n<div><strong>Idealisk f\u00f6r alla milj\u00f6er<\/strong><\/div>\n<div><\/div>\n<ul>\n<li>3,6 kW enfasladdning<\/li>\n<li>L\u00e5ga livscykelkostnader<\/li>\n<li>Perfekt f\u00f6r hemmet med Tricolor indikering LED-ljus<\/li>\n<li>Str\u00f6mk\u00e4lla kan vara eluttag &#8211; inget behov av professionell installation! (se installationsvideo)<\/li>\n<\/ul>\n<div><strong>V\u00e4rde fr\u00e5n elegans och h\u00e5llbarhet<\/strong><\/div>\n<div><\/div>\n<ul>\n<li>Snygg skandinavisk design<\/li>\n<li>Industrikomponenter av h\u00f6g kvalitet med elegant aluminiumstruktur<\/li>\n<li>Fullst\u00e4ndigt \u00f6verensst\u00e4mmer med europeiska best\u00e4mmelser<\/li>\n<\/ul>\n<div><strong>Njut av en anv\u00e4ndarv\u00e4nlig upplevelse<\/strong><\/div>\n<div><\/div>\n<ul>\n<li>Anslut en kabel &amp; laddning f\u00f6r en enkel laddningsupplevelse<\/li>\n<li>Kabell\u00e4ngd &#8211; 4,5 meter<\/li>\n<\/ul>\n<p>&nbsp;<\/p>\n","protected":false},"excerpt":{"rendered":"<div>ENSTO eFiller (modell EVH020.02H) &#8211; en kompakt v\u00e4ggmonterad laddpunkt med fast laddningskabel. Elegant och h\u00e5llbar design s\u00e4rskilt l\u00e4mplig f\u00f6r enkel laddning i hemmet n\u00e4r inbyggt \u00f6verstr\u00f6m och reststr\u00f6mskydd eller l\u00e4nk till backend-system inte beh\u00f6vs.<\/div>\n<div><\/div>\n<div>Tricolor indikering LED-lampa. En separat h\u00e5llare f\u00f6r laddningsplugg kan installeras p\u00e5 v\u00e4ggen. Denna laddningsplats \u00e4r utrustad med en speciell v\u00e4ggf\u00e4ste och fast tillf\u00f6rselkabel f\u00f6r snabb montering. Tillf\u00f6rselkabeln kan levereras via CEE 7\/7-kontakt (&#8220;Schuko&#8221;) eller med industriell CEE-kontakt 16A, 5-polig. Observera att leveransproppen inte levereras med produktupps\u00e4ttningen.<\/div>\n","protected":false},"featured_media":1613,"comment_status":"open","ping_status":"closed","template":"","meta":[],"product_brand":[],"product_cat":[231],"product_tag":[],"class_list":{"0":"post-1779","1":"product","2":"type-product","3":"status-publish","4":"has-post-thumbnail","6":"product_cat-wallbox-chargers-sv","7":"pa_brand-ensto-sv","9":"first","10":"instock","11":"sale","12":"taxable","13":"shipping-taxable","14":"purchasable","15":"product-type-simple"},"_links":{"self":[{"href":"https:\/\/chargingshop.eu\/sv\/wp-json\/wp\/v2\/product\/1779","targetHints":{"allow":["GET"]}}],"collection":[{"href":"https:\/\/chargingshop.eu\/sv\/wp-json\/wp\/v2\/product"}],"about":[{"href":"https:\/\/chargingshop.eu\/sv\/wp-json\/wp\/v2\/types\/product"}],"replies":[{"embeddable":true,"href":"https:\/\/chargingshop.eu\/sv\/wp-json\/wp\/v2\/comments?post=1779"}],"wp:featuredmedia":[{"embeddable":true,"href":"https:\/\/chargingshop.eu\/sv\/wp-json\/wp\/v2\/media\/1613"}],"wp:attachment":[{"href":"https:\/\/chargingshop.eu\/sv\/wp-json\/wp\/v2\/media?parent=1779"}],"wp:term":[{"taxonomy":"product_brand","embeddable":true,"href":"https:\/\/chargingshop.eu\/sv\/wp-json\/wp\/v2\/product_brand?post=1779"},{"taxonomy":"product_cat","embeddable":true,"href":"https:\/\/chargingshop.eu\/sv\/wp-json\/wp\/v2\/product_cat?post=1779"},{"taxonomy":"product_tag","embeddable":true,"href":"https:\/\/chargingshop.eu\/sv\/wp-json\/wp\/v2\/product_tag?post=1779"}],"curies":[{"name":"wp","href":"https:\/\/api.w.org\/{rel}","templated":true}]}}