{"id":1769,"date":"2020-01-16T13:26:11","date_gmt":"2020-01-16T13:26:11","guid":{"rendered":"https:\/\/chargingshop.eu\/product\/ensto-evb200-asa-2x22kw-3g-swe\/"},"modified":"2020-03-23T15:54:32","modified_gmt":"2020-03-23T15:54:32","slug":"ensto-evb200-asa-2x22kw-3g-swe","status":"publish","type":"product","link":"https:\/\/chargingshop.eu\/sv\/produkt\/ensto-evb200-asa-2x22kw-3g-swe\/","title":{"rendered":"ENSTO Chago EVB200 -ASA 2x22kW (3G)"},"content":{"rendered":"<div class=\"video video-fit mb\" style=\"padding-top:56.25%;\"><p><iframe title=\"Ensto | Unboxing do carregador Wallbox\" width=\"1020\" height=\"574\" src=\"https:\/\/www.youtube.com\/embed\/wKRpdvzjL4k?feature=oembed\" frameborder=\"0\" allow=\"accelerometer; autoplay; encrypted-media; gyroscope; picture-in-picture\" allowfullscreen><\/iframe><\/p>\n<\/div>\n<div><\/div>\n<div><strong>Smarta l\u00f6sningar s\u00e4tter ditt f\u00f6retag f\u00f6rst<\/strong><\/div>\n<div><\/div>\n<ul>\n<li>Spara pengar med framtidss\u00e4kra Smart EV-tj\u00e4nster<\/li>\n<li>Kompatibel med molnbaserad fj\u00e4rrhantering av dina laddningsstationer.<\/li>\n<\/ul>\n<div><strong>Idealisk f\u00f6r alla milj\u00f6er<\/strong><\/div>\n<div><\/div>\n<ul>\n<li>Kraftfull enkel- eller dubbla laddning<\/li>\n<li>L\u00e5ga livscykelkostnader<\/li>\n<li>L\u00e5g installationskostnad (m\u00f6jlighet att montera p\u00e5 v\u00e4gg)<\/li>\n<li>L\u00e4mplig f\u00f6r anv\u00e4ndning i h\u00e5rda milj\u00f6er &#8211; b\u00e5de inomhus eller utomhus<\/li>\n<li>Perfekt f\u00f6r \u00e5terf\u00f6rs\u00e4ljare, flottor, parkeringsplatser och mer<\/li>\n<\/ul>\n<div><strong>V\u00e4rde fr\u00e5n elegans och h\u00e5llbarhet<\/strong><\/div>\n<div><\/div>\n<ul>\n<li>Snygg skandinavisk design som st\u00f6djer ditt varum\u00e4rke<\/li>\n<li>Industrikomponenter av h\u00f6g kvalitet med en robust st\u00e5lkonstruktion<\/li>\n<li>Fullst\u00e4ndigt \u00f6verensst\u00e4mmer med europeiska best\u00e4mmelser<\/li>\n<\/ul>\n<div><strong>Njut av en anv\u00e4ndarv\u00e4nlig upplevelse<\/strong><\/div>\n<div><\/div>\n<ul>\n<li>Anslut en kabel &amp; laddning eller enkel och s\u00e4ker anv\u00e4ndaridentifiering med RFID eller via App.<\/li>\n<\/ul>\n","protected":false},"excerpt":{"rendered":"<div>ENSTO Chago EVB200 Wallbox \u00e4r en modull\u00f6sning f\u00f6r en- eller dubbla EV-laddning. Den kompakta och anv\u00e4ndarv\u00e4nliga designen g\u00f6r det till ett perfekt val f\u00f6r daglig laddning p\u00e5 privata, offentliga eller semi-offentliga platser.<\/div>\n<div><\/div>\n<div>Idealisk f\u00f6r installationer d\u00e4r en EV-laddare \u00e4r ansluten till en distributionspanel. ENSTO EVB-serien passar perfekt f\u00f6r stora installationer p\u00e5 parkeringsplatser, kontor och fastigheter &#8211; erbjuder den b\u00e4sta laddningsupplevelsen med smarta tj\u00e4nster.<\/div>\n","protected":false},"featured_media":1770,"comment_status":"open","ping_status":"closed","template":"","meta":[],"product_brand":[],"product_cat":[231],"product_tag":[],"class_list":{"0":"post-1769","1":"product","2":"type-product","3":"status-publish","4":"has-post-thumbnail","6":"product_cat-wallbox-chargers-sv","7":"pa_brand-ensto-sv","9":"first","10":"instock","11":"taxable","12":"shipping-taxable","13":"purchasable","14":"product-type-simple"},"_links":{"self":[{"href":"https:\/\/chargingshop.eu\/sv\/wp-json\/wp\/v2\/product\/1769","targetHints":{"allow":["GET"]}}],"collection":[{"href":"https:\/\/chargingshop.eu\/sv\/wp-json\/wp\/v2\/product"}],"about":[{"href":"https:\/\/chargingshop.eu\/sv\/wp-json\/wp\/v2\/types\/product"}],"replies":[{"embeddable":true,"href":"https:\/\/chargingshop.eu\/sv\/wp-json\/wp\/v2\/comments?post=1769"}],"wp:featuredmedia":[{"embeddable":true,"href":"https:\/\/chargingshop.eu\/sv\/wp-json\/wp\/v2\/media\/1770"}],"wp:attachment":[{"href":"https:\/\/chargingshop.eu\/sv\/wp-json\/wp\/v2\/media?parent=1769"}],"wp:term":[{"taxonomy":"product_brand","embeddable":true,"href":"https:\/\/chargingshop.eu\/sv\/wp-json\/wp\/v2\/product_brand?post=1769"},{"taxonomy":"product_cat","embeddable":true,"href":"https:\/\/chargingshop.eu\/sv\/wp-json\/wp\/v2\/product_cat?post=1769"},{"taxonomy":"product_tag","embeddable":true,"href":"https:\/\/chargingshop.eu\/sv\/wp-json\/wp\/v2\/product_tag?post=1769"}],"curies":[{"name":"wp","href":"https:\/\/api.w.org\/{rel}","templated":true}]}}