{"id":879,"date":"2015-11-17T20:15:56","date_gmt":"2015-11-17T20:15:56","guid":{"rendered":"https:\/\/chargingshop.eu\/demos\/"},"modified":"2020-02-28T13:21:15","modified_gmt":"2020-02-28T13:21:15","slug":"laddstationshanteringssystem","status":"publish","type":"page","link":"https:\/\/chargingshop.eu\/sv\/laddstationshanteringssystem\/","title":{"rendered":"Demos"},"content":{"rendered":"\t<section class=\"section\" id=\"section_1722191757\">\n\t\t<div class=\"bg section-bg fill bg-fill  bg-loaded\" >\n\n\t\t\t\n\t\t\t\n\t\t\t\n\n\t\t<\/div>\n\n\t\t\n\n\t\t<div class=\"section-content relative\">\n\t\t\t\n\t<div class=\"img has-hover x md-x lg-x y md-y lg-y\" id=\"image_2125545903\">\n\t\t\t\t\t\t\t\t<div class=\"img-inner image-zoom-long dark\" >\n\t\t\t<img decoding=\"async\" width=\"1020\" height=\"467\" src=\"https:\/\/chargingshop.eu\/wp-content\/uploads\/2019\/12\/Screenshot-2019-12-28-at-15.01.04.png\" class=\"attachment-large size-large\" alt=\"CHRG App dashboard\" srcset=\"https:\/\/chargingshop.eu\/wp-content\/uploads\/2019\/12\/Screenshot-2019-12-28-at-15.01.04.png 1143w, https:\/\/chargingshop.eu\/wp-content\/uploads\/2019\/12\/Screenshot-2019-12-28-at-15.01.04-800x366.png 800w, https:\/\/chargingshop.eu\/wp-content\/uploads\/2019\/12\/Screenshot-2019-12-28-at-15.01.04-768x351.png 768w, https:\/\/chargingshop.eu\/wp-content\/uploads\/2019\/12\/Screenshot-2019-12-28-at-15.01.04-510x233.png 510w\" sizes=\"(max-width: 1020px) 100vw, 1020px\" \/>\t\t\t\t\t\t\n\t\t\t\t\t<\/div>\n\t\t\t\t\t\t\t\t\n<style>\n#image_2125545903 {\n  width: 100%;\n}\n<\/style>\n\t<\/div>\n\t\n<div class=\"is-divider divider clearfix\" style=\"height:0px;\"><\/div>\n<h3 style=\"text-align: center;\">Vi hj\u00e4lper dig att tillhandah\u00e5lla EV-laddningstj\u00e4nster p\u00e5 ett bekv\u00e4mt och smart s\u00e4tt<\/h3>\n<p style=\"text-align: center;\">Med v\u00e5r plattform kan du hantera flottor med laddningsstationer p\u00e5 olika platser med hj\u00e4lp av stations\u00e4garens webbpanel. Medan EV-f\u00f6raren bekv\u00e4mt kan hitta start \/ stopp-laddningssessionen och betala f\u00f6r laddning med en App<\/p>\n\t\t<\/div>\n\n\t\t\n<style>\n#section_1722191757 {\n  padding-top: 30px;\n  padding-bottom: 30px;\n  background-color: #fafafa;\n}\n#section_1722191757 .ux-shape-divider--top svg {\n  height: 150px;\n  --divider-top-width: 100%;\n}\n#section_1722191757 .ux-shape-divider--bottom svg {\n  height: 150px;\n  --divider-width: 100%;\n}\n<\/style>\n\t<\/section>\n\t\n<div class=\"is-divider divider clearfix\" ><\/div>\n\t<div class=\"box has-hover   has-hover box-shadow-3 box-shadow-2-hover box-vertical box-text-bottom\" >\n\n\t\t<div class=\"box-image\" style=\"border-radius:10%;width:48%;\">\n\t\t\t\t\t\t<div class=\"image-zoom image-cover\" style=\"padding-top:40%;\">\n\t\t\t\t<img decoding=\"async\" width=\"982\" height=\"732\" src=\"https:\/\/chargingshop.eu\/wp-content\/uploads\/2019\/12\/Dashboard.png\" class=\"attachment-original size-original\" alt=\"CHRG Network\" srcset=\"https:\/\/chargingshop.eu\/wp-content\/uploads\/2019\/12\/Dashboard.png 982w, https:\/\/chargingshop.eu\/wp-content\/uploads\/2019\/12\/Dashboard-537x400.png 537w, https:\/\/chargingshop.eu\/wp-content\/uploads\/2019\/12\/Dashboard-768x572.png 768w, https:\/\/chargingshop.eu\/wp-content\/uploads\/2019\/12\/Dashboard-510x380.png 510w\" sizes=\"(max-width: 982px) 100vw, 982px\" \/>\t\t\t\t\t\t\t\t\t\t\t<\/div>\n\t\t\t\t\t<\/div>\n\n\t\t<div class=\"box-text text-left\" style=\"padding:0px 0px 0px 60px;\">\n\t\t\t<div class=\"box-text-inner\">\n\t\t\t\t\n<h4 style=\"text-align: left;\">Mest intuitiva station\u00e4gare instrumentbr\u00e4dan p\u00e5 marknaden<\/h4>\n<ul>\n<li style=\"text-align: left;\">Vi m\u00f6jliggjorde &#8220;self-boarding&#8221; m\u00f6jligt<\/li>\n<li style=\"text-align: left;\">Det tar n\u00e5gra minuter att skapa stations\u00e4gare-profil och st\u00e4lla in din f\u00f6rsta station i v\u00e5r stationschef-panel.<\/li>\n<\/ul>\n\t\t\t<\/div>\n\t\t<\/div>\n\t<\/div>\n\t\n<div class=\"is-divider divider clearfix\" ><\/div>\n\t<div class=\"box has-hover   has-hover box-shadow-3 box-shadow-2-hover box-vertical box-text-bottom\" >\n\n\t\t<div class=\"box-image\" style=\"border-radius:10%;width:51%;\">\n\t\t\t\t\t\t<div class=\"image-zoom image-cover\" style=\"padding-top:40%;\">\n\t\t\t\t<img decoding=\"async\" width=\"1002\" height=\"621\" src=\"https:\/\/chargingshop.eu\/wp-content\/uploads\/2020\/01\/App115.png\" class=\"attachment-large size-large\" alt=\"CHRG App\" srcset=\"https:\/\/chargingshop.eu\/wp-content\/uploads\/2020\/01\/App115.png 1002w, https:\/\/chargingshop.eu\/wp-content\/uploads\/2020\/01\/App115-645x400.png 645w, https:\/\/chargingshop.eu\/wp-content\/uploads\/2020\/01\/App115-768x476.png 768w, https:\/\/chargingshop.eu\/wp-content\/uploads\/2020\/01\/App115-510x316.png 510w\" sizes=\"(max-width: 1002px) 100vw, 1002px\" \/>\t\t\t\t\t\t\t\t\t\t\t<\/div>\n\t\t\t\t\t<\/div>\n\n\t\t<div class=\"box-text text-left\" style=\"padding:0px 0px 0px 30px;\">\n\t\t\t<div class=\"box-text-inner\">\n\t\t\t\t\n<h4>EV Drivers-app l\u00e5ter dig: <\/h4>\n<ul>\n<li>Hitta lediga stationer p\u00e5 kartan och hj\u00e4lper dig att navigera<\/li>\n<li>Boka station i f\u00f6rv\u00e4g \/ Initiera, stoppa &#038; betala f\u00f6r laddningssession <\/li>\n<li> N\u00e4r du laddar p\u00e5 DC-laddare kan du bekv\u00e4mt se batteristatus, str\u00f6m och laddad kWh direkt p\u00e5 telefonsk\u00e4rmen <\/li>\n<\/ul>\n\t\t\t<\/div>\n\t\t<\/div>\n\t<\/div>\n\t\n<div class=\"is-divider divider clearfix\" ><\/div>\n\t<div class=\"box has-hover   has-hover box-shadow-3 box-shadow-2-hover box-vertical box-text-bottom\" >\n\n\t\t<div class=\"box-image\" style=\"border-radius:10%;width:48%;\">\n\t\t\t\t\t\t<div class=\"image-zoom image-cover\" style=\"padding-top:40%;\">\n\t\t\t\t<img decoding=\"async\" width=\"1319\" height=\"613\" src=\"https:\/\/chargingshop.eu\/wp-content\/uploads\/2020\/01\/station-stats.png\" class=\"attachment-original size-original\" alt=\"CHRG Network station owner\" srcset=\"https:\/\/chargingshop.eu\/wp-content\/uploads\/2020\/01\/station-stats.png 1319w, https:\/\/chargingshop.eu\/wp-content\/uploads\/2020\/01\/station-stats-800x372.png 800w, https:\/\/chargingshop.eu\/wp-content\/uploads\/2020\/01\/station-stats-768x357.png 768w, https:\/\/chargingshop.eu\/wp-content\/uploads\/2020\/01\/station-stats-510x237.png 510w\" sizes=\"(max-width: 1319px) 100vw, 1319px\" \/>\t\t\t\t\t\t\t\t\t\t\t<\/div>\n\t\t\t\t\t<\/div>\n\n\t\t<div class=\"box-text text-center\" style=\"padding:0px 0px 0px 55px;\">\n\t\t\t<div class=\"box-text-inner\">\n\t\t\t\t\n<h4 style=\"text-align: left;\">Station\u00e4gare-instrumentpanelen l\u00e5ter dig: <\/h4>\n<ul>\n<li style=\"text-align: left;\">Automatisk ombord EV-drivrutiner (inget pappersavtal)<\/li>\n<li style=\"text-align: left;\">Automatiskt samla in betalningar f\u00f6r avgifter som tillhandah\u00e5lls <\/li>\n<li style=\"text-align: left;\">St\u00e4ll in egen priss\u00e4ttning och se laddningsstatistik f\u00f6r dina stationer <\/li>\n<li style=\"text-align: left;\">Aktivera \/ inaktivera och starta om dina stationer p\u00e5 distans <\/li>\n<\/ul>\n\t\t\t<\/div>\n\t\t<\/div>\n\t<\/div>\n\t\n","protected":false},"excerpt":{"rendered":"","protected":false},"author":2525,"featured_media":0,"parent":0,"menu_order":0,"comment_status":"closed","ping_status":"closed","template":"page-blank-title-center.php","meta":{"footnotes":""},"class_list":["post-879","page","type-page","status-publish","hentry"],"_links":{"self":[{"href":"https:\/\/chargingshop.eu\/sv\/wp-json\/wp\/v2\/pages\/879","targetHints":{"allow":["GET"]}}],"collection":[{"href":"https:\/\/chargingshop.eu\/sv\/wp-json\/wp\/v2\/pages"}],"about":[{"href":"https:\/\/chargingshop.eu\/sv\/wp-json\/wp\/v2\/types\/page"}],"author":[{"embeddable":true,"href":"https:\/\/chargingshop.eu\/sv\/wp-json\/wp\/v2\/users\/2525"}],"replies":[{"embeddable":true,"href":"https:\/\/chargingshop.eu\/sv\/wp-json\/wp\/v2\/comments?post=879"}],"version-history":[{"count":0,"href":"https:\/\/chargingshop.eu\/sv\/wp-json\/wp\/v2\/pages\/879\/revisions"}],"wp:attachment":[{"href":"https:\/\/chargingshop.eu\/sv\/wp-json\/wp\/v2\/media?parent=879"}],"curies":[{"name":"wp","href":"https:\/\/api.w.org\/{rel}","templated":true}]}}