{"id":3299,"date":"2020-11-10T15:10:22","date_gmt":"2020-11-10T15:10:22","guid":{"rendered":"https:\/\/chargingshop.eu\/?page_id=3299"},"modified":"2020-11-10T15:10:22","modified_gmt":"2020-11-10T15:10:22","slug":"kundvagn","status":"publish","type":"page","link":"https:\/\/chargingshop.eu\/sv\/kundvagn\/","title":{"rendered":"Kundvagn"},"content":{"rendered":"<h3>Vi \u00e5terbetalar 21% MOMS f\u00f6r:<\/h3>\n<div><\/div>\n<p>&#8211; Momsregistrerade aff\u00e4rsenheter i EU.<\/p>\n<p>&#8211; privat- och f\u00f6retagskunder fr\u00e5n Schweiz och Norge<\/p>\n<p>&#8211; kunder fr\u00e5n andra l\u00e4nder utanf\u00f6r EU<\/p>\n<p>F\u00f6r fr\u00e5gor kan du kontakta &#8211; rokas@chrg.network<\/p>\n\n","protected":false},"excerpt":{"rendered":"<p>Vi \u00e5terbetalar 21% MOMS f\u00f6r: &#8211; Momsregistrerade aff\u00e4rsenheter i EU. &#8211; privat- och f\u00f6retagskunder fr\u00e5n Schweiz och Norge &#8211; kunder fr\u00e5n andra l\u00e4nder utanf\u00f6r EU F\u00f6r fr\u00e5gor kan du kontakta &#8211; rokas@chrg.network<\/p>\n","protected":false},"author":1,"featured_media":0,"parent":0,"menu_order":0,"comment_status":"closed","ping_status":"closed","template":"","meta":{"footnotes":""},"class_list":["post-3299","page","type-page","status-publish","hentry"],"_links":{"self":[{"href":"https:\/\/chargingshop.eu\/sv\/wp-json\/wp\/v2\/pages\/3299","targetHints":{"allow":["GET"]}}],"collection":[{"href":"https:\/\/chargingshop.eu\/sv\/wp-json\/wp\/v2\/pages"}],"about":[{"href":"https:\/\/chargingshop.eu\/sv\/wp-json\/wp\/v2\/types\/page"}],"author":[{"embeddable":true,"href":"https:\/\/chargingshop.eu\/sv\/wp-json\/wp\/v2\/users\/1"}],"replies":[{"embeddable":true,"href":"https:\/\/chargingshop.eu\/sv\/wp-json\/wp\/v2\/comments?post=3299"}],"version-history":[{"count":0,"href":"https:\/\/chargingshop.eu\/sv\/wp-json\/wp\/v2\/pages\/3299\/revisions"}],"wp:attachment":[{"href":"https:\/\/chargingshop.eu\/sv\/wp-json\/wp\/v2\/media?parent=3299"}],"curies":[{"name":"wp","href":"https:\/\/api.w.org\/{rel}","templated":true}]}}