{"id":1951,"date":"2020-04-02T09:29:38","date_gmt":"2020-04-02T09:29:38","guid":{"rendered":"https:\/\/chargingshop.eu\/b2b-offering-for-electrical-service-companies\/"},"modified":"2020-04-03T12:40:27","modified_gmt":"2020-04-03T12:40:27","slug":"eltjanst-foretag-elbil-laddbox-instalation","status":"publish","type":"page","link":"https:\/\/chargingshop.eu\/sv\/knowledge-center\/eltjanst-foretag-elbil-laddbox-instalation\/","title":{"rendered":"B2B-erbjudande f\u00f6r eltj\u00e4nst f\u00f6retag"},"content":{"rendered":"<h3><strong>B2B-erbjudande f\u00f6r eltj\u00e4nst f\u00f6retag<\/strong><\/h3>\n<p>&nbsp;<\/p>\n<p>Har du ett el-servicef\u00f6retag och vill du s\u00e4lja och installera elladdare f\u00f6r elbilar?<\/p>\n<p>Du g\u00f6r vad du g\u00f6r b\u00e4st f\u00f6r att installera elektriska komponenter p\u00e5 kundplatsen. L\u00e5t oss ge dig nya best\u00e4llningar i ditt omr\u00e5de! Dessa best\u00e4llningar kommer fr\u00e5n privata elbil \u00e4gare s\u00e5v\u00e4l som f\u00f6retagskunder.<\/p>\n<p>&nbsp;<\/p>\n<div><img decoding=\"async\" class=\"alignnone wp-image-1929 size-medium\" src=\"https:\/\/chargingshop.eu\/wp-content\/uploads\/2020\/04\/Inside-EV_im-Installation-898x505-1-711x400.jpg\" alt=\"eltj\u00e4nst f\u00f6retag\" width=\"711\" height=\"400\" srcset=\"https:\/\/chargingshop.eu\/wp-content\/uploads\/2020\/04\/Inside-EV_im-Installation-898x505-1-711x400.jpg 711w, https:\/\/chargingshop.eu\/wp-content\/uploads\/2020\/04\/Inside-EV_im-Installation-898x505-1-768x432.jpg 768w, https:\/\/chargingshop.eu\/wp-content\/uploads\/2020\/04\/Inside-EV_im-Installation-898x505-1-510x287.jpg 510w, https:\/\/chargingshop.eu\/wp-content\/uploads\/2020\/04\/Inside-EV_im-Installation-898x505-1.jpg 898w\" sizes=\"(max-width: 711px) 100vw, 711px\" \/><\/div>\n<div><\/div>\n<div><strong>Vi erbjuder tv\u00e5 olika s\u00e4tt att samarbeta:<\/strong><\/div>\n<div><\/div>\n<div>1. Vi listar ditt f\u00f6retag p\u00e5 v\u00e5r webbplats som rekommenderad elleverant\u00f6r i ditt omr\u00e5de. N\u00e4r vi s\u00e4ljer laddstationen i ditt omr\u00e5de kommer vi att rikta V\u00c5RA kund till DIG f\u00f6r elektrisk installation.<\/div>\n<div><\/div>\n<div>2. Ditt f\u00f6retag erbjuder v\u00e5ra stationer till DIN kund. Vi kommer att ge dig ett brett urval av laddstationer (st\u00f6rre chans f\u00f6r dig att st\u00e4nga f\u00f6rs\u00e4ljningen) med ett gynnsamt rabattprogram. P\u00e5 detta s\u00e4tt beh\u00f6ver du inte lita p\u00e5 en m\u00e4rkesleverant\u00f6r. Du kan vara s\u00e4ker p\u00e5 att ha de senaste produkterna i ditt erbjudande som matchar dina slutkunders behov. P\u00e5 detta s\u00e4tt kommer det inte att beh\u00f6va lagra produkter i ditt lager.<\/div>\n<p>&nbsp;<\/p>\n<div><\/div>\n<h4>V\u00c5RA UNIKA F\u00d6RS\u00c4LJNINGSF\u00d6RSLAG &#8211; V\u00c5RA EJENDOMSLADNINGSTATIONSHANTERINGSYSTEMET &#8216;CHRG NETWORK&#8217;<\/h4>\n<div>\n<figure id=\"attachment_393\" aria-describedby=\"caption-attachment-393\" style=\"width: 537px\" class=\"wp-caption alignnone\"><img decoding=\"async\" class=\"size-medium wp-image-393\" src=\"https:\/\/chargingshop.eu\/wp-content\/uploads\/2019\/12\/Dashboard-537x400.png\" alt=\"CHRG Network\" width=\"537\" height=\"400\" srcset=\"https:\/\/chargingshop.eu\/wp-content\/uploads\/2019\/12\/Dashboard-537x400.png 537w, https:\/\/chargingshop.eu\/wp-content\/uploads\/2019\/12\/Dashboard-768x572.png 768w, https:\/\/chargingshop.eu\/wp-content\/uploads\/2019\/12\/Dashboard-510x380.png 510w, https:\/\/chargingshop.eu\/wp-content\/uploads\/2019\/12\/Dashboard.png 982w\" sizes=\"(max-width: 537px) 100vw, 537px\" \/><figcaption id=\"caption-attachment-393\" class=\"wp-caption-text\">station\u00e4gare instrumentpanel<\/figcaption><\/figure>\n<div><\/div>\n<div>F\u00f6r Eltj\u00e4nst f\u00f6retag kunder ger vi tillg\u00e5ng till v\u00e5rt system GRATIS<\/div>\n<div><\/div>\n<div>CHRG Network-system hj\u00e4lper slutkunden att minska sin elr\u00e4kning med s\u00e5 mycket som 1000-2400 SEK \/ \u00e5r *<\/div>\n<div><\/div>\n<div>F\u00f6r f\u00f6retagskunder till\u00e5ter v\u00e5rt system att lista och automatiskt samla in betalningar p\u00e5 laddstation marknaden. D\u00e4r alla CHRG Network och andra leverant\u00f6rer App-anv\u00e4ndare kan hitta, initiera \/ stoppa och betala f\u00f6r laddningssession med personlig smarttelefon.<\/div>\n<p>&nbsp;<\/p>\n<div>Detta \u00e4r en trevlig bonus f\u00f6r din kund som de inte skulle f\u00e5 fr\u00e5n n\u00e5gon annan leverant\u00f6r!<\/div>\n<\/div>\n<div><\/div>\n<div>L\u00e5t oss samarbeta &#8211; tillsammans ger vi det b\u00e4sta erbjudandet f\u00f6r slutkunden!<\/div>\n<div>\n<div><\/div>\n<div><\/div>\n<h6>* f\u00f6rutsatt att EV-f\u00f6raren laddar minst 2 timmar varje dag mellan 17:00 och 22:00. Med &#8220;Peak rakning&#8221; -funktionen aktiverad kommer han att kunna spara 200 SEK \/ m\u00e5nad eller 2400 SEK \/ \u00e5r (n\u00e4r kv\u00e4ll \/ natt kWh varierar 0,5 SEK\/ kWh)<\/h6>\n<\/div>\n","protected":false},"excerpt":{"rendered":"<p>B2B-erbjudande f\u00f6r eltj\u00e4nst f\u00f6retag &nbsp; Har du ett el-servicef\u00f6retag och vill du s\u00e4lja och installera elladdare f\u00f6r elbilar? Du g\u00f6r vad du g\u00f6r b\u00e4st f\u00f6r att installera elektriska komponenter p\u00e5 kundplatsen. L\u00e5t oss ge dig nya best\u00e4llningar i ditt omr\u00e5de! Dessa best\u00e4llningar kommer fr\u00e5n privata elbil \u00e4gare s\u00e5v\u00e4l som f\u00f6retagskunder. &nbsp; Vi erbjuder tv\u00e5 olika [&#8230;]\n","protected":false},"author":1,"featured_media":0,"parent":889,"menu_order":0,"comment_status":"closed","ping_status":"closed","template":"","meta":{"footnotes":""},"class_list":["post-1951","page","type-page","status-publish","hentry"],"_links":{"self":[{"href":"https:\/\/chargingshop.eu\/sv\/wp-json\/wp\/v2\/pages\/1951","targetHints":{"allow":["GET"]}}],"collection":[{"href":"https:\/\/chargingshop.eu\/sv\/wp-json\/wp\/v2\/pages"}],"about":[{"href":"https:\/\/chargingshop.eu\/sv\/wp-json\/wp\/v2\/types\/page"}],"author":[{"embeddable":true,"href":"https:\/\/chargingshop.eu\/sv\/wp-json\/wp\/v2\/users\/1"}],"replies":[{"embeddable":true,"href":"https:\/\/chargingshop.eu\/sv\/wp-json\/wp\/v2\/comments?post=1951"}],"version-history":[{"count":0,"href":"https:\/\/chargingshop.eu\/sv\/wp-json\/wp\/v2\/pages\/1951\/revisions"}],"up":[{"embeddable":true,"href":"https:\/\/chargingshop.eu\/sv\/wp-json\/wp\/v2\/pages\/889"}],"wp:attachment":[{"href":"https:\/\/chargingshop.eu\/sv\/wp-json\/wp\/v2\/media?parent=1951"}],"curies":[{"name":"wp","href":"https:\/\/api.w.org\/{rel}","templated":true}]}}