{"id":72302,"date":"2025-06-14T10:15:03","date_gmt":"2025-06-14T10:15:03","guid":{"rendered":"https:\/\/chargingshop.eu\/product\/ladowarka-sungrow-idc-180e-kw-120-150-180kw\/"},"modified":"2025-06-14T10:15:03","modified_gmt":"2025-06-14T10:15:03","slug":"ladowarka-sungrow-idc-180e-kw-120-150-180kw","status":"publish","type":"product","link":"https:\/\/chargingshop.eu\/pl\/produkt\/ladowarka-sungrow-idc-180e-kw-120-150-180kw\/","title":{"rendered":"\u0141adowarka Sungrow IDC 180E kW 120\/150\/180kW"},"content":{"rendered":"<h2>\u0141adowarka Sungrow IDC 180E kW 120\/150\/180kW<\/h2>\n<ul class=\"prtextlist prtext m0aoto ovh ani swiper-slide-active\">\n<li class=\"MonLight f16 pt-page-delay100 animated fadeInUp\">\n<div class=\"f20 MonRegular ce97702\">NIEZAWODNY I BEZPIECZNY<\/div>\n<p>Stopie\u0144 ochrony IP65 i zabezpieczenie antykorozyjne C5<\/p>\n<p>D\u0142uga \u017cywotno\u015b\u0107 ponad 10 lat<\/p>\n<p>Bezproblemowa konserwacja bez konieczno\u015bci wymiany maty filtracyjnej<\/p>\n<p>Samodzielnie zaprojektowane i wyprodukowane modu\u0142y zasilania<\/li>\n<li class=\"MonLight f16 pt-page-delay300 animated fadeInUp\">\n<div class=\"f20 MonRegular ce97702\">PRZYJAZNY DLA U\u017bYTKOWNIKA<\/div>\n<p>Obs\u0142uga wielu opcji uwierzytelniania i p\u0142atno\u015bci<\/p>\n<p>System zarz\u0105dzania kablami do \u0142adowania zapewniaj\u0105cy najwy\u017cszy komfort u\u017cytkowania<\/li>\n<li class=\"MonLight f16 pt-page-delay500 animated fadeInUp\">\n<div class=\"f20 MonRegular ce97702\">WYDAJNY I INTELIGENTNY<\/div>\n<p>Maks. wydajno\u015b\u0107 do 96,5% <\/p>\n<p>Dynamiczne zarz\u0105dzanie obci\u0105\u017ceniem w celu optymalizacji \u0142adowania pojazd\u00f3w elektrycznych<\/li>\n<li class=\"MonLight f16 pt-page-delay700 animated fadeInUp\">\n<div class=\"f20 MonRegular ce97702\">ELASTYCZNE ZASTOSOWANIE<\/div>\n<p>Adaptacyjny zakres napi\u0119cia 200-920Vdc<\/p>\n<p>Kompatybilno\u015b\u0107 z zastrze\u017conym systemem PV-ESS<\/li>\n<\/ul>\n<div>Zalety produktu:<\/div>\n<div>&#8211; Dwa punkty \u0142adowania z dynamicznym rozk\u0142adem obci\u0105\u017cenia<\/div>\n<div>&#8211; Wygodny 10-calowy wy\u015bwietlacz dotykowy<\/div>\n<div>&#8211; Konstrukcja zgodna z przepisami dotycz\u0105cymi kalibracji<\/div>\n<div><\/div>\n<div>Cechy produktu:<\/div>\n<div>&#8211; Moc \u0142adowania na punkt \u0142adowania: 90 kW<\/div>\n<div>&#8211; Liczba punkt\u00f3w \u0142adowania: 2<\/div>\n<div>&#8211; Po\u0142\u0105czenie DC: CCS2<\/div>\n<div>&#8211; D\u0142ugo\u015b\u0107 kabla \u0142aduj\u0105cego: 5.0 m<\/div>\n<div>&#8211; Nadwy\u017cka \u0142adowania DC: nie<\/div>\n<div>&#8211; Pod\u0142\u0105czenie AC: 400 V, 3-fazowe<\/div>\n<div>&#8211; Kontrola dost\u0119pu: PTB \/ prawo kalibracji<\/div>\n<div>&#8211; Komunikacja: Ethernet, 2G, 3G, 4G, Bluetooth<\/div>\n<div>&#8211; Protok\u00f3\u0142: OCPP 2.0.1<\/div>\n<div>&#8211; Wymiary: 2000 x 900 x 750 mm (wys. x szer. x g\u0142.)<\/div>\n<div>&#8211; Stopie\u0144 ochrony: IP65<\/div>\n<div>&#8211; Waga: 450,0 kg<\/div>\n<div><\/div>\n<div><a href=\"https:\/\/chargingshop.eu\/wp-content\/uploads\/2024\/12\/DS_20241022_IDC180E_Datasheet_V3_EN.pdf\">DS_20241022_IDC180E_Datasheet_V3_EN<\/a><\/div>\n","protected":false},"excerpt":{"rendered":"<p>Dzi\u0119ki IDC180E, Sungrow oferuje teraz r\u00f3wnie\u017c \u0142adowark\u0119 DC do u\u017cytku publicznego. Dwa punkty \u0142adowania z elastycznym zarz\u0105dzaniem kablami i moc\u0105 \u0142adowania do 180 kW mo\u017cna aktywowa\u0107 za pomoc\u0105 aplikacji, RFID lub terminala p\u0142atniczego, w zale\u017cno\u015bci od wersji. Mo\u017cliwy jest pomiar mocy za pomoc\u0105 miernika zgodnego z przepisami metrologicznymi. \u0141adowarka jest kompatybilna ze wszystkimi aktualnymi modelami pojazd\u00f3w.   <\/p>\n","protected":false},"featured_media":0,"comment_status":"closed","ping_status":"closed","template":"","meta":[],"product_brand":[],"product_cat":[349],"product_tag":[],"class_list":{"0":"post-72302","1":"product","2":"type-product","3":"status-publish","5":"product_cat-ladowarki-dc","6":"pa_brand-wallbox-pl","8":"first","9":"instock","10":"sale","11":"taxable","12":"shipping-taxable","13":"purchasable","14":"product-type-simple"},"_links":{"self":[{"href":"https:\/\/chargingshop.eu\/pl\/wp-json\/wp\/v2\/product\/72302","targetHints":{"allow":["GET"]}}],"collection":[{"href":"https:\/\/chargingshop.eu\/pl\/wp-json\/wp\/v2\/product"}],"about":[{"href":"https:\/\/chargingshop.eu\/pl\/wp-json\/wp\/v2\/types\/product"}],"replies":[{"embeddable":true,"href":"https:\/\/chargingshop.eu\/pl\/wp-json\/wp\/v2\/comments?post=72302"}],"wp:attachment":[{"href":"https:\/\/chargingshop.eu\/pl\/wp-json\/wp\/v2\/media?parent=72302"}],"wp:term":[{"taxonomy":"product_brand","embeddable":true,"href":"https:\/\/chargingshop.eu\/pl\/wp-json\/wp\/v2\/product_brand?post=72302"},{"taxonomy":"product_cat","embeddable":true,"href":"https:\/\/chargingshop.eu\/pl\/wp-json\/wp\/v2\/product_cat?post=72302"},{"taxonomy":"product_tag","embeddable":true,"href":"https:\/\/chargingshop.eu\/pl\/wp-json\/wp\/v2\/product_tag?post=72302"}],"curies":[{"name":"wp","href":"https:\/\/api.w.org\/{rel}","templated":true}]}}