{"id":72292,"date":"2025-06-14T10:14:55","date_gmt":"2025-06-14T10:14:55","guid":{"rendered":"https:\/\/chargingshop.eu\/product\/przenosna-ladowarka-z-wyswietlaczem-74-kw-1x32a-type2-cee-niebieski-32a-x-1-fazowy-5m\/"},"modified":"2025-06-14T10:14:55","modified_gmt":"2025-06-14T10:14:55","slug":"przenosna-ladowarka-z-wyswietlaczem-74-kw-1x32a-type2-cee-niebieski-32a-x-1-fazowy-5m","status":"publish","type":"product","link":"https:\/\/chargingshop.eu\/pl\/produkt\/przenosna-ladowarka-z-wyswietlaczem-74-kw-1x32a-type2-cee-niebieski-32a-x-1-fazowy-5m\/","title":{"rendered":"przeno\u015bna \u0142adowarka z wy\u015bwietlaczem 7,4 kW (1X32A), TYPE2-CEE niebieski, 32A x 1-fazowy, 5m"},"content":{"rendered":"<p>Najwy\u017cszej jako\u015bci przeno\u015bne rozwi\u0105zanie do \u0142adowania. Obs\u0142uguje \u0142adowanie 3-fazowe 32 A (do 7,4 kW). <\/p>\n<p>Gniazdo przemys\u0142owe &#8211; CEE 32A \/ 5PIN to najwygodniejszy spos\u00f3b \u0142adowania pojazdu elektrycznego, gdziekolwiek jeste\u015b.<\/p>\n<ul>\n<li>Najwy\u017cszej klasy bezpiecze\u0144stwo i \u0142atwo\u015b\u0107 obs\u0142ugi<\/li>\n<li>Wy\u015bwietlacz do sterowania zasilaniem za pomoc\u0105 przycisk\u00f3w 2,8-calowy wy\u015bwietlacz LCD<\/li>\n<li>Wskazuje problemy (po pod\u0142\u0105czeniu i podczas \u0142adowania) za pomoc\u0105 odpowiedniego kodu b\u0142\u0119du:\n<ul>\n<li>Wzrost temperatury lub przegrzanie urz\u0105dzenia lub gniazda CEE<\/li>\n<li>Elementy prze\u0142\u0105czaj\u0105ce stopione przez ciep\u0142o lub uszkodzone prze\u0142\u0105czniki tranzystorowe<\/li>\n<li>Wykrywanie przepi\u0119cia lub podnapi\u0119cia<\/li>\n<li>Kontrola przewod\u00f3w PE i N<\/li>\n<li><strong>Wykrywanie<a href=\"https:\/\/en.wikipedia.org\/wiki\/Residual-current_device\" target=\"_blank\" rel=\"noopener noreferrer\">pr\u0105du up\u0142ywu<\/a> &#8211;<\/strong> od\u0142\u0105czenie pojazdu w przypadku wykrycia up\u0142ywu (30 mA AC, 6 mA DC)<\/li>\n<li>Nieobs\u0142ugiwany tryb \u0142adowania<\/li>\n<li>Zabezpieczenie RCD: TypA+DC6 mA;<\/li>\n<li>Stopie\u0144 ochrony: IP55\u3001IK10<\/li>\n<li>temperatura pracy: -30 \u2103\uff5e +50 \u2103<\/li>\n<li>Zabezpieczenia: Ochrona przepi\u0119ciowa, ochrona podnapi\u0119ciowa, ochrona uziemienia, ochrona odgromowa, ochrona przed wyciekiem, ochrona przed p\u0142omieniem, ochrona nadpr\u0105dowa, inteligentna ochrona kontroli temperatury itp.<\/li>\n<\/ul>\n<\/li>\n<li>Funkcja ustawiania maksymalnego pr\u0105du \u0142adowania &#8211; korzystna dla samochod\u00f3w, kt\u00f3re nie mog\u0105 tego zrobi\u0107 samodzielnie (ustawienie odbywa si\u0119 po prostu przez naci\u015bni\u0119cie przycisku).<\/li>\n<li>Solidna obudowa elektroniki o stopniu ochrony<strong> IP55 \/ IK10<\/strong> jest w stanie przetrwa\u0107 deszcz.<\/li>\n<\/ul>\n<div class=\"magic-6\" data-spm-anchor-id=\"a2700.details.0.i35.4a137780bRdriA\"><\/div>\n","protected":false},"excerpt":{"rendered":"<p><strong>Wydajny, przeno\u015bny i<\/strong> <strong>inteligentny kabel<\/strong> z elektronik\u0105 steruj\u0105c\u0105 do \u0142adowania samochod\u00f3w elektrycznych z gniazd CEE 32A o maksymalnej mocy do 7,4 kW<strong> (1x32A, 240 V)<\/strong>.<\/p>\n","protected":false},"featured_media":0,"comment_status":"open","ping_status":"closed","template":"","meta":[],"product_brand":[],"product_cat":[411],"product_tag":[],"class_list":{"0":"post-72292","1":"product","2":"type-product","3":"status-publish","5":"product_cat-accessories-pl","7":"first","8":"instock","9":"sale","10":"taxable","11":"shipping-taxable","12":"purchasable","13":"product-type-simple"},"_links":{"self":[{"href":"https:\/\/chargingshop.eu\/pl\/wp-json\/wp\/v2\/product\/72292","targetHints":{"allow":["GET"]}}],"collection":[{"href":"https:\/\/chargingshop.eu\/pl\/wp-json\/wp\/v2\/product"}],"about":[{"href":"https:\/\/chargingshop.eu\/pl\/wp-json\/wp\/v2\/types\/product"}],"replies":[{"embeddable":true,"href":"https:\/\/chargingshop.eu\/pl\/wp-json\/wp\/v2\/comments?post=72292"}],"wp:attachment":[{"href":"https:\/\/chargingshop.eu\/pl\/wp-json\/wp\/v2\/media?parent=72292"}],"wp:term":[{"taxonomy":"product_brand","embeddable":true,"href":"https:\/\/chargingshop.eu\/pl\/wp-json\/wp\/v2\/product_brand?post=72292"},{"taxonomy":"product_cat","embeddable":true,"href":"https:\/\/chargingshop.eu\/pl\/wp-json\/wp\/v2\/product_cat?post=72292"},{"taxonomy":"product_tag","embeddable":true,"href":"https:\/\/chargingshop.eu\/pl\/wp-json\/wp\/v2\/product_tag?post=72292"}],"curies":[{"name":"wp","href":"https:\/\/api.w.org\/{rel}","templated":true}]}}