{"id":72278,"date":"2025-06-14T10:14:37","date_gmt":"2025-06-14T10:14:37","guid":{"rendered":"https:\/\/chargingshop.eu\/product\/hybrydowy-falownik-byd-hvs-5-1-fronius-symo-gen24-10-0-plus\/"},"modified":"2025-06-14T10:14:42","modified_gmt":"2025-06-14T10:14:42","slug":"hybrydowy-falownik-byd-hvs-5-1-fronius-symo-gen24-10-0-plus","status":"publish","type":"product","link":"https:\/\/chargingshop.eu\/pl\/produkt\/hybrydowy-falownik-byd-hvs-5-1-fronius-symo-gen24-10-0-plus\/","title":{"rendered":"Hybrydowy falownik BYD HVS 5.1 + Fronius Symo GEN24 10.0 Plus"},"content":{"rendered":"<p>Hybrydowy falownik BYD HVS 5.1 + Fronius Symo GEN24 10.0 Plus<\/p>\n<p>ZESTAW ZAWIERA:<\/p>\n<p>1 x falownik hybrydowy Fronius Symo GEN24 10.0 Plus<\/p>\n<p>1 x BYD Premium HV BCU + podstawa<\/p>\n<p>1 x BYD Battery-Box Premium HVS (25Ah) &#8211; modu\u0142<\/p>\n<p>1 x Fronius Smart Meter 63A-3<\/p>\n<p>BYD HVS 5.1<\/p>\n<p>Hybrydowy falownik solarny Fronius Symo GEN24 10.0 Plus<br \/>\nHybrydowy falownik z indywidualnym zasilaniem rezerwowym<\/p>\n<p>Ten hybrydowy falownik mo\u017ce pracowa\u0107 z akumulatorem lub bez niego. Dlatego Fronius Symo GEN24 Plus zapewnia najwy\u017cszy stopie\u0144 niezawodno\u015bci zasilania dla sektora domowego. <\/p>\n<p>Innowacyjny Fronius Symo GEN24 10.0 Plus po raz pierwszy zapewnia podstawowe zasilanie awaryjne. Oznacza to, \u017ce b\u0119dziesz mie\u0107 zapasowe zasilanie, nawet je\u015bli nie kupisz razem z nim akumulatora. Jednak dla tych klient\u00f3w, kt\u00f3rzy maj\u0105 ju\u017c akumulator, Fronius Symo GEN24 oferuje pe\u0142ne rozwi\u0105zanie zapasowe (sprawdzone i przetestowane), kt\u00f3re mo\u017ce zasila\u0107 awaryjnie ca\u0142e gospodarstwo domowe.<\/p>\n<div class=\"video video-fit mb\" style=\"padding-top:56.25%;\"><p><iframe title=\"Spotlight: Fronius GEN24 Plus - uniquely versatile\" width=\"1020\" height=\"574\" src=\"https:\/\/www.youtube.com\/embed\/fQ3dTXs3Q2U?feature=oembed\" frameborder=\"0\" allow=\"accelerometer; autoplay; clipboard-write; encrypted-media; gyroscope; picture-in-picture; web-share\" referrerpolicy=\"strict-origin-when-cross-origin\" allowfullscreen><\/iframe><\/p>\n<\/div>\n<p>Falowniki hybrydowe Fronius GEN24 Plus s\u0105 zatem idealnym rozwi\u0105zaniem dla r\u00f3\u017cnych przypadk\u00f3w u\u017cycia i wymaga\u0144 klient\u00f3w. Jest on odpowiedni dla tych klient\u00f3w, kt\u00f3rzy ju\u017c od pierwszego dnia posiadaj\u0105 akumulator. System Fronius Ohmpilot umo\u017cliwia wykorzystanie energii fotowoltaicznej do ogrzewania ciep\u0142ej wody w domu. Mo\u017cna r\u00f3wnie\u017c zintegrowa\u0107 system PV z pakietem automatyki domowej. Fronius GEN24 Plus jest rozwi\u0105zaniem uniwersalnym i zawsze b\u0119dzie w\u0142a\u015bciwym wyborem &#8211; dla nowych system\u00f3w, a tak\u017ce podczas modernizacji i rozbudowy istniej\u0105cej instalacji fotowoltaicznej.    <\/p>\n<p>Ponadto falowniki Fronius serii GEN24 s\u0105 bardzo proste i \u0142atwe w instalacji, uruchomieniu i serwisowaniu. S\u0105 uniwersalne i mog\u0105 by\u0107 stosowane w ka\u017cdym typie instalacji. Seria Fronius GEN24 wspiera sprawdzone ju\u017c technologie firmy Fronius, np. SuperFlex Design, kt\u00f3re mo\u017cna znale\u017a\u0107 r\u00f3wnie\u017c w Primo GEN24 Plus i Symo GEN24 Plus &#8211; urz\u0105dzeniach, kt\u00f3re oferuj\u0105 idealne rozwi\u0105zania magazynowania dla system\u00f3w jednofazowych i du\u017cych system\u00f3w tr\u00f3jfazowych.  <\/p>\n<p>Kompatybilne akumulatory:<\/p>\n<p>BYD Battery-Box Premium HVS 5.1<br \/>\nBYD Battery-Box Premium HVS 7.7<br \/>\nBYD Battery-Box Premium HVS 10.2<br \/>\nBYD Battery-Box Premium HVM 11.0<br \/>\nBYD Battery-Box Premium HVM 13.8<br \/>\nBYD Battery-Box Premium HVM 16.6<br \/>\nBYD Battery-Box Premium HVM 19.3<br \/>\nBYD Battery-Box Premium HVM 22.1<\/p>\n<p><a href=\"https:\/\/chargingshop.eu\/wp-content\/uploads\/2022\/12\/Fronius_Symo_GEN24_Plus_Datasheet.pdf\">Fronius_Symo_GEN24_Plus_Datasheet<\/a><\/p>\n<h3><strong>G\u0142\u00f3wne specyfikacje:<\/strong><\/h3>\n<p>Pod\u0142\u0105czenie do sieci (zakres napi\u0119cia): 3~NPE 400 V \/ 230 V lub 3~NPE 380 V \/ 220 V (+ 20% \/ &#8211; 30%)<\/p>\n<p>Temperatura otoczenia od 0 do 50 stopni Celsjusza<\/p>\n<p>Maks. pr\u0105d wej\u015bciowy (Idc maks. MPPT1 \/ MPPT2) 25 A \/ 12,5 A <\/p>\n<p>Zakres cz\u0119stotliwo\u015bci 50 Hz \/ 60 Hz (45 Hz &#8211; 66 Hz)<\/p>\n<p>Moc 10 KW<\/p>\n<p>Nom. moc wyj\u015bciowa Punkt PV \/ pe\u0142ne podtrzymanie 3 000 VA \/ 10 000 VA <\/p>\n<p>Stopie\u0144 ochrony IP66<\/p>\n","protected":false},"excerpt":{"rendered":"<p>SUPER WYPRZEDA\u017b DO 10 LUTEGO 2025 LUB DO wyczerpania zapas\u00f3w!<\/p>\n<p>BYD HVS 5.1 + Falownik hybrydowy Fronius Symo GEN24 10.0 Plus<\/p>\n<p>ZESTAW ZAWIERA:<\/p>\n<p>1 x Falownik hybrydowy Fronius Symo GEN24 10.0 Plus<\/p>\n<p>1 x BYD Premium HV BCU+Base<\/p>\n<p>1 x BYD Battery-Box Premium HVS (25Ah) &#8211; Modu\u0142<\/p>\n<p>1 x Fronius Smart Meter 63A-3<\/p>\n<p>&nbsp;<\/p>\n","protected":false},"featured_media":0,"comment_status":"open","ping_status":"closed","template":"","meta":[],"product_brand":[],"product_cat":[817],"product_tag":[],"class_list":{"0":"post-72278","1":"product","2":"type-product","3":"status-publish","5":"product_cat-solar-panels-pl","6":"pa_brand-fronius-pl","8":"first","9":"instock","10":"taxable","11":"shipping-taxable","12":"purchasable","13":"product-type-simple"},"_links":{"self":[{"href":"https:\/\/chargingshop.eu\/pl\/wp-json\/wp\/v2\/product\/72278","targetHints":{"allow":["GET"]}}],"collection":[{"href":"https:\/\/chargingshop.eu\/pl\/wp-json\/wp\/v2\/product"}],"about":[{"href":"https:\/\/chargingshop.eu\/pl\/wp-json\/wp\/v2\/types\/product"}],"replies":[{"embeddable":true,"href":"https:\/\/chargingshop.eu\/pl\/wp-json\/wp\/v2\/comments?post=72278"}],"wp:attachment":[{"href":"https:\/\/chargingshop.eu\/pl\/wp-json\/wp\/v2\/media?parent=72278"}],"wp:term":[{"taxonomy":"product_brand","embeddable":true,"href":"https:\/\/chargingshop.eu\/pl\/wp-json\/wp\/v2\/product_brand?post=72278"},{"taxonomy":"product_cat","embeddable":true,"href":"https:\/\/chargingshop.eu\/pl\/wp-json\/wp\/v2\/product_cat?post=72278"},{"taxonomy":"product_tag","embeddable":true,"href":"https:\/\/chargingshop.eu\/pl\/wp-json\/wp\/v2\/product_tag?post=72278"}],"curies":[{"name":"wp","href":"https:\/\/api.w.org\/{rel}","templated":true}]}}