{"id":72271,"date":"2025-06-14T10:14:30","date_gmt":"2025-06-14T10:14:30","guid":{"rendered":"https:\/\/chargingshop.eu\/product\/alfen-eve-single-pro-line-22kw-z-gniazdkiem-elektrycznym\/"},"modified":"2025-06-14T10:14:34","modified_gmt":"2025-06-14T10:14:34","slug":"alfen-eve-single-pro-line-22kw-z-gniazdkiem-elektrycznym","status":"publish","type":"product","link":"https:\/\/chargingshop.eu\/pl\/produkt\/alfen-eve-single-pro-line-22kw-z-gniazdkiem-elektrycznym\/","title":{"rendered":"Alfen Eve Single Pro Line 22kW z gniazdkiem elektrycznym"},"content":{"rendered":"<div class=\"video video-fit mb\" style=\"padding-top:56.25%;\"><p><iframe title=\"Alfen installatievideo Eve Single Pro-line (Nederlands) - Alfen Charging Equipment\" width=\"1020\" height=\"574\" src=\"https:\/\/www.youtube.com\/embed\/iq98ee6rMCM?feature=oembed\" frameborder=\"0\" allow=\"accelerometer; autoplay; clipboard-write; encrypted-media; gyroscope; picture-in-picture; web-share\" referrerpolicy=\"strict-origin-when-cross-origin\" allowfullscreen><\/iframe><\/p>\n<\/div>\n<p><strong>Alfen Eve Single Pro Line 22kW z gniazdkiem Najwa\u017cniejsze cechy:<\/strong><\/p>\n<ul data-rte-list=\"default\">\n<li>\n<p class=\"\">Dostarczanie do <strong> 22 kW mocy pr\u0105du przemiennego<\/strong><\/p>\n<\/li>\n<li><strong>Zabezpieczenie przed up\u0142ywem<\/strong> pr\u0105du sta\u0142ego &#8211; ta stacja ma wbudowane zabezpieczenie przed up\u0142ywem pr\u0105du sta\u0142ego, kt\u00f3re wykrywa up\u0142yw pr\u0105du sta\u0142ego i natychmiast go zatrzymuje. Chroni to zar\u00f3wno samoch\u00f3d elektryczny, jak i sie\u0107 elektryczn\u0105 przed mo\u017cliwymi usterkami elektrycznymi lub uszkodzeniami. <\/li>\n<li><strong>Wy\u015bwietlacz<\/strong> &#8211; Interfejs u\u017cytkownika, z obs\u0142ug\u0105 wielu j\u0119zyk\u00f3w, jest \u0142atwy w u\u017cyciu i zapewnia wszystkie niezb\u0119dne informacje zar\u00f3wno dla pocz\u0105tkuj\u0105cych, jak i zaawansowanych u\u017cytkownik\u00f3w.<\/li>\n<li><strong>Sterowanie za pomoc\u0105 aplikacji<\/strong> &#8211; aplikacja umo\u017cliwia zdalne monitorowanie procesu \u0142adowania, konfigurowanie harmonogramu \u0142adowania i przegl\u0105danie historii \u0142adowania.<\/li>\n<li><strong>RFID<\/strong> &#8211; stacja \u0142aduj\u0105ca jest wyposa\u017cona w funkcj\u0119 identyfikacji u\u017cytkownika za pomoc\u0105 RFID (fizyczny token) lub aplikacji Charged.<br \/>\nModel Pro-line ma r\u00f3wnie\u017c zintegrowany wy\u015bwietlacz na stacji \u0142aduj\u0105cej do monitorowania procesu \u0142adowania.<\/li>\n<\/ul>\n<p>ARKUSZ DANYCH:<\/p>\n<p><strong><a href=\"https:\/\/chargingshop.eu\/wp-content\/uploads\/2025\/01\/Alfen-Eve-Single-Pro-Line_DATASHEET.pdf\">Alfen-Eve-Single-Pro-Line_DATASHEET<\/a><\/strong><\/p>\n","protected":false},"excerpt":{"rendered":"<div class=\"flex-shrink-0 flex flex-col relative items-end\">\n<div class=\"pt-0\">\n<div class=\"gizmo-bot-avatar flex h-8 w-8 items-center justify-center overflow-hidden rounded-full\">\n<div class=\"relative p-1 rounded-sm flex items-center justify-center bg-token-main-surface-primary text-token-text-primary h-8 w-8\">Alfen Eve Single Pro-line 22 kW 3-fazowa stacja \u0142adowania z wy\u015bwietlaczem &#8211; rozwi\u0105zanie premium do bezpiecznego i niezawodnego \u0142adowania w domu lub miejscach publicznych.<\/div>\n<div>W zwi\u0105zku z tym urz\u0105dzenia zgodne z OCPP mo\u017cna pod\u0142\u0105czy\u0107 do platformy internetowej \u201eCharged\u201d (back-end), a tym samym sterowa\u0107 nimi za pomoc\u0105 aplikacji mobilnej.<\/div>\n<\/div>\n<\/div>\n<\/div>\n<p>&nbsp;<\/p>\n","protected":false},"featured_media":0,"comment_status":"open","ping_status":"closed","template":"","meta":[],"product_brand":[],"product_cat":[348],"product_tag":[1489],"class_list":{"0":"post-72271","1":"product","2":"type-product","3":"status-publish","5":"product_cat-ladowarki-wallbox","6":"product_tag-etrel-inch-pro-pl","7":"pa_brand-alfen-pl","9":"first","10":"instock","11":"sale","12":"taxable","13":"shipping-taxable","14":"purchasable","15":"product-type-simple"},"_links":{"self":[{"href":"https:\/\/chargingshop.eu\/pl\/wp-json\/wp\/v2\/product\/72271","targetHints":{"allow":["GET"]}}],"collection":[{"href":"https:\/\/chargingshop.eu\/pl\/wp-json\/wp\/v2\/product"}],"about":[{"href":"https:\/\/chargingshop.eu\/pl\/wp-json\/wp\/v2\/types\/product"}],"replies":[{"embeddable":true,"href":"https:\/\/chargingshop.eu\/pl\/wp-json\/wp\/v2\/comments?post=72271"}],"wp:attachment":[{"href":"https:\/\/chargingshop.eu\/pl\/wp-json\/wp\/v2\/media?parent=72271"}],"wp:term":[{"taxonomy":"product_brand","embeddable":true,"href":"https:\/\/chargingshop.eu\/pl\/wp-json\/wp\/v2\/product_brand?post=72271"},{"taxonomy":"product_cat","embeddable":true,"href":"https:\/\/chargingshop.eu\/pl\/wp-json\/wp\/v2\/product_cat?post=72271"},{"taxonomy":"product_tag","embeddable":true,"href":"https:\/\/chargingshop.eu\/pl\/wp-json\/wp\/v2\/product_tag?post=72271"}],"curies":[{"name":"wp","href":"https:\/\/api.w.org\/{rel}","templated":true}]}}