{"id":72264,"date":"2025-06-14T10:14:11","date_gmt":"2025-06-14T10:14:11","guid":{"rendered":"https:\/\/chargingshop.eu\/product\/h1029-a-etrel-inch-duo-czesc-zamienna-pcba-plyty-glownej\/"},"modified":"2025-06-14T10:14:11","modified_gmt":"2025-06-14T10:14:11","slug":"h1029-a-etrel-inch-duo-czesc-zamienna-pcba-plyty-glownej","status":"publish","type":"product","link":"https:\/\/chargingshop.eu\/pl\/produkt\/h1029-a-etrel-inch-duo-czesc-zamienna-pcba-plyty-glownej\/","title":{"rendered":"H1029-A ETREL INCH DUO &#8211; CZ\u0118\u015a\u0106 ZAMIENNA &#8211; PCBA p\u0142yty g\u0142\u00f3wnej"},"content":{"rendered":"<div class=\"wpb_text_column wpb_content_element \">\n<div class=\"wpb_wrapper\">\n<div class=\"wpb_text_column wpb_content_element \">\n<div class=\"wpb_wrapper\">\n<div class=\"wpb_text_column wpb_content_element \">\n<div class=\"wpb_wrapper\">\n<div class=\"wpb_text_column wpb_content_element \">\n<div class=\"wpb_wrapper\">\n<p>H1029-A &#8211; ETREL INCH DUO &#8211; CZ\u0118\u015a\u0106 ZAMIENNA &#8211; PCBA p\u0142yty g\u0142\u00f3wnej &#8211; H1029-A<\/p>\n<\/div>\n<p>3 dost\u0119pne jednostki<\/p>\n<\/div>\n<\/div>\n<\/div>\n<\/div>\n<\/div>\n<\/div>\n<\/div>\n","protected":false},"excerpt":{"rendered":"<p>Dost\u0119pne w magazynie &#8211; skontaktuj si\u0119 z sales@chargingshop.eu, aby uzyska\u0107 wycen\u0119 0% VAT<\/p>\n<p>&nbsp;<\/p>\n<p>&nbsp;<\/p>\n<p>&nbsp;<\/p>\n","protected":false},"featured_media":0,"comment_status":"open","ping_status":"closed","template":"","meta":[],"product_brand":[],"product_cat":[1472],"product_tag":[],"class_list":{"0":"post-72264","1":"product","2":"type-product","3":"status-publish","5":"product_cat-ladowarki-slupkowe-2x22kw-ac","6":"pa_brand-etrel-pl","8":"first","9":"instock","10":"taxable","11":"shipping-taxable","12":"purchasable","13":"product-type-simple"},"_links":{"self":[{"href":"https:\/\/chargingshop.eu\/pl\/wp-json\/wp\/v2\/product\/72264","targetHints":{"allow":["GET"]}}],"collection":[{"href":"https:\/\/chargingshop.eu\/pl\/wp-json\/wp\/v2\/product"}],"about":[{"href":"https:\/\/chargingshop.eu\/pl\/wp-json\/wp\/v2\/types\/product"}],"replies":[{"embeddable":true,"href":"https:\/\/chargingshop.eu\/pl\/wp-json\/wp\/v2\/comments?post=72264"}],"wp:attachment":[{"href":"https:\/\/chargingshop.eu\/pl\/wp-json\/wp\/v2\/media?parent=72264"}],"wp:term":[{"taxonomy":"product_brand","embeddable":true,"href":"https:\/\/chargingshop.eu\/pl\/wp-json\/wp\/v2\/product_brand?post=72264"},{"taxonomy":"product_cat","embeddable":true,"href":"https:\/\/chargingshop.eu\/pl\/wp-json\/wp\/v2\/product_cat?post=72264"},{"taxonomy":"product_tag","embeddable":true,"href":"https:\/\/chargingshop.eu\/pl\/wp-json\/wp\/v2\/product_tag?post=72264"}],"curies":[{"name":"wp","href":"https:\/\/api.w.org\/{rel}","templated":true}]}}