{"id":72258,"date":"2025-06-14T10:14:00","date_gmt":"2025-06-14T10:14:00","guid":{"rendered":"https:\/\/chargingshop.eu\/product\/v2c-trydan-22kw-pro-rfid-4g-sim-wyswietlacz-kabel-spring-typu-2-czarny\/"},"modified":"2025-06-14T10:14:11","modified_gmt":"2025-06-14T10:14:11","slug":"v2c-trydan-22kw-pro-rfid-4g-sim-wyswietlacz-kabel-spring-typu-2-czarny","status":"publish","type":"product","link":"https:\/\/chargingshop.eu\/pl\/produkt\/v2c-trydan-22kw-pro-rfid-4g-sim-wyswietlacz-kabel-spring-typu-2-czarny\/","title":{"rendered":"V2C Trydan 22kW PRO &#8211; RFID, 4G SIM, wy\u015bwietlacz, kabel SPRING typu 2, czarny"},"content":{"rendered":"<div class=\"elementor-element elementor-element-6d87fa2 elementor-widget elementor-widget-heading\" data-id=\"6d87fa2\" data-element_type=\"widget\" data-widget_type=\"heading.default\">\n<div class=\"elementor-widget-container\">\n<p>V2C Trydan 22kW PRO z kablem SPRING CABLE &#8211; Innowacyjne i inteligentne \u0142adowanie w pracy, domu i najwy\u017csza kontrola u\u017cytkownika i \u0142adowania za pomoc\u0105 aplikacji lub pulpitu nawigacyjnego.<br \/>\nKarta SIM 4G w zestawie zapewniaj\u0105ca nieprzerwan\u0105 \u0142\u0105czno\u015b\u0107!<br \/>\nRFID &#8211; standard zarz\u0105dzania dost\u0119pem u\u017cytkownik\u00f3w!<\/p>\n<h4 class=\"elementor-heading-title elementor-size-default\">Trydan jest synonimem s\u0142owa <b><i>Tri &#8211; <\/i>po\u0142\u0105czenie<\/b><\/h4>\n<\/div>\n<\/div>\n<div class=\"elementor-element elementor-element-3efa5b8a elementor-position-left elementor-view-default elementor-vertical-align-top elementor-widget elementor-widget-icon-box\" data-id=\"3efa5b8a\" data-element_type=\"widget\" data-widget_type=\"icon-box.default\">\n<div class=\"elementor-widget-container\">\n<div class=\"elementor-icon-box-wrapper\">\n<div class=\"elementor-icon-box-content\">\n<h4 class=\"elementor-icon-box-title\"><em>Po\u0142\u0105czenie z telefonem.<\/em><\/h4>\n<p>Korzystaj ze wszystkich zalet aplikacji V2C Cloud, \u0142\u0105cz\u0105c si\u0119 przez WiFi lub Bluetooth: kontroluj \u0142adowanie, sprawdzaj statystyki i planuj zgodnie z w\u0142asnymi potrzebami.<\/p>\n<\/div>\n<\/div>\n<\/div>\n<\/div>\n<div class=\"elementor-element elementor-element-5f394a06 elementor-position-left elementor-view-default elementor-vertical-align-top elementor-widget elementor-widget-icon-box\" data-id=\"5f394a06\" data-element_type=\"widget\" data-widget_type=\"icon-box.default\">\n<div class=\"elementor-widget-container\">\n<div class=\"elementor-icon-box-wrapper\">\n<h4 class=\"elementor-icon-box-title\"><em>Po\u0142\u0105cz si\u0119 z Alex\u0105.<\/em><\/h4>\n<p class=\"elementor-icon-box-title\">Wyobra\u017a sobie, \u017ce m\u00f3wisz \u201eAlexa, zacznij \u0142adowa\u0107 m\u00f3j samoch\u00f3d elektryczny\u201d. Dzi\u0119ki Trydan to rzeczywisto\u015b\u0107. Tw\u00f3j g\u0142os przesy\u0142a polecenia, a Alexa je wykonuje.  <\/p>\n<\/div>\n<\/div>\n<\/div>\n<div class=\"elementor-element elementor-element-49f5b55a elementor-position-left elementor-view-default elementor-vertical-align-top elementor-widget elementor-widget-icon-box\" data-id=\"49f5b55a\" data-element_type=\"widget\" data-widget_type=\"icon-box.default\">\n<div class=\"elementor-widget-container\">\n<div class=\"elementor-icon-box-wrapper\">\n<h4 class=\"elementor-icon-box-title\"><strong><em>Pod\u0142\u0105czenie do falownika solarnego i \u0142adowanie pojazdu elektrycznego energi\u0105 s\u0142oneczn\u0105<\/em><\/strong><\/h4>\n<div class=\"elementor-icon-box-content\">\n<p class=\"elementor-icon-box-description\">Trydan posiada najbardziej kompletny system integracji fotowoltaicznej, kt\u00f3ry umo\u017cliwia \u0142adowanie bezpo\u015brednio z elektrowni s\u0142onecznej.  <span style=\"font-size: 14.4px;\">\u0141adowarka solarna do pojazd\u00f3w elektrycznych umo\u017cliwia wykorzystanie nadmiaru energii s\u0142onecznej do bezpo\u015bredniego \u0142adowania pojazdu elektrycznego. Oznacza to DARMOW\u0104 energi\u0119 do zasilania pojazdu elektrycznego! <\/span><\/p>\n<p>  \u0141adowarka Solar EV Charger jest prosta w instalacji i obs\u0142udze, zwi\u0119kszaj\u0105c zwrot z inwestycji (ROI) dla paneli i pojazdu elektrycznego. Ale nie martw si\u0119, je\u015bli nie masz paneli s\u0142onecznych, poniewa\u017c \u0142adowarka EV nadal b\u0119dzie dzia\u0142a\u0107 jako konwencjonalna \u0142adowarka korzystaj\u0105ca z zasilania sieciowego. <\/p>\n<p>* Trydan jest kompatybilny ze wszystkimi falownikami solarnymi. Bezprzewodowo nawi\u0105zuje bezpo\u015brednie po\u0142\u0105czenie z licznikami <strong>GoodWe<\/strong>, <strong>Fronius<\/strong>, <strong>Huawei<\/strong>, <strong>Ingeteam<\/strong>, <strong>Kostal<\/strong>,<strong> SolarEdge<\/strong>,<strong> SolaX<\/strong>, <strong>Victron<\/strong> oraz <strong>Shelly <\/strong>i<strong> Wibeee<\/strong>. <\/p>\n<\/div>\n<\/div>\n<\/div>\n<\/div>\n<p>&nbsp;<\/p>\n<div class=\"video video-fit mb\" style=\"padding-top:56.25%;\"><p><iframe title=\"Trydan Pro - The perfect evolution\" width=\"1020\" height=\"574\" src=\"https:\/\/www.youtube.com\/embed\/TSnKat2HRcU?feature=oembed\" frameborder=\"0\" allow=\"accelerometer; autoplay; clipboard-write; encrypted-media; gyroscope; picture-in-picture; web-share\" referrerpolicy=\"strict-origin-when-cross-origin\" allowfullscreen><\/iframe><\/p>\n<\/div>\n<p>&nbsp;<\/p>\n<h3><strong><em>Kluczowe cechy<\/em><\/strong><\/h3>\n<p class=\"elementor-icon-box-title\">Dynamiczne zarz\u0105dzanie obci\u0105\u017ceniem &#8211; identyfikuje ca\u0142kowite zu\u017cycie energii w czasie rzeczywistym i dostosowuje \u0142adowanie, aby unikn\u0105\u0107 przeci\u0105\u017cenia.<\/p>\n<p class=\"elementor-icon-box-title\">Integracja z Home Assistant &#8211; Wyj\u0105tkowe wra\u017cenia z \u0142adowania dzi\u0119ki kompatybilno\u015bci z systemami automatyki domowej.<\/p>\n<p class=\"elementor-icon-box-title\"><strong>Nieograniczona \u0142\u0105czno\u015b\u0107<\/strong> &#8211; Trydan jest jedyn\u0105 \u0142adowark\u0105, kt\u00f3ra umo\u017cliwia pe\u0142n\u0105 kontrol\u0119 za po\u015brednictwem aplikacji Telegram dzi\u0119ki V2C Bot. Obs\u0142uguje komunikacj\u0119 za po\u015brednictwem <strong>OCPP<\/strong>. Trydan zawiera r\u00f3wnie\u017c <strong>OPEN API<\/strong> dla programist\u00f3w.  <\/p>\n<h3>Chmura V2C<\/h3>\n<p>Do\u015bwiadczenie \u0142adowania podniesione na najwy\u017cszy poziom.<\/p>\n<p>Zaprogramuj obci\u0105\u017cenie w wybranym przedziale czasowym, aby zmaksymalizowa\u0107 oszcz\u0119dno\u015bci.<\/p>\n<p>Aktywuj lub dezaktywuj \u0142adowanie, wybierz jego intensywno\u015b\u0107, zablokuj korzystanie z \u0142adowarki i sprawd\u017a wszystkie statystyki z V2C Cloud.<\/p>\n<h3><strong>Specyfikacja &#8211; model TRY32-3-L5-M<\/strong><\/h3>\n<ul>\n<li>Miejsce monta\u017cu wewn\u0105trz i na zewn\u0105trz<\/li>\n<li>Moc wyj\u015bciowa: 22 kW (3-fazowy)<\/li>\n<li>Znamionowe napi\u0119cie zasilania: 230 V AC jednofazowe lub 400 V AC tr\u00f3jfazowe (+\/- 10%)<\/li>\n<li>Cz\u0119stotliwo\u015b\u0107 zasilania: 50\/60 Hz<\/li>\n<li>Kolor: czarny<\/li>\n<li>Kabel wyj\u015bciowy typu 2, 5 m<\/li>\n<li>Pr\u0105d znamionowy: maks. 32 A<\/li>\n<li>Dioda LED z wy\u015bwietlaczem graficznym<\/li>\n<li>Pob\u00f3r mocy w trybie czuwania: 3W<\/li>\n<li>Temperatura pracy: od -25\u00b0C do +50\u00b0C<\/li>\n<li>RFID do kontroli dost\u0119pu u\u017cytkownik\u00f3w<\/li>\n<\/ul>\n<p>&nbsp;<\/p>\n<p>&nbsp;<\/p>\n","protected":false},"excerpt":{"rendered":"<p>Nowy V2C Trydan PRO jest ju\u017c dost\u0119pny!<\/p>\n<p>Do\u0142\u0105czona karta SIM 4G zapewnia nieprzerwan\u0105 \u0142\u0105czno\u015b\u0107!<br \/>\nRFID &#8211; standard zarz\u0105dzania dost\u0119pem u\u017cytkownik\u00f3w!<\/p>\n<p>Innowacyjne i inteligentne \u0142adowanie w domu w po\u0142\u0105czeniu z eleganckim i funkcjonalnym wzornictwem.<\/p>\n<p>Jedna z najm\u0105drzejszych \u0142adowarek EV na rynku o doskona\u0142ym designie i licznych funkcjach<\/p>\n<ul>\n<li>Posiada opcj\u0119 \u0142adowania energii s\u0142onecznej do pojazdu elektrycznego, gdy jest ona wystarczaj\u0105co zasilana przez falownik.<\/li>\n<li>Dynamiczne r\u00f3wnowa\u017cenie mocy &#8211; 3 zaciski CT w zestawie!<\/li>\n<li>Inteligentny &#8211; mo\u017ce by\u0107 sterowany za pomoc\u0105 aplikacji<\/li>\n<li>Posiada wy\u015bwietlacz<\/li>\n<li>mo\u017cna kontrolowa\u0107 za pomoc\u0105 polece\u0144 g\u0142osowych za po\u015brednictwem Alexy!<\/li>\n<li>RFID do kontroli dost\u0119pu u\u017cytkownik\u00f3w<\/li>\n<\/ul>\n","protected":false},"featured_media":0,"comment_status":"open","ping_status":"closed","template":"","meta":[],"product_brand":[],"product_cat":[1374,348],"product_tag":[1462],"class_list":{"0":"post-72258","1":"product","2":"type-product","3":"status-publish","5":"product_cat-oferty-sprzedazy-i-rabaty","6":"product_cat-ladowarki-wallbox","7":"product_tag-v2c-trydan-pro-pl","8":"pa_brand-v2c-pl","10":"first","11":"instock","12":"sale","13":"taxable","14":"shipping-taxable","15":"purchasable","16":"product-type-simple"},"_links":{"self":[{"href":"https:\/\/chargingshop.eu\/pl\/wp-json\/wp\/v2\/product\/72258","targetHints":{"allow":["GET"]}}],"collection":[{"href":"https:\/\/chargingshop.eu\/pl\/wp-json\/wp\/v2\/product"}],"about":[{"href":"https:\/\/chargingshop.eu\/pl\/wp-json\/wp\/v2\/types\/product"}],"replies":[{"embeddable":true,"href":"https:\/\/chargingshop.eu\/pl\/wp-json\/wp\/v2\/comments?post=72258"}],"wp:attachment":[{"href":"https:\/\/chargingshop.eu\/pl\/wp-json\/wp\/v2\/media?parent=72258"}],"wp:term":[{"taxonomy":"product_brand","embeddable":true,"href":"https:\/\/chargingshop.eu\/pl\/wp-json\/wp\/v2\/product_brand?post=72258"},{"taxonomy":"product_cat","embeddable":true,"href":"https:\/\/chargingshop.eu\/pl\/wp-json\/wp\/v2\/product_cat?post=72258"},{"taxonomy":"product_tag","embeddable":true,"href":"https:\/\/chargingshop.eu\/pl\/wp-json\/wp\/v2\/product_tag?post=72258"}],"curies":[{"name":"wp","href":"https:\/\/api.w.org\/{rel}","templated":true}]}}