{"id":72245,"date":"2025-06-14T10:13:48","date_gmt":"2025-06-14T10:13:48","guid":{"rendered":"https:\/\/chargingshop.eu\/product\/abb-smartmeter-d13-15-m-65-modbus\/"},"modified":"2025-06-14T10:13:48","modified_gmt":"2025-06-14T10:13:48","slug":"abb-smartmeter-d13-15-m-65-modbus","status":"publish","type":"product","link":"https:\/\/chargingshop.eu\/pl\/produkt\/abb-smartmeter-d13-15-m-65-modbus\/","title":{"rendered":"ABB SmartMeter D13 15-M 65 Modbus"},"content":{"rendered":"<p>D13 15-M 65 Modbus to tr\u00f3jfazowy licznik energii z Modbus RTU, bezpo\u015brednim pod\u0142\u0105czeniem do 65 A, czterokwadrantowym pomiarem, dok\u0142adno\u015bci\u0105 klasy B dla energii czynnej zgodnie z dyrektyw\u0105 MID i klasy 2 dla energii biernej zgodnie z IEC 62053-23, jednym wej\u015bciem cyfrowym i jednym wyj\u015bciem cyfrowym, tylko trzema modu\u0142ami DIN i obudow\u0105 z tworzywa sztucznego pochodz\u0105cego z recyklingu.<\/p>\n","protected":false},"excerpt":{"rendered":"<p>ABB SmartMeter D13 15-M 65 Modbus &#8211; to tr\u00f3jfazowy licznik energii z Modbus RTU, bezpo\u015brednie po\u0142\u0105czenie do 65 A. kompatybilny ze wszystkimi modelami ABB AC Terra.<\/p>\n","protected":false},"featured_media":0,"comment_status":"closed","ping_status":"closed","template":"","meta":[],"product_brand":[],"product_cat":[411,348],"product_tag":[],"class_list":{"0":"post-72245","1":"product","2":"type-product","3":"status-publish","5":"product_cat-accessories-pl","6":"product_cat-ladowarki-wallbox","8":"first","9":"instock","10":"sale","11":"taxable","12":"shipping-taxable","13":"purchasable","14":"product-type-simple"},"_links":{"self":[{"href":"https:\/\/chargingshop.eu\/pl\/wp-json\/wp\/v2\/product\/72245","targetHints":{"allow":["GET"]}}],"collection":[{"href":"https:\/\/chargingshop.eu\/pl\/wp-json\/wp\/v2\/product"}],"about":[{"href":"https:\/\/chargingshop.eu\/pl\/wp-json\/wp\/v2\/types\/product"}],"replies":[{"embeddable":true,"href":"https:\/\/chargingshop.eu\/pl\/wp-json\/wp\/v2\/comments?post=72245"}],"wp:attachment":[{"href":"https:\/\/chargingshop.eu\/pl\/wp-json\/wp\/v2\/media?parent=72245"}],"wp:term":[{"taxonomy":"product_brand","embeddable":true,"href":"https:\/\/chargingshop.eu\/pl\/wp-json\/wp\/v2\/product_brand?post=72245"},{"taxonomy":"product_cat","embeddable":true,"href":"https:\/\/chargingshop.eu\/pl\/wp-json\/wp\/v2\/product_cat?post=72245"},{"taxonomy":"product_tag","embeddable":true,"href":"https:\/\/chargingshop.eu\/pl\/wp-json\/wp\/v2\/product_tag?post=72245"}],"curies":[{"name":"wp","href":"https:\/\/api.w.org\/{rel}","templated":true}]}}