{"id":72236,"date":"2025-06-14T10:13:38","date_gmt":"2025-06-14T10:13:38","guid":{"rendered":"https:\/\/chargingshop.eu\/product\/abb-terra-ac-22-kw-kabel-typu-2-4g-rfid-abb-3p-smartmeter\/"},"modified":"2025-06-14T10:13:42","modified_gmt":"2025-06-14T10:13:42","slug":"abb-terra-ac-22-kw-kabel-typu-2-4g-rfid-abb-3p-smartmeter","status":"publish","type":"product","link":"https:\/\/chargingshop.eu\/pl\/produkt\/abb-terra-ac-22-kw-kabel-typu-2-4g-rfid-abb-3p-smartmeter\/","title":{"rendered":"ABB Terra AC 22 kW, kabel typu 2, 4G, RFID + ABB 3P SmartMeter"},"content":{"rendered":"<p><em><strong>ABB Terra AC 22kW z kablem, kabel typu 2, 4G, RFID + ABB 3P SmartMeter do r\u00f3wnowa\u017cenia obci\u0105\u017cenia (cena regularna &#8211; 145eur)<\/strong><\/em><\/p>\n<p>&nbsp;<\/p>\n<p>Zestaw do DYNAMICZNEGO BALANSOWANIA OBCI\u0104\u017bENIA. Zapobiegnie to nadmiernemu zu\u017cyciu energii elektrycznej podczas \u0142adowania pojazdu elektrycznego. <\/p>\n<p><strong>Wysoka jako\u015b\u0107  <\/strong><\/p>\n<p>&#8211; Jedna z najbardziej op\u0142acalnych \u0142adowarek na rynku<\/p>\n<p>&#8211; Szeroki zakres opcji \u0142\u0105czno\u015bci<\/p>\n<p>&#8211; Oszcz\u0119dno\u015b\u0107 miejsca i \u0142atwo\u015b\u0107 instalacji<\/p>\n<p>&nbsp;<\/p>\n<p><strong>Bezpiecze\u0144stwo i ochrona<\/strong><\/p>\n<p>&#8211; Ocenione i przetestowane przez niezale\u017cn\u0105 stron\u0119 trzeci\u0105 w celu spe\u0142nienia najwy\u017cszych standard\u00f3w.<\/p>\n<p>&#8211; Zabezpieczenie ograniczaj\u0105ce pr\u0105d zapobiega uci\u0105\u017cliwym wy\u0142\u0105czeniom i przepi\u0119ciom w instalacji.<\/p>\n<p>&#8211; Zintegrowane zabezpieczenia, w tym przed zwarciem doziemnym DC i przepi\u0119ciem<\/p>\n<p>&nbsp;<\/p>\n<p><img decoding=\"async\" class=\"alignleft wp-image-3224\" src=\"https:\/\/chargingshop.eu\/wp-content\/uploads\/2020\/07\/ABB-Terra-AC-dynamic-load-management-307x400.png\" alt=\"Dynamiczne zarz\u0105dzanie obci\u0105\u017ceniem ABB Terra AC\" width=\"470\" height=\"612\" srcset=\"https:\/\/chargingshop.eu\/wp-content\/uploads\/2020\/07\/ABB-Terra-AC-dynamic-load-management-307x400.png 307w, https:\/\/chargingshop.eu\/wp-content\/uploads\/2020\/07\/ABB-Terra-AC-dynamic-load-management.png 422w\" sizes=\"(max-width: 470px) 100vw, 470px\" \/><\/p>\n<p><strong>Zarz\u0105dzanie obci\u0105\u017ceniem<\/strong><\/p>\n<p>&#8211; Wbudowany licznik energii<\/p>\n<p>&#8211; R\u0119czne lub automatyczne (dynamiczne) zarz\u0105dzanie obci\u0105\u017ceniem<\/p>\n<p>&#8211; Konfiguracja integracji zewn\u0119trznego licznika energii w celu dynamicznego zarz\u0105dzania obci\u0105\u017ceniem<\/p>\n<p>&#8211; Gotowy do integracji z zaawansowanym inteligentnym systemem energetycznym budynku<\/p>\n<p><strong>Przysz\u0142o\u015bciowa elastyczno\u015b\u0107<\/strong><\/p>\n<p>&#8211; Inteligentne funkcje optymalizuj\u0105ce \u0142adowanie<\/p>\n<p>&#8211; Integracja licznik\u00f3w energii w celu dynamicznego zarz\u0105dzania obci\u0105\u017ceniem<\/p>\n<p>&#8211; Dedykowana aplikacja do sterowania i konfiguracji<\/p>\n<p>&#8211; Zdalna aktualizacja oprogramowania w\u0142\u0105czona<\/p>\n<p>&nbsp;<\/p>\n<p>&nbsp;<\/p>\n<div>\n<p>&nbsp;<\/p>\n<p>&nbsp;<\/p>\n<\/div>\n<p>&nbsp;<\/p>\n<p>&nbsp;<\/p>\n<p><strong>Prezentacja wszystkich funkcji Smart:<\/strong><\/p>\n<p><a href=\"https:\/\/chargingshop.eu\/wp-content\/uploads\/2020\/12\/chargersync-APP.pdf\">Aplikacja Chargersync<\/a><\/p>\n<p>&nbsp;<\/p>\n<div>\n<p><strong>Planowanie \u0142adowania \u201ePeak shaving<\/strong>\u201d<\/p>\n<p>&#8211; Ustawianie przedzia\u0142\u00f3w czasowych (harmonogramu) \u0142adowania, aby unikn\u0105\u0107 szczytowych cen energii elektrycznej, np. taryfy wieczornej<\/p>\n<p>&#8211; Mo\u017cliwo\u015b\u0107 zaoszcz\u0119dzenia 100-300 euro rocznie* na rachunku za energi\u0119 elektryczn\u0105 (w zale\u017cno\u015bci od lokalnych cen energii elektrycznej).<\/p>\n<p>&nbsp;<\/p>\n<\/div>\n<p><strong>Aplikacja u\u017cytkownika ChargeSync do kontroli, statusu i konfiguracji Terra AC<\/strong><\/p>\n<p>Konfiguracja stacji:<\/p>\n<div class=\"video video-fit mb\" style=\"padding-top:56.25%;\"><p><iframe title=\"ABB Terra AC station setup\" width=\"1020\" height=\"574\" src=\"https:\/\/www.youtube.com\/embed\/9tBaVWj7mHI?feature=oembed\" frameborder=\"0\" allow=\"accelerometer; autoplay; clipboard-write; encrypted-media; gyroscope; picture-in-picture; web-share\" referrerpolicy=\"strict-origin-when-cross-origin\" allowfullscreen><\/iframe><\/p>\n<\/div>\n<p>Stan \u0142adowania:<\/p>\n<div class=\"video video-fit mb\" style=\"padding-top:56.25%;\"><p><iframe title=\"ABB Terra AC APP charging process\" width=\"1020\" height=\"574\" src=\"https:\/\/www.youtube.com\/embed\/ZDbrLx06yh0?feature=oembed\" frameborder=\"0\" allow=\"accelerometer; autoplay; clipboard-write; encrypted-media; gyroscope; picture-in-picture; web-share\" referrerpolicy=\"strict-origin-when-cross-origin\" allowfullscreen><\/iframe><\/p>\n<\/div>\n<p>&nbsp;<\/p>\n<p><strong>Model ABB Terra AC 22kW &#8211; (TAC-W22-G5-R-C-0<\/strong> \/ <strong>6AGC082157) funkcje<\/strong>:<\/p>\n<p>Typ &#8211; Wallbox z kablem typu 2<br \/>\n&#8211; Moc 22 kW<br \/>\n&#8211; Tr\u00f3jfazowy<br \/>\n&#8211; Maksymalny pr\u0105d 32A<\/p>\n<p>-Ethernet (RJ45)<br \/>\n-Wifi<br \/>\n-OCPP 1.6<br \/>\n-Bluetooth<br \/>\n-Modbus RTU (RS485)<\/p>\n<p><strong><a href=\"https:\/\/new.abb.com\/products\/2CMA290881R1000\/ev3-012-100\" target=\"_blank\" rel=\"noopener\">EV3 012-100 SmartMeter model<\/a> &#8211; 2CMA290881R1000<\/strong><\/p>\n<p>&nbsp;<\/p>\n<p><em>Broszura produktu Terra AC:<\/em><\/p>\n<p><a href=\"https:\/\/chargingshop.eu\/?attachment_id=2067\" target=\"_blank\" rel=\"attachment noopener wp-att-2067 noreferrer\">ABB_Terra_AC_wallbox_Brochure_A4<\/a><\/p>\n<p>&nbsp;<\/p>\n<p>* Operatorzy sieci zazwyczaj pobieraj\u0105 25-40% premii za energi\u0119 elektryczn\u0105 zu\u017cywan\u0105 w godzinach wieczornych od 6 do 22. Jest to przedmiotem umowy z dostawc\u0105. W niekt\u00f3rych krajach nie mo\u017cna zapewni\u0107 taryfy wieczornej \/ nocnej.  <\/p>\n<p>&nbsp;<\/p>\n","protected":false},"excerpt":{"rendered":"<p><a href=\"https:\/\/www.adac.de\/rund-ums-fahrzeug\/tests\/elektromobilitaet\/wallboxen\/\">Zwyci\u0119zca testu ADAC Wallbox &#8211; 05\/2021<\/a><\/p>\n<p><em>ABB Terra AC 22kW wallbox z kabin\u0105 + <strong><a href=\"https:\/\/new.abb.com\/products\/2CMA290881R1000\/ev3-012-100\">EV3 012-100 SmartMeter model<\/a> &#8211; 2CMA290881R1000<\/strong> Dzi\u0119ki temu zestawowi b\u0119dziesz m\u00f3g\u0142 korzysta\u0107 z funkcji dynamicznego r\u00f3wnowa\u017cenia obci\u0105\u017cenia jednej fazy.<\/em><\/p>\n<p>Wyj\u0105tkowa jako\u015b\u0107 od \u015bwiatowego lidera &#8211; ABB. Inteligentna i przysz\u0142o\u015bciowa stacja w cenie zwyk\u0142ej. <\/p>\n<ul>\n<li>Status i kontrola za po\u015brednictwem aplikacji<\/li>\n<li>Kompletna ochrona: nadpr\u0105dowa, nadnapi\u0119ciowa, podnapi\u0119ciowa, ziemnozwarciowa, zintegrowana ochrona odgromowa<\/li>\n<li>Planowanie \u0142adowania &#8220;Oszcz\u0119dzanie szczytowe<\/li>\n<li>R\u00f3wnowa\u017cenie obci\u0105\u017cenia<\/li>\n<li>Mo\u017cliwo\u015b\u0107 \u0142adowania tylko energii fotowoltaicznej z lokalnego falownika<\/li>\n<li>i wiele wi\u0119cej<\/li>\n<\/ul>\n<p>&nbsp;<\/p>\n","protected":false},"featured_media":0,"comment_status":"open","ping_status":"closed","template":"","meta":[],"product_brand":[],"product_cat":[1374,348],"product_tag":[1388],"class_list":{"0":"post-72236","1":"product","2":"type-product","3":"status-publish","5":"product_cat-oferty-sprzedazy-i-rabaty","6":"product_cat-ladowarki-wallbox","7":"product_tag-abb-terra-ac-7-pl","8":"pa_brand-abb-pl","10":"first","11":"instock","12":"sale","13":"taxable","14":"shipping-taxable","15":"purchasable","16":"product-type-simple"},"_links":{"self":[{"href":"https:\/\/chargingshop.eu\/pl\/wp-json\/wp\/v2\/product\/72236","targetHints":{"allow":["GET"]}}],"collection":[{"href":"https:\/\/chargingshop.eu\/pl\/wp-json\/wp\/v2\/product"}],"about":[{"href":"https:\/\/chargingshop.eu\/pl\/wp-json\/wp\/v2\/types\/product"}],"replies":[{"embeddable":true,"href":"https:\/\/chargingshop.eu\/pl\/wp-json\/wp\/v2\/comments?post=72236"}],"wp:attachment":[{"href":"https:\/\/chargingshop.eu\/pl\/wp-json\/wp\/v2\/media?parent=72236"}],"wp:term":[{"taxonomy":"product_brand","embeddable":true,"href":"https:\/\/chargingshop.eu\/pl\/wp-json\/wp\/v2\/product_brand?post=72236"},{"taxonomy":"product_cat","embeddable":true,"href":"https:\/\/chargingshop.eu\/pl\/wp-json\/wp\/v2\/product_cat?post=72236"},{"taxonomy":"product_tag","embeddable":true,"href":"https:\/\/chargingshop.eu\/pl\/wp-json\/wp\/v2\/product_tag?post=72236"}],"curies":[{"name":"wp","href":"https:\/\/api.w.org\/{rel}","templated":true}]}}