{"id":6405,"date":"2022-01-23T13:30:05","date_gmt":"2022-01-23T13:30:05","guid":{"rendered":"https:\/\/chargingshop.eu\/product\/huawei-sun2000-8kw-8ktl-solar-inverter\/"},"modified":"2025-05-27T05:51:10","modified_gmt":"2025-05-27T05:51:10","slug":"huawei-sun2000-8kw-8ktl-solar-inverter","status":"publish","type":"product","link":"https:\/\/chargingshop.eu\/pl\/produkt\/huawei-sun2000-8kw-8ktl-solar-inverter\/","title":{"rendered":"Huawei SUN2000 8kW (8KTL) &#8211; Solar Inverter"},"content":{"rendered":"<p><strong> Konwerter Huawei SUN2000-8KTL-M0 8kW <\/strong> do pod\u0142\u0105czenia do sieci jest gotowy do instalacji w domach zasilanych pr\u0105dem tr\u00f3jfazowym. Ten falownik jest modelem po\u015brednim w nowym obszarze mieszkalnym do pod\u0142\u0105czenia do sieci.<\/p>\n<p>Panel s\u0142oneczny ma wykrywanie izolacji DC i jednostk\u0119 monitoruj\u0105c\u0105 pozosta\u0142\u0105 intensywno\u015b\u0107. Najbardziej wydajne systemy energii s\u0142onecznej, kt\u00f3re zasilaj\u0105 nasze urz\u0105dzenia, wymagaj\u0105 wysokiej jako\u015bci falownika z solidnym systemem ch\u0142odzenia konwekcyjnego.<\/p>\n<p><strong> Falownik SUN2000-8KTL-M0 8kW <\/strong> jest przygotowany do pracy w sieciach tr\u00f3jfazowych. Jest przygotowany tak, aby umo\u017cliwi\u0107 zwi\u0119kszenie stopnia zu\u017cycia w\u0142asnego baterii.<\/p>\n<h2>Funkcje Huawei SUN2000-8KTL-M0:<\/h2>\n<p><span data-spm-anchor-id=\"a2g0o.detail.1000023.i1.76d84c51JufCUg\"> Konwerter Huawei SUN2000-8KTL-M0 8kW ma 2 MPPT, kt\u00f3re umo\u017cliwiaj\u0105 instalacj\u0119 paneli w dw\u00f3ch grupach kszta\u0142t\u00f3w, kt\u00f3re ka\u017cda z grup mo\u017ce by\u0107 instalowane z r\u00f3\u017cnym nachyleniem, orientacj\u0105 lub r\u00f3\u017cnymi w\u0142a\u015bciwo\u015bciami elektrycznymi. Inwerter <b> SUN20008KTL <\/b> maksymalizuje wydajno\u015b\u0107 <a href=\"https:\/\/chargeshop.eu\/product-category\/solar-panels\/\" target=\"_blank\" rel=\"noopener\"> <strong> paneli s\u0142onecznych <\/strong> <\/a> tak, aby przez ca\u0142y czas do domu oferowana by\u0142a maksymalna energia do 99%. <\/span><\/p>\n<p>Najnowszy konwerter ogniw s\u0142onecznych Huawei 8kw jest bardzo ceniony na rynku z nast\u0119puj\u0105cymi specyfikacjami, kt\u00f3re sprawiaj\u0105, \u017ce warto w niego zainwestowa\u0107.<\/p>\n<p><strong> Specyfikacje: <\/strong><\/p>\n<ul>\n<li>Aktywny pr\u0105d przemienny 8000 W maks.<\/li>\n<li>Pozorny pr\u0105d przemienny 8 800 VA<\/li>\n<li>Maksymalne napi\u0119cie wej\u015bciowe (Vmax) 1100 V<\/li>\n<li>Maksymalna intensywno\u015b\u0107 na MPPT 11A<\/li>\n<li>Maks. intensywno\u015b\u0107 zwarcia na MPPT 15A<\/li>\n<li>Minimalne napi\u0119cie wej\u015bciowe 200 V<\/li>\n<li>Zakres napi\u0119cia w MPP 380V-850V<\/li>\n<li>Napi\u0119cie znamionowe przy maksymalnym potencjale 600 V Maks.<\/li>\n<\/ul>\n<h4><strong> Wydajno\u015b\u0107: <\/strong><\/h4>\n<ul>\n<li><strong> Maksymalna wydajno\u015b\u0107 konwertera: <\/strong> 98,6%<\/li>\n<li><strong> Europejska wa\u017cona efektywno\u015b\u0107: <\/strong> 98,0%<\/li>\n<\/ul>\n<h4><strong> Wej\u015bcie: <\/strong><\/h4>\n<ul>\n<li><strong> Maksymalne napi\u0119cie wej\u015bciowe: <\/strong> 1100 V<\/li>\n<li><strong> Mini napi\u0119cie wej\u015bciowe: <\/strong> 200 V<\/li>\n<li><strong> Zakres napi\u0119cia MpPT: <\/strong> 140 V &#8211; 980 V<\/li>\n<li><strong> Znamionowe napi\u0119cie wej\u015bciowe panelu: <\/strong> 600 V<\/li>\n<li><strong> Maksymalny pr\u0105d wej\u015bciowy na MPPT: <\/strong> 11 A<\/li>\n<li><strong> Maksymalna intensywno\u015b\u0107: <\/strong> 15 A<\/li>\n<li><strong> Numer MPPT: <\/strong> 2<\/li>\n<li><strong> Wej\u015bcia MPPT: <\/strong> 1<\/li>\n<\/ul>\n<h4><strong> Dane wyj\u015bciowe: <\/strong><\/h4>\n<ul>\n<li>Tr\u00f3jfazowe wyj\u015bcie prze\u0142\u0105czaj\u0105ce<\/li>\n<li>Znamionowa moc wyj\u015bciowa: 8kW &#8211; 8,8kVA<\/li>\n<li>Napi\u0119cie wyj\u015bciowe: 220\/380V, 230\/400V, 3W + N + PE<\/li>\n<li>Nominalna cz\u0119stotliwo\u015b\u0107 sieci: 50 Hz \/ 60 Hz<\/li>\n<li>Maksymalny pr\u0105d wyj\u015bciowy 13,5A<\/li>\n<\/ul>\n","protected":false},"excerpt":{"rendered":"<p>Huawei SUN2000-8KTL-M0 to urz\u0105dzenie bezpieczne, niezawodne i wydajne. Ten wynalazca energii s\u0142onecznej obiecuje jedno z najlepszych dost\u0119pnych do\u015bwiadcze\u0144 s\u0142onecznych.<\/p>\n<ul>\n<li>Topologia falownika o wysokiej wydajno\u015bci<\/li>\n<li>Zintegrowany interfejs baterii<\/li>\n<li>AFCI z wykrywaniem \u0142uku w oparciu o sztuczn\u0105 inteligencj\u0119<\/li>\n<li>Wbudowany interfejs baterii<\/li>\n<li>Szybka instalacja<\/li>\n<li>Klucz WLAN w pakiecie inwertera<\/li>\n<\/ul>\n","protected":false},"featured_media":6060,"comment_status":"open","ping_status":"closed","template":"","meta":[],"product_brand":[],"product_cat":[817],"product_tag":[],"class_list":{"0":"post-6405","1":"product","2":"type-product","3":"status-publish","4":"has-post-thumbnail","6":"product_cat-solar-panels-pl","7":"pa_brand-huawei-pl","9":"first","10":"instock","11":"taxable","12":"shipping-taxable","13":"purchasable","14":"product-type-simple"},"_links":{"self":[{"href":"https:\/\/chargingshop.eu\/pl\/wp-json\/wp\/v2\/product\/6405","targetHints":{"allow":["GET"]}}],"collection":[{"href":"https:\/\/chargingshop.eu\/pl\/wp-json\/wp\/v2\/product"}],"about":[{"href":"https:\/\/chargingshop.eu\/pl\/wp-json\/wp\/v2\/types\/product"}],"replies":[{"embeddable":true,"href":"https:\/\/chargingshop.eu\/pl\/wp-json\/wp\/v2\/comments?post=6405"}],"wp:featuredmedia":[{"embeddable":true,"href":"https:\/\/chargingshop.eu\/pl\/wp-json\/wp\/v2\/media\/6060"}],"wp:attachment":[{"href":"https:\/\/chargingshop.eu\/pl\/wp-json\/wp\/v2\/media?parent=6405"}],"wp:term":[{"taxonomy":"product_brand","embeddable":true,"href":"https:\/\/chargingshop.eu\/pl\/wp-json\/wp\/v2\/product_brand?post=6405"},{"taxonomy":"product_cat","embeddable":true,"href":"https:\/\/chargingshop.eu\/pl\/wp-json\/wp\/v2\/product_cat?post=6405"},{"taxonomy":"product_tag","embeddable":true,"href":"https:\/\/chargingshop.eu\/pl\/wp-json\/wp\/v2\/product_tag?post=6405"}],"curies":[{"name":"wp","href":"https:\/\/api.w.org\/{rel}","templated":true}]}}