{"id":5939,"date":"2021-08-20T14:54:44","date_gmt":"2021-08-20T14:54:44","guid":{"rendered":"https:\/\/chargingshop.eu\/product\/stacja-szybkiego-ladowania-evacec-qc45\/"},"modified":"2021-09-01T06:03:15","modified_gmt":"2021-09-01T06:03:15","slug":"stacja-szybkiego-ladowania-evacec-qc45","status":"publish","type":"product","link":"https:\/\/chargingshop.eu\/pl\/produkt\/stacja-szybkiego-ladowania-evacec-qc45\/","title":{"rendered":"Stacja szybkiego \u0142adowania EVACEC QC45"},"content":{"rendered":"<div class=\"fusion-text fusion-text-1\">\n<h2 class=\"eshop-detail-title cf\"><span class=\"product-title\"><span class=\"product-title-content\">Efacec\u00a0<\/span><\/span>QC45 to najlepsze \u0142adowanie stacja, kompatybilna ze wszystkimi markami pojazd\u00f3w elektrycznych<\/h2>\n<\/div>\n<p>Stacja szybkiego \u0142adowania QC45 zapewnia szybkie \u0142adowanie akumulatora i obs\u0142uguje jednoczesne \u0142adowanie 2 EV AC i DC z wieloma opcjami mocy wyj\u015bciowej. Wszystkie po\u0142\u0105czone wyj\u015bcia s\u0105 umieszczone w jednej szafce, co zapewnia bezpieczne i \u0142atwe \u0142adowanie wszystkich odpowiednich samochod\u00f3w elektrycznych.<\/p>\n<p>Z\u0142\u0105cza \u0142adowania zgodne z CHAdeMO, CCS i AC Type-2 szybkiej \u0142adowarki mog\u0105 zapewni\u0107 do 50 kW mocy \u0142adowania. Z\u0142\u0105cze \u0142adowania AC nie wymaga sta\u0142ego przewodu i mo\u017ce \u0142adowa\u0107 do 22 kW. QC45 zosta\u0142 zaprojektowany, aby zapewni\u0107 Twojemu pojazdowi elektrycznemu maksymalne \u0142adowanie przy minimalnym sp\u0119dzonym czasie.<\/p>\n<h3><strong>Funkcje stacji szybkiego \u0142adowania QC45<\/strong><\/h3>\n<ul>\n<li>Szybkie \u0142adowanie do 80% w mniej ni\u017c 30 minut<\/li>\n<li>Jednoczesne \u0142adowanie AC i DC<\/li>\n<li>Wiele standard\u00f3w (zgodny z CHAdeMO, CCS i AC Type-2)<\/li>\n<li>Wysoka wydajno\u015b\u0107 &gt; 93%<\/li>\n<li>Wysoki wsp\u00f3\u0142czynnik mocy 0,98<\/li>\n<li>Wbudowana komunikacja (3G; LAN; Wi-Fi)<\/li>\n<li>Moc DC do 50 kW<\/li>\n<li>Moc AC do 43 kVA<\/li>\n<li>Wysoka niezawodno\u015b\u0107<\/li>\n<li>\u0141atwa wtyczka &amp; Odtw\u00f3rz instalacj\u0119<\/li>\n<\/ul>\n<h4><strong>Szybkie \u0142adowanie:<\/strong><\/h4>\n<p>Ka\u017cde urz\u0105dzenie, kt\u00f3re mo\u017ce \u0142adowa\u0107 si\u0119 od zera do 80 procent w czasie kr\u00f3tszym ni\u017c 30 minut, mo\u017ce by\u0107 strategicznie umieszczone w ramach sieci infrastruktury szybkiego \u0142adowania. Nasze produkty tworzone s\u0105 z my\u015bl\u0105 o solidnej produkcji, trwa\u0142o\u015bci i bezpiecze\u0144stwie. Podstawowe linie i kszta\u0142t \u0142adowarki pozwalaj\u0105 jej dopasowa\u0107 si\u0119 do otoczenia i scenerii, a konstrukcja ma dawa\u0107 klientom pewno\u015b\u0107, \u017ce \u0142adowanie samochodu jest zar\u00f3wno proste, jak i bezpieczne.<\/p>\n<h4><strong>Integracja sieciowa<\/strong><\/h4>\n<p>QC45 to elastyczna i otwarta stacja \u0142adowania, kt\u00f3ra mo\u017ce \u0142adowa\u0107 si\u0119 w trybie autonomicznym lub by\u0107 zintegrowana z dowoln\u0105 sieci\u0105 z dowolnym systemem centralnym.<\/p>\n<h4><strong>Dostosowanie i amp; Obudowa<\/strong><\/h4>\n<p>QC45 posiada wysokiej jako\u015bci i trwa\u0142\u0105 pow\u0142ok\u0119 z ochron\u0105 antykorozyjn\u0105 por\u00f3wnywaln\u0105 ze stal\u0105 nierdzewn\u0105, zapewniaj\u0105c\u0105 d\u0142ug\u0105 \u017cywotno\u015b\u0107 sprz\u0119tu. Aby dopasowa\u0107 og\u00f3lny wygl\u0105d swojej marki, mo\u017cesz dostosowa\u0107 j\u0105 za pomoc\u0105 niestandardowych obraz\u00f3w, logo i kolor\u00f3w.<\/p>\n<h4><strong>\u0141atwy w instalacji<\/strong><\/h4>\n<p>Ta szybka \u0142adowarka QC45 o du\u017cej mocy jest dost\u0119pna w r\u00f3\u017cnych kolorach. Jest prosty w instalacji i \u0142atwy w u\u017cyciu. Jednostki s\u0105 testowane i weryfikowane ze wszystkimi kompatybilnymi samochodami elektrycznymi. Szybka \u0142adowarka QC45 oferuje moc wyj\u015bciow\u0105 do 50 kW DC i 43 kW AC.<\/p>\n<h4><strong>Dost\u0119pne oprogramowanie<\/strong><\/h4>\n<p>QC45 jest kompatybilny z systemami oprogramowania Charge Lab, EV Connect i Greenlots do komercyjnych \u0142adowarek pojazd\u00f3w elektrycznych. Dzi\u0119ki tym pakietom oprogramowania mo\u017cliwe jest rozliczanie klient\u00f3w, zarz\u0105dzanie flot\u0105, monitorowanie \u0142adowarek, a nawet aplikacje na iPhone&#8217;a i Androida umo\u017cliwiaj\u0105ce klientom lokalizowanie \u0142adowarek.<\/p>\n<p>&nbsp;<\/p>\n","protected":false},"excerpt":{"rendered":"<p>Efacec wprowadzi\u0142 now\u0105 stacj\u0119 \u0142aduj\u0105c\u0105, kt\u00f3ra \u0142aduje wszystkie pojazdy elektryczne w trybie autonomicznym przy minimalnym czasie sp\u0119dzonym. Jego konstrukcja jest wyj\u0105tkowa i \u0142aduje si\u0119 z najlepszym wsp\u00f3\u0142czynnikiem mocy.<\/p>\n<ul>\n<li>Szybkie \u0142adowanie do 80%<\/li>\n<li>Wysoka wydajno\u015b\u0107 >93%<\/li>\n<li>Wysoki wsp\u00f3\u0142czynnik mocy 0,98<\/li>\n<li>Wysoka niezawodno\u015b\u0107<\/li>\n<li>Moc DC do 50 KW<\/li>\n<li>Zasilanie pr\u0105dem przemiennym do 43Kva<\/li>\n<li>\u0141atwy w instalacji<\/li>\n<li>Ochrona przed korozj\u0105<\/li>\n<\/ul>\n<p>~2\u20133 miesi\u0105ce czasu realizacji.<\/p>\n","protected":false},"featured_media":5854,"comment_status":"open","ping_status":"closed","template":"","meta":[],"product_brand":[],"product_cat":[349],"product_tag":[752,751,750,753],"class_list":{"0":"post-5939","1":"product","2":"type-product","3":"status-publish","4":"has-post-thumbnail","6":"product_cat-ladowarki-dc","7":"product_tag-efacec-qc45-price-pl","8":"product_tag-qc45-fast-charger-pl","9":"product_tag-qc45-quick-charging-station-pl","10":"product_tag-szybka-ladowarka-50kw","11":"pa_brand-efacec-pl","13":"first","14":"instock","15":"taxable","16":"shipping-taxable","17":"purchasable","18":"product-type-simple"},"_links":{"self":[{"href":"https:\/\/chargingshop.eu\/pl\/wp-json\/wp\/v2\/product\/5939","targetHints":{"allow":["GET"]}}],"collection":[{"href":"https:\/\/chargingshop.eu\/pl\/wp-json\/wp\/v2\/product"}],"about":[{"href":"https:\/\/chargingshop.eu\/pl\/wp-json\/wp\/v2\/types\/product"}],"replies":[{"embeddable":true,"href":"https:\/\/chargingshop.eu\/pl\/wp-json\/wp\/v2\/comments?post=5939"}],"wp:featuredmedia":[{"embeddable":true,"href":"https:\/\/chargingshop.eu\/pl\/wp-json\/wp\/v2\/media\/5854"}],"wp:attachment":[{"href":"https:\/\/chargingshop.eu\/pl\/wp-json\/wp\/v2\/media?parent=5939"}],"wp:term":[{"taxonomy":"product_brand","embeddable":true,"href":"https:\/\/chargingshop.eu\/pl\/wp-json\/wp\/v2\/product_brand?post=5939"},{"taxonomy":"product_cat","embeddable":true,"href":"https:\/\/chargingshop.eu\/pl\/wp-json\/wp\/v2\/product_cat?post=5939"},{"taxonomy":"product_tag","embeddable":true,"href":"https:\/\/chargingshop.eu\/pl\/wp-json\/wp\/v2\/product_tag?post=5939"}],"curies":[{"name":"wp","href":"https:\/\/api.w.org\/{rel}","templated":true}]}}