{"id":5928,"date":"2021-08-25T14:08:34","date_gmt":"2021-08-25T14:08:34","guid":{"rendered":"https:\/\/chargingshop.eu\/product\/efacec-qc24s-quick-charger\/"},"modified":"2021-08-25T14:08:34","modified_gmt":"2021-08-25T14:08:34","slug":"efacec-qc24s-quick-charger","status":"publish","type":"product","link":"https:\/\/chargingshop.eu\/pl\/produkt\/efacec-qc24s-quick-charger\/","title":{"rendered":"Szybka \u0142adowarka Efacec QC24S"},"content":{"rendered":"<p>Szybka \u0142adowarka Efacec QC24S to nowa kompaktowa szybka \u0142adowarka z jednym gniazdkiem, kt\u00f3ra na\u0142aduje Tw\u00f3j samoch\u00f3d elektryczny do 80% w ci\u0105gu godziny. Konstrukcja zgodna ze wszystkimi standardowymi protoko\u0142ami i interfejsami \u0142adowania. Jego lekka konstrukcja jest \u0142atwa do zamontowania na \u015bcianie, gdzie liczy si\u0119 przestrze\u0144. QC24S to stacja szybkiego \u0142adowania, kt\u00f3ra mo\u017ce \u0142adowa\u0107 wszystkie pojazdy elektryczne zgodne z CCS. Dost\u0119pne s\u0105 r\u00f3\u017cne opcje wyj\u015bciowe, takie jak podstawowe pojedyncze wyj\u015bcie DC o mocy 24 KW ze z\u0142\u0105czem CCS lub CHadeMO na przewodzie na uwi\u0119zi, przetestowane i akredytowane we wszystkich kompatybilnych pojazdach.<\/p>\n<h2><strong>G\u0142\u00f3wne cechy i zalety \u0142adowarki Efacec QC24S<\/strong><\/h2>\n<ul>\n<li>Na\u0142aduj samoch\u00f3d elektryczny w ci\u0105gu 1 godziny Wysoka wydajno\u015b\u0107 &gt; 94%<\/li>\n<li>Wiele aplikacji i \u0142atwa konserwacja<\/li>\n<li>Moc DC do 24 kW<\/li>\n<li>Przyjazny dla u\u017cytkownika interfejs z opcjonalnym kolorowym wy\u015bwietlaczem<\/li>\n<li>Uchwyt na kabel w kolorze diody LED stanu<\/li>\n<li>Wysoki wsp\u00f3\u0142czynnik mocy 0,99<\/li>\n<li>Lokalne i zdalne sterowanie monitorowaniem<\/li>\n<li>Integracja niezale\u017cna lub sieciowa<\/li>\n<li>Opcjonalna wbudowana komunikacja (3G; LAN; Wi-Fi)<\/li>\n<li>Dost\u0119pne s\u0105 spersonalizowane i brandingowe<\/li>\n<\/ul>\n<h3><strong>\u00a0Funkcje szybkiej \u0142adowarki QC24S obejmuj\u0105:<\/strong><\/h3>\n<h4><strong>Szybkie \u0142adowanie:<\/strong><\/h4>\n<p>Ka\u017cde urz\u0105dzenie, kt\u00f3re mo\u017ce \u0142adowa\u0107 od zera do 80 w ci\u0105gu 60 minut, mo\u017ce by\u0107 strategicznie umieszczone w ramach sieci infrastruktury szybkiego \u0142adowania. Kosztuje montowany na \u015bcianie, gdy przestrze\u0144 jest problemem.<\/p>\n<h4><strong>Dostosowanie i amp; Obudowa<\/strong><\/h4>\n<p>QC24S posiada wysokiej jako\u015bci i trwa\u0142\u0105 pow\u0142ok\u0119 z ochron\u0105 antykorozyjn\u0105 por\u00f3wnywaln\u0105 ze stal\u0105 nierdzewn\u0105, zapewniaj\u0105c\u0105 d\u0142ug\u0105 \u017cywotno\u015b\u0107 sprz\u0119tu. Spersonalizuj go za pomoc\u0105 niestandardowej grafiki, logo i kolor\u00f3w, aby uzyska\u0107 og\u00f3lny wygl\u0105d Twojej marki.<\/p>\n<h4><strong>\u0141atwy w instalacji<\/strong><\/h4>\n<p>Ta wielo\u017cy\u0142owa \u0142adowarka QC24S o du\u017cej mocy to szybka \u0142adowarka z wbudowan\u0105 komunikacj\u0105 3G i LAN, dost\u0119pna w r\u00f3\u017cnych kolorach. Jest prosty w instalacji i pod\u0142\u0105czony do istniej\u0105cej sieci infrastruktury \u0142adowania.<\/p>\n<h4><strong>Dost\u0119pne oprogramowanie<\/strong><\/h4>\n<p>Podstawowym systemem CPMS jest kompleksowa platforma do zarz\u0105dzania \u0142adowaniem pojazd\u00f3w elektrycznych. Sk\u0142ada si\u0119 z zestawu unikalnych i pot\u0119\u017cnych narz\u0119dzi programowych, kt\u00f3re skutecznie odpowiadaj\u0105 na potrzeby ekosystemu rynku pojazd\u00f3w elektrycznych typu plug-in.<\/p>\n<h5><strong>\u00a0 \u00a0 APLIKACJE:<\/strong><\/h5>\n<ul>\n<li>Floty Car-Share, Taxi i Rent-a-Car<\/li>\n<li>Sprzedawcy i dostawcy us\u0142ug elektrycznych<\/li>\n<li>Parkingi dla pracownik\u00f3w<\/li>\n<li>Floty pojazd\u00f3w elektrycznych (prywatne i publiczne)<\/li>\n<li>Centra handlowe<\/li>\n<li>Prywatna infrastruktura i operator EV<\/li>\n<\/ul>\n","protected":false},"excerpt":{"rendered":"<p class=\"fusion-responsive-typography-calculated\" data-fontsize=\"24\" data-lineheight=\"36px\">Ekonomiczna i szybka stacja \u0142adowania. \u0141aduj dowolny typ pojazdu elektrycznego z szybko\u015bci\u0105 24 kW na godzin\u0119.<\/p>\n<ul>\n<li>Monta\u017c na \u015bcianie<\/li>\n<li>Wysoka wydajno\u015b\u0107 &gt; 94%<\/li>\n<li>Moc DC do 24 kW<\/li>\n<li>Przyjazny interfejs u\u017cytkownika<\/li>\n<li>Wbudowana komunikacja (3G; LAN; Wi-Fi)<\/li>\n<li>Wysoki wsp\u00f3\u0142czynnik mocy 0,99<\/li>\n<\/ul>\n","protected":false},"featured_media":5882,"comment_status":"open","ping_status":"closed","template":"","meta":[],"product_brand":[],"product_cat":[349],"product_tag":[],"class_list":{"0":"post-5928","1":"product","2":"type-product","3":"status-publish","4":"has-post-thumbnail","6":"product_cat-ladowarki-dc","7":"pa_brand-efacec-pl","9":"first","10":"instock","11":"sale","12":"taxable","13":"shipping-taxable","14":"purchasable","15":"product-type-simple"},"_links":{"self":[{"href":"https:\/\/chargingshop.eu\/pl\/wp-json\/wp\/v2\/product\/5928","targetHints":{"allow":["GET"]}}],"collection":[{"href":"https:\/\/chargingshop.eu\/pl\/wp-json\/wp\/v2\/product"}],"about":[{"href":"https:\/\/chargingshop.eu\/pl\/wp-json\/wp\/v2\/types\/product"}],"replies":[{"embeddable":true,"href":"https:\/\/chargingshop.eu\/pl\/wp-json\/wp\/v2\/comments?post=5928"}],"wp:featuredmedia":[{"embeddable":true,"href":"https:\/\/chargingshop.eu\/pl\/wp-json\/wp\/v2\/media\/5882"}],"wp:attachment":[{"href":"https:\/\/chargingshop.eu\/pl\/wp-json\/wp\/v2\/media?parent=5928"}],"wp:term":[{"taxonomy":"product_brand","embeddable":true,"href":"https:\/\/chargingshop.eu\/pl\/wp-json\/wp\/v2\/product_brand?post=5928"},{"taxonomy":"product_cat","embeddable":true,"href":"https:\/\/chargingshop.eu\/pl\/wp-json\/wp\/v2\/product_cat?post=5928"},{"taxonomy":"product_tag","embeddable":true,"href":"https:\/\/chargingshop.eu\/pl\/wp-json\/wp\/v2\/product_tag?post=5928"}],"curies":[{"name":"wp","href":"https:\/\/api.w.org\/{rel}","templated":true}]}}