{"id":5841,"date":"2021-08-19T11:35:24","date_gmt":"2021-08-19T11:35:26","guid":{"rendered":"https:\/\/chargingshop.eu\/?post_type=product&#038;p=5841"},"modified":"2021-08-19T12:25:46","modified_gmt":"2021-08-19T12:25:46","slug":"abb-terra-ac-wyswietlacz-22-kw-gniazdo-typu-2-rfid-mid-wi-fi-copy","status":"publish","type":"product","link":"https:\/\/chargingshop.eu\/pl\/produkt\/abb-terra-ac-wyswietlacz-22-kw-gniazdo-typu-2-rfid-mid-wi-fi-copy\/","title":{"rendered":"ABB Terra AC wy\u015bwietlacz &#8211; 22 kW, gniazdo typu 2, RFID, MID, Wi-Fi"},"content":{"rendered":"<div class=\"video video-fit mb\" style=\"padding-top:56.25%;\"><p><iframe title=\"Terra AC wallbox -  High value quality\" width=\"1020\" height=\"574\" src=\"https:\/\/www.youtube.com\/embed\/ZapL_pinxY0?start=24&#038;feature=oembed\" frameborder=\"0\" allow=\"accelerometer; autoplay; clipboard-write; encrypted-media; gyroscope; picture-in-picture\" allowfullscreen><\/iframe><\/p>\n<\/div>\n<p><strong>ABB Terra AC wy\u015bwietlacz &#8211; 22 kW, gniazdo typu 2, RFID, MID, Wi-Fi<\/strong><\/p>\n<div><strong>Wysoka jako\u015b\u0107<\/strong><\/div>\n<div>\u00a0<\/div>\n<p>\u2022 Jedna z najta\u0144szych \u0142adowarek na rynku \u2022 Szeroka gama opcji po\u0142\u0105cze\u0144 \u2022 Konstrukcja oszcz\u0119dzaj\u0105ca miejsce i \u0142atwa w instalacji \u00a0<\/p>\n<div>\u00a0<\/div>\n<div>\u00a0<\/div>\n<div><strong>Bezpiecze\u0144stwo i ochrona<\/strong><\/div>\n<div>\u00a0<\/div>\n<p>\u2022 Ocenione i przetestowane przez niezale\u017cn\u0105 stron\u0119 trzeci\u0105 w celu spe\u0142nienia najwy\u017cszych standard\u00f3w \u2022 Zabezpieczenie ograniczaj\u0105ce pr\u0105d zapobiega przypadkowemu wyzwoleniu i przet\u0119\u017ceniu w instalacji \u2022 Zintegrowane zabezpieczenia, w tym zwarcie doziemne DC i przepi\u0119cie \u00a0 <img decoding=\"async\" class=\"alignleft wp-image-3224\" src=\"https:\/\/chargingshop.eu\/wp-content\/uploads\/2020\/07\/ABB-Terra-AC-dynamic-load-management-307x400.png\" alt=\"ABB Terra AC dynamic load management\" width=\"470\" height=\"612\" srcset=\"https:\/\/chargingshop.eu\/wp-content\/uploads\/2020\/07\/ABB-Terra-AC-dynamic-load-management-307x400.png 307w, https:\/\/chargingshop.eu\/wp-content\/uploads\/2020\/07\/ABB-Terra-AC-dynamic-load-management.png 422w\" sizes=\"(max-width: 470px) 100vw, 470px\" \/><\/p>\n<div><strong>Zarz\u0105dzanie obci\u0105\u017ceniem<\/strong><\/div>\n<div>\u00a0<\/div>\n<p>\u2022 Wbudowany licznik energii \u2022 R\u0119czne lub automatyczne (dynamiczne) zarz\u0105dzanie obci\u0105\u017ceniem \u2022 Konfiguracja do integracji zewn\u0119trznych licznik\u00f3w energii w celu dynamicznego zarz\u0105dzania obci\u0105\u017ceniem \u2022 Gotowy do integracji z zaawansowanym systemem energetycznym inteligentnego budynku<\/p>\n<div>\u00a0<\/div>\n<div><strong>Elastyczno\u015b\u0107 na przysz\u0142o\u015b\u0107<\/strong><\/div>\n<div>\u00a0<\/div>\n<p>\u2022 Inteligentna funkcjonalno\u015b\u0107 dla zoptymalizowanego \u0142adowania \u2022 Integracja licznika energii w celu dynamicznego zarz\u0105dzania obci\u0105\u017ceniem \u2022 Dedykowana aplikacja do sterowania i konfiguracji \u2022 Zdalna aktualizacja oprogramowania w\u0142\u0105czona<\/p>\n<div>\u00a0 \u00a0<\/div>\n<p>&nbsp;<\/p>\n<div>\u00a0 \u00a0 <strong>Prezentacja wszystkich funkcji Smart:<\/strong> <a href=\"https:\/\/chargingshop.eu\/wp-content\/uploads\/2020\/12\/chargersync-APP.pdf\">Chargersync APP<\/a> \u00a0 <strong>Planowanie op\u0142at \u201ePeak shaving\u201d<\/strong> \u2022 Ustaw przedzia\u0142y czasowe (harmonogram) \u0142adowania, aby unikn\u0105\u0107 szczytowych cen energii elektrycznej, np. taryfa wieczorna \u2022 Mo\u017cliwo\u015b\u0107 zaoszcz\u0119dzenia 100-300 EUR rocznie * na rachunku za pr\u0105d (zgodnie z lokalnymi cenami energii elektrycznej) \u00a0<\/div>\n<p><strong>Aplikacja u\u017cytkownika ChargeSync do kontroli, statusu i konfiguracji Terra AC<\/strong> Konfiguracja stacji: <div class=\"video video-fit mb\" style=\"padding-top:56.25%;\"><p><iframe title=\"ABB Terra AC station setup\" width=\"1020\" height=\"574\" src=\"https:\/\/www.youtube.com\/embed\/9tBaVWj7mHI?feature=oembed\" frameborder=\"0\" allow=\"accelerometer; autoplay; clipboard-write; encrypted-media; gyroscope; picture-in-picture\" allowfullscreen><\/iframe><\/p>\n<\/div> Stan \u0142adowania: <div class=\"video video-fit mb\" style=\"padding-top:56.25%;\"><p><iframe title=\"ABB Terra AC APP charging process\" width=\"1020\" height=\"574\" src=\"https:\/\/www.youtube.com\/embed\/ZDbrLx06yh0?feature=oembed\" frameborder=\"0\" allow=\"accelerometer; autoplay; clipboard-write; encrypted-media; gyroscope; picture-in-picture\" allowfullscreen><\/iframe><\/p>\n<\/div> \u00a0 \u00a0<\/p>\n<p><strong>ABB Terra AC wy\u015bwietlacz 22 kW model &#8211; TAC-W22-T-RD-MC-0 \/ 6AGC081281) funkcjonalno\u015bci:<\/strong><\/p>\n<p>-Type<\/p>\n<p>&#8211; Wallbox with socket<\/p>\n<p>-Power 22kW<\/p>\n<p>-Three-phase<\/p>\n<p>-Max current 32A<\/p>\n<p>-Type 2 &#8211; Display<\/p>\n<p>-MID certified energy meter<\/p>\n<p>-Ethernet (RJ45)<\/p>\n<p>-Wifi \/LAN \/ 4G<\/p>\n<p>-OCPP 1.6<\/p>\n<p>-Bluetooth<\/p>\n<p>-Modbus RTU (RS485)<\/p>\n<p><em>Terra AC product Brochure:<\/em> <a href=\"https:\/\/chargingshop.eu\/pl\/?attachment_id=2067\" target=\"_blank\" rel=\"attachment noopener wp-att-2067 noreferrer\">ABB_Terra_AC_wallbox_Brochure_A4<\/a> \u00a0 * operatorzy sieci elektrycznych zwykle pobieraj\u0105 25-40% premii za energi\u0119 elektryczn\u0105 zu\u017cywan\u0105 w godzinach wieczornych 18-22. Jest to uzale\u017cnione od umowy z dostawc\u0105. W niekt\u00f3rych krajach nie ma taryfy wieczornej \/ nocnej. UWAGA &#8211; dla modeli Terra AC z wy\u015bwietlaczem DWA TYGODNIE czas dostawy<\/p>\n","protected":false},"excerpt":{"rendered":"<div>Wyj\u0105tkowa jako\u015b\u0107 od \u015bwiatowego lidera &#8211; ABB. Inteligentna i przysz\u0142o\u015bciowa stacja w cenie zwyk\u0142ej.<\/div>\n<div><\/div>\n<ul>\n<li>Status i sterowanie za pomoc\u0105 aplikacji<\/li>\n<li>Wy\u015bwietlacz, RFID, miernik MID<\/li>\n<li>Pe\u0142na ochrona: przet\u0119\u017cenie, przepi\u0119cie, podnapi\u0119cie, zwarcie doziemne, zintegrowana ochrona odgromowa<\/li>\n<li>Planowanie op\u0142at \u201ePeak shaving\u201d<\/li>\n<li>R\u00f3wnowa\u017cenie obci\u0105\u017cenia<\/li>\n<li>Mo\u017cliwo\u015b\u0107 \u0142adowania tylko energii fotowoltaicznej z lokalnego falownika<\/li>\n<li>i wiele wi\u0119cej<\/li>\n<\/ul>\n","protected":false},"featured_media":3496,"comment_status":"open","ping_status":"closed","template":"","meta":[],"product_brand":[],"product_cat":[348],"product_tag":[],"class_list":{"0":"post-5841","1":"product","2":"type-product","3":"status-publish","4":"has-post-thumbnail","6":"product_cat-ladowarki-wallbox","7":"pa_brand-abb-pl","9":"first","10":"instock","11":"sale","12":"taxable","13":"shipping-taxable","14":"purchasable","15":"product-type-simple"},"_links":{"self":[{"href":"https:\/\/chargingshop.eu\/pl\/wp-json\/wp\/v2\/product\/5841","targetHints":{"allow":["GET"]}}],"collection":[{"href":"https:\/\/chargingshop.eu\/pl\/wp-json\/wp\/v2\/product"}],"about":[{"href":"https:\/\/chargingshop.eu\/pl\/wp-json\/wp\/v2\/types\/product"}],"replies":[{"embeddable":true,"href":"https:\/\/chargingshop.eu\/pl\/wp-json\/wp\/v2\/comments?post=5841"}],"wp:featuredmedia":[{"embeddable":true,"href":"https:\/\/chargingshop.eu\/pl\/wp-json\/wp\/v2\/media\/3496"}],"wp:attachment":[{"href":"https:\/\/chargingshop.eu\/pl\/wp-json\/wp\/v2\/media?parent=5841"}],"wp:term":[{"taxonomy":"product_brand","embeddable":true,"href":"https:\/\/chargingshop.eu\/pl\/wp-json\/wp\/v2\/product_brand?post=5841"},{"taxonomy":"product_cat","embeddable":true,"href":"https:\/\/chargingshop.eu\/pl\/wp-json\/wp\/v2\/product_cat?post=5841"},{"taxonomy":"product_tag","embeddable":true,"href":"https:\/\/chargingshop.eu\/pl\/wp-json\/wp\/v2\/product_tag?post=5841"}],"curies":[{"name":"wp","href":"https:\/\/api.w.org\/{rel}","templated":true}]}}